{"id":148844,"date":"2021-01-15T10:58:19","date_gmt":"2021-01-15T10:58:19","guid":{"rendered":"https:\/\/codengine3.ch\/?product=import-placeholder-for-205679"},"modified":"2021-01-15T14:43:06","modified_gmt":"2021-01-15T14:43:06","slug":"mourir-pour-leverest-dying-for-everest-dvd","status":"publish","type":"product","link":"https:\/\/pizbube.ch\/en\/shop\/mourir-pour-leverest-dying-for-everest-dvd\/","title":{"rendered":"Mourir pour l&#8217;Everest &#8211; Dying For Everest DVD"},"content":{"rendered":"<p>On 15 May, 2006, double amputee Mark Inglis reached the summit of Mt Everest.<br \/>\nIt was a remarkable achievement and Inglis was feted by press and public<br \/>\nalike. But only a few days later he was plunged into a storm of controversy<br \/>\nwhen it was learned that he had passed an incapacitated climber, Englishman<br \/>\nDavid Sharp, leaving him to a lonely end high in the Death Zone.  <\/p>\n<p>Mark Inglis, n\u00e9o-z\u00e9landais, amput\u00e9 des deux jambes \u00e0 la suite d&#8217;une exp\u00e9dition<br \/>\nen montagne, d\u00e9cide en 2006 de tenter l&#8217;ascension de l&#8217;Everest \u00e9quip\u00e9 de deux<br \/>\nproth\u00e8ses.<br \/>\nAlors qu&#8217;ils arrivent en pleine nuit dans la &#8218;zone de la mort&#8216;, \u00e0 8500 m\u00e8tres<br \/>\nd&#8217;altitude, lui et ses compagnons d\u00e9couvrent un homme, assis dans un creux<br \/>\nrocheux. Son corps est \u00e0 moiti\u00e9 gel\u00e9, mais il respire encore. Il s&#8217;agit de<br \/>\nDavid Sharp, un jeune alpiniste britannique. Estimant qu&#8217;ils ne peuvent rien<br \/>\nfaire pour le sauver, ils d\u00e9cident de poursuivre leur ascension vers le plus<br \/>\nhaut sommet du monde&#8230;<br \/>\nA leur retour, Sir Edmond Hillary et les m\u00e9dias critiquent tr\u00e8s durement cette<br \/>\nattitude. Mais que s&#8217;est-il r\u00e9ellement pass\u00e9 sur l&#8217;Everest?<br \/>\nLe film choc de Richard Dennison permet de reconstituer pr\u00e9cis\u00e9ment le drame<br \/>\net de poser cr\u00fbment la question des exp\u00e9ditions commerciales \u00e0 l&#8217;Everest.  <\/p>\n<p>52 minutes + making of : 28 minutes<br \/>\nEn version Originale Anglaise avec Sous-Titrage Fran\u00e7ais.  <\/p>","protected":false},"excerpt":{"rendered":"<p>On 15 May, 2006, double amputee Mark Inglis reached the summit of Mt Everest. It was a remarkable achievement and Inglis was feted by press and public alike. But only a few days later he was plunged into a storm of controversy when it was learned that he had passed an incapacitated climber, Englishman David [&#8230;]\n","protected":false},"featured_media":34482,"template":"","meta":[],"product_brand":[],"product_cat":[21628],"product_tag":[],"class_list":{"0":"post-148844","1":"product","2":"type-product","3":"status-publish","4":"has-post-thumbnail","6":"product_cat-video-dvd-multimedia","7":"pa_autor-dennison","8":"pa_erscheinungsjahr-21693","9":"pa_region-asien","10":"pa_sprache-e","11":"pa_sprache-f","13":"first","14":"instock","15":"taxable","16":"shipping-taxable","17":"purchasable","18":"product-type-simple"},"_links":{"self":[{"href":"https:\/\/pizbube.ch\/en\/wp-json\/wp\/v2\/product\/148844","targetHints":{"allow":["GET"]}}],"collection":[{"href":"https:\/\/pizbube.ch\/en\/wp-json\/wp\/v2\/product"}],"about":[{"href":"https:\/\/pizbube.ch\/en\/wp-json\/wp\/v2\/types\/product"}],"wp:featuredmedia":[{"embeddable":true,"href":"https:\/\/pizbube.ch\/en\/wp-json\/wp\/v2\/media\/34482"}],"wp:attachment":[{"href":"https:\/\/pizbube.ch\/en\/wp-json\/wp\/v2\/media?parent=148844"}],"wp:term":[{"taxonomy":"product_brand","embeddable":true,"href":"https:\/\/pizbube.ch\/en\/wp-json\/wp\/v2\/product_brand?post=148844"},{"taxonomy":"product_cat","embeddable":true,"href":"https:\/\/pizbube.ch\/en\/wp-json\/wp\/v2\/product_cat?post=148844"},{"taxonomy":"product_tag","embeddable":true,"href":"https:\/\/pizbube.ch\/en\/wp-json\/wp\/v2\/product_tag?post=148844"}],"curies":[{"name":"wp","href":"https:\/\/api.w.org\/{rel}","templated":true}]}}