{"id":148845,"date":"2021-01-15T10:58:19","date_gmt":"2021-01-15T10:58:19","guid":{"rendered":"https:\/\/codengine3.ch\/?product=import-placeholder-for-203771"},"modified":"2021-01-15T14:26:25","modified_gmt":"2021-01-15T14:26:25","slug":"marco-etoile-filante-dvd","status":"publish","type":"product","link":"https:\/\/pizbube.ch\/en\/shop\/marco-etoile-filante-dvd\/","title":{"rendered":"Marco \u00e9toile filante DVD"},"content":{"rendered":"<p>8 septembre 2002, altitude 8848 m\u00e8tres, oxyg\u00e8ne rare, la t\u00eate fr\u00f4lant d\u00e9j\u00e0 le<br \/>\nciel et le snowboard chauss\u00e9, Marco Siffredi 23 ans, s\u00b9\u00e9lance du sommet de<br \/>\nl\u00b9\u00c9verest dans le couloir Horbein et ses pentes \u00e0 50 degr\u00e9s.  <\/p>\n<p>Un an plus t\u00f4t, il r\u00e9alisait d\u00e9j\u00e0 la premi\u00e8re descente de la montagne en<br \/>\nsnowboard. Mais il reste un autre couloir plus direct.<br \/>\nD\u00e8s lors, Marco encha\u00eene un nombre vertigineux de descentes et de premi\u00e8res et<br \/>\nfait de l\u00b9\u00e9tendue blanche glac\u00e9e en pentes raides, son aire de pr\u00e9dilection.<\/p>\n<p>Dans un pur style m\u00ealant l\u00b9extr\u00eame et l\u00b9ivresse jubilatoire, Marco hors norme,<br \/>\nimpose son ride entre glisse et alpinisme. DVD, 90 minutes<\/p>","protected":false},"excerpt":{"rendered":"<p>8 septembre 2002, altitude 8848 m\u00e8tres, oxyg\u00e8ne rare, la t\u00eate fr\u00f4lant d\u00e9j\u00e0 le ciel et le snowboard chauss\u00e9, Marco Siffredi 23 ans, s\u00b9\u00e9lance du sommet de l\u00b9\u00c9verest dans le couloir Horbein et ses pentes \u00e0 50 degr\u00e9s. Un an plus t\u00f4t, il r\u00e9alisait d\u00e9j\u00e0 la premi\u00e8re descente de la montagne en snowboard. Mais il reste [&#8230;]\n","protected":false},"featured_media":31448,"template":"","meta":[],"product_brand":[],"product_cat":[21628],"product_tag":[],"class_list":{"0":"post-148845","1":"product","2":"type-product","3":"status-publish","4":"has-post-thumbnail","6":"product_cat-video-dvd-multimedia","7":"pa_autor-delapierre","8":"pa_erscheinungsjahr-21776","9":"pa_region-frankreich","10":"pa_sprache-fr","12":"first","13":"outofstock","14":"taxable","15":"shipping-taxable","16":"purchasable","17":"product-type-simple"},"_links":{"self":[{"href":"https:\/\/pizbube.ch\/en\/wp-json\/wp\/v2\/product\/148845","targetHints":{"allow":["GET"]}}],"collection":[{"href":"https:\/\/pizbube.ch\/en\/wp-json\/wp\/v2\/product"}],"about":[{"href":"https:\/\/pizbube.ch\/en\/wp-json\/wp\/v2\/types\/product"}],"wp:featuredmedia":[{"embeddable":true,"href":"https:\/\/pizbube.ch\/en\/wp-json\/wp\/v2\/media\/31448"}],"wp:attachment":[{"href":"https:\/\/pizbube.ch\/en\/wp-json\/wp\/v2\/media?parent=148845"}],"wp:term":[{"taxonomy":"product_brand","embeddable":true,"href":"https:\/\/pizbube.ch\/en\/wp-json\/wp\/v2\/product_brand?post=148845"},{"taxonomy":"product_cat","embeddable":true,"href":"https:\/\/pizbube.ch\/en\/wp-json\/wp\/v2\/product_cat?post=148845"},{"taxonomy":"product_tag","embeddable":true,"href":"https:\/\/pizbube.ch\/en\/wp-json\/wp\/v2\/product_tag?post=148845"}],"curies":[{"name":"wp","href":"https:\/\/api.w.org\/{rel}","templated":true}]}}