{"id":148847,"date":"2021-01-15T10:58:19","date_gmt":"2021-01-15T10:58:19","guid":{"rendered":"https:\/\/codengine3.ch\/?product=import-placeholder-for-206806"},"modified":"2021-01-15T14:52:11","modified_gmt":"2021-01-15T14:52:11","slug":"everest-dvd","status":"publish","type":"product","link":"https:\/\/pizbube.ch\/en\/shop\/everest-dvd\/","title":{"rendered":"EVEREST (DVD)"},"content":{"rendered":"<p>Ein \u00fcberw\u00e4ltigendes Drama \u00fcber die tragisch gescheiterte Everestbesteigung von<br \/>\n1996, die acht von 33 Alpinisten das Leben kostete.<\/p>\n<p>Der Mount Everest &#8211; ein Mythos und gleichzeitig eines der gr\u00f6\u00dften Abenteuer<br \/>\ndieses Planeten. F\u00fcr die Teilnehmer zweier Expeditionen ist er die<br \/>\nHerausforderung ihres Lebens. Als die beiden Gruppen der erfahrenen<br \/>\nBergsteiger Scott Fischer (Jake Gyllenhaal) und Rob Hall (Jason Clarke) die<br \/>\nGipfelerst\u00fcrmung in Angriff nehmen, ger\u00e4t diese zu einem dramatischen Kampf<br \/>\nums \u00dcberleben. Denn selbst die beste Vorbereitung und das h\u00e4rteste Training<br \/>\nist keine Garantie, wenn pl\u00f6tzlich das Leben nur noch an einem seidenen Faden<br \/>\nh\u00e4ngt.<\/p>","protected":false},"excerpt":{"rendered":"<ul>\n<li><a href=\"https:\/\/youtu.be\/leRLXKwowwA\" target=\"_blank\" rel=\"noopener\">Video: Trailer Everest<\/a><\/li>\n<\/ul>","protected":false},"featured_media":36177,"template":"","meta":[],"product_brand":[],"product_cat":[21628],"product_tag":[],"class_list":{"0":"post-148847","1":"product","2":"type-product","3":"status-publish","4":"has-post-thumbnail","6":"product_cat-video-dvd-multimedia","7":"pa_autor-kormakur","8":"pa_erscheinungsjahr-21597","9":"pa_region-asien","10":"pa_sprache-de-en-it-tuerk","12":"first","13":"instock","14":"taxable","15":"shipping-taxable","16":"purchasable","17":"product-type-simple"},"_links":{"self":[{"href":"https:\/\/pizbube.ch\/en\/wp-json\/wp\/v2\/product\/148847","targetHints":{"allow":["GET"]}}],"collection":[{"href":"https:\/\/pizbube.ch\/en\/wp-json\/wp\/v2\/product"}],"about":[{"href":"https:\/\/pizbube.ch\/en\/wp-json\/wp\/v2\/types\/product"}],"wp:featuredmedia":[{"embeddable":true,"href":"https:\/\/pizbube.ch\/en\/wp-json\/wp\/v2\/media\/36177"}],"wp:attachment":[{"href":"https:\/\/pizbube.ch\/en\/wp-json\/wp\/v2\/media?parent=148847"}],"wp:term":[{"taxonomy":"product_brand","embeddable":true,"href":"https:\/\/pizbube.ch\/en\/wp-json\/wp\/v2\/product_brand?post=148847"},{"taxonomy":"product_cat","embeddable":true,"href":"https:\/\/pizbube.ch\/en\/wp-json\/wp\/v2\/product_cat?post=148847"},{"taxonomy":"product_tag","embeddable":true,"href":"https:\/\/pizbube.ch\/en\/wp-json\/wp\/v2\/product_tag?post=148847"}],"curies":[{"name":"wp","href":"https:\/\/api.w.org\/{rel}","templated":true}]}}