{"id":148851,"date":"2021-01-15T10:58:19","date_gmt":"2021-01-15T10:58:19","guid":{"rendered":"https:\/\/codengine3.ch\/?product=import-placeholder-for-204175"},"modified":"2021-10-16T10:51:15","modified_gmt":"2021-10-16T08:51:15","slug":"escaladas-en-la-comunidad-de-madrid-y-alrededores","status":"publish","type":"product","link":"https:\/\/pizbube.ch\/en\/shop\/escaladas-en-la-comunidad-de-madrid-y-alrededores\/","title":{"rendered":"Escaladas en la Comunidad de Madrid y alrededores&#8230;"},"content":{"rendered":"<p>Te proponemos con esta nueva gu\u00eda conocer a fondo 20 escuelas de escalada<br \/>\npertenecientes a la Comunidad de Madrid y proximidades.<\/p>\n<p>277 v\u00edas cl\u00e1sicas y<br \/>\ndeportivas, de todos los niveles, trazadas con gran detalle sobre excelentes<br \/>\nfotograf\u00edas, al igual que sus aproximaciones, descensos, panor\u00e1micas<br \/>\nidentificativas de los riscos y consejos pr\u00e1cticos.<\/p>\n<p>Incluye: Galapagar, La Berzosa, La Pedriza, Navacerrada-pueblo, El Pe\u00f1otillo, Cercedilla, San Lorenzo<br \/>\nde El Escorial, El Boalo, Zarzalejo, La Cabrera, Puerto de Navacerrada,<br \/>\nBustarviejo, Valdemanco, Peguerinos, Pe\u00f1alara, Pantano de San Juan, El<br \/>\nEspinar, Navandrinal y El Hornillo.<\/p>\n<p>Topoguidebook Madrid and surroundings.<br \/>\n21 zones are described.<\/p>","protected":false},"excerpt":{"rendered":"<p>Te proponemos con esta nueva gu\u00eda conocer a fondo 20 escuelas de escalada pertenecientes a la Comunidad de Madrid y proximidades. 277 v\u00edas cl\u00e1sicas y deportivas, de todos los niveles, trazadas con gran detalle sobre excelentes fotograf\u00edas, al igual que sus aproximaciones, descensos, panor\u00e1micas identificativas de los riscos y consejos pr\u00e1cticos. Incluye: Galapagar, La Berzosa, [&#8230;]\n","protected":false},"featured_media":159259,"template":"","meta":[],"product_brand":[],"product_cat":[21539],"product_tag":[],"class_list":{"0":"post-148851","1":"product","2":"type-product","3":"status-publish","4":"has-post-thumbnail","6":"product_cat-fuehrerliteratur-sportklettern-bouldern","7":"pa_autor-nunez","8":"pa_erscheinungsjahr-21763","9":"pa_region-spanien","10":"pa_sprache-sp","12":"first","13":"outofstock","14":"taxable","15":"shipping-taxable","16":"purchasable","17":"product-type-simple"},"_links":{"self":[{"href":"https:\/\/pizbube.ch\/en\/wp-json\/wp\/v2\/product\/148851","targetHints":{"allow":["GET"]}}],"collection":[{"href":"https:\/\/pizbube.ch\/en\/wp-json\/wp\/v2\/product"}],"about":[{"href":"https:\/\/pizbube.ch\/en\/wp-json\/wp\/v2\/types\/product"}],"wp:featuredmedia":[{"embeddable":true,"href":"https:\/\/pizbube.ch\/en\/wp-json\/wp\/v2\/media\/159259"}],"wp:attachment":[{"href":"https:\/\/pizbube.ch\/en\/wp-json\/wp\/v2\/media?parent=148851"}],"wp:term":[{"taxonomy":"product_brand","embeddable":true,"href":"https:\/\/pizbube.ch\/en\/wp-json\/wp\/v2\/product_brand?post=148851"},{"taxonomy":"product_cat","embeddable":true,"href":"https:\/\/pizbube.ch\/en\/wp-json\/wp\/v2\/product_cat?post=148851"},{"taxonomy":"product_tag","embeddable":true,"href":"https:\/\/pizbube.ch\/en\/wp-json\/wp\/v2\/product_tag?post=148851"}],"curies":[{"name":"wp","href":"https:\/\/api.w.org\/{rel}","templated":true}]}}