{"id":148852,"date":"2021-01-15T10:58:19","date_gmt":"2021-01-15T10:58:19","guid":{"rendered":"https:\/\/codengine3.ch\/?product=import-placeholder-for-202495"},"modified":"2021-01-15T12:36:47","modified_gmt":"2021-01-15T12:36:47","slug":"escalada-deportiva-proxima-a-valencia","status":"publish","type":"product","link":"https:\/\/pizbube.ch\/en\/shop\/escalada-deportiva-proxima-a-valencia\/","title":{"rendered":"Escalada deportiva pr\u00f3xima a Valencia"},"content":{"rendered":"<p>Gu\u00eda de escalada deportiva de los alrededores de Valencia. Contiene toda la<br \/>\ninformaci\u00f3n necesaria: con una introducci\u00f3n general sobre la zona, una<br \/>\ndescripci\u00f3n detallada de cada sector, clima y dificultad de las v\u00edas. Con<br \/>\ncroquis de los sectores y v\u00edas y fotograf\u00edas, y todos los datos necesarios<br \/>\npara los escaladores. Contiene: nombre de la v\u00eda, longitud, dificultad, primer<br \/>\nescalador que la encaden\u00f3, material necesario, grado, zonas claves,<br \/>\nexposici\u00f3n, caracter\u00edsticas de la roca, descripci\u00f3n detallada de cada<br \/>\nmovimiento&#8230; etc. Adem\u00e1s de informaci\u00f3n sobre aparcamiento, vertiente de la<br \/>\npared, masificaci\u00f3n, altitud, mapas y pueblos cercanos. En la gu\u00eda se<br \/>\ndescriben los sectores: J\u00e9rica, Marxuquera, Boved\u00f3n, Montesa, Cueva Pechina,<br \/>\nBarranco Fondo, Aventador, Corbera Bloc, Picayo, Rac\u00f3 de Farol, Cuchillo y<br \/>\nPe\u00f1a Mar\u00eda.  <\/p>","protected":false},"excerpt":{"rendered":"<p>Gu\u00eda de escalada deportiva de los alrededores de Valencia. Contiene toda la informaci\u00f3n necesaria: con una introducci\u00f3n general sobre la zona, una descripci\u00f3n detallada de cada sector, clima y dificultad de las v\u00edas. Con croquis de los sectores y v\u00edas y fotograf\u00edas, y todos los datos necesarios para los escaladores. Contiene: nombre de la v\u00eda, [&#8230;]\n","protected":false},"featured_media":29890,"template":"","meta":[],"product_brand":[],"product_cat":[21539],"product_tag":[],"class_list":{"0":"post-148852","1":"product","2":"type-product","3":"status-publish","4":"has-post-thumbnail","6":"product_cat-fuehrerliteratur-sportklettern-bouldern","7":"pa_autor-tudela","8":"pa_erscheinungsjahr-21776","9":"pa_region-spanien","10":"pa_sprache-sp","12":"first","13":"instock","14":"taxable","15":"shipping-taxable","16":"purchasable","17":"product-type-simple"},"_links":{"self":[{"href":"https:\/\/pizbube.ch\/en\/wp-json\/wp\/v2\/product\/148852","targetHints":{"allow":["GET"]}}],"collection":[{"href":"https:\/\/pizbube.ch\/en\/wp-json\/wp\/v2\/product"}],"about":[{"href":"https:\/\/pizbube.ch\/en\/wp-json\/wp\/v2\/types\/product"}],"wp:featuredmedia":[{"embeddable":true,"href":"https:\/\/pizbube.ch\/en\/wp-json\/wp\/v2\/media\/29890"}],"wp:attachment":[{"href":"https:\/\/pizbube.ch\/en\/wp-json\/wp\/v2\/media?parent=148852"}],"wp:term":[{"taxonomy":"product_brand","embeddable":true,"href":"https:\/\/pizbube.ch\/en\/wp-json\/wp\/v2\/product_brand?post=148852"},{"taxonomy":"product_cat","embeddable":true,"href":"https:\/\/pizbube.ch\/en\/wp-json\/wp\/v2\/product_cat?post=148852"},{"taxonomy":"product_tag","embeddable":true,"href":"https:\/\/pizbube.ch\/en\/wp-json\/wp\/v2\/product_tag?post=148852"}],"curies":[{"name":"wp","href":"https:\/\/api.w.org\/{rel}","templated":true}]}}