{"id":148853,"date":"2021-01-15T10:58:19","date_gmt":"2021-01-15T10:58:19","guid":{"rendered":"https:\/\/codengine3.ch\/?product=import-placeholder-for-207356"},"modified":"2023-11-04T09:49:37","modified_gmt":"2023-11-04T08:49:37","slug":"roca-espana-costa-blanca-sued","status":"publish","type":"product","link":"https:\/\/pizbube.ch\/en\/shop\/roca-espana-costa-blanca-sued\/","title":{"rendered":"Roca Espa\u00f1a Costa Blanca S\u00fcd"},"content":{"rendered":"<p>Im S\u00fcdband decken wir die Gebiete von Calpe im Norden bis Orihuela im S\u00fcden<br \/>\nund das komplette Hinterland bis Alcoy ab. Zudem pr\u00e4sentieren wir zwei<br \/>\ngrenznahe Klettergebiete in der n\u00f6rdlichen Provinz Murcia.<\/p>\n<p>In der Sierra de Orihuela beschreiben wir die drei unbekannten Gebiete<br \/>\nSudam\u00e9rica, Vallecito und Pir\u00e1mide. Weiter im Osten wiedmen wir uns den<br \/>\nbekannten Sportklettersektoren bei Redov\u00e1n und Callosa de Segura. Im Vinalopo<br \/>\nzeigen wir den aktuellen Stand und stellen das neue Gebiet Rinc\u00f3n Bello vor,<br \/>\ndas mit Unterst\u00fctzung des LoboPlus Bolt Fund entstanden ist. Im gebirgigen<br \/>\nHinterland bei der Stadt Alcoy pr\u00e4sentieren wir erstmals in Printform alle<br \/>\nSportklettersektoren und das Topgebiet Mas de Penya mit den harten<br \/>\nAusdauerrouten oberhalb Cocentainas. Wechseln wir hin\u00fcber nach Sella.<\/p>\n<p>Wir zeigen Euch dort alle neuen Sektoren und alle neuen Gebiete und Sektoren<br \/>\nwie die Cueva del Aqua, Morro Carlos und Mundo Perdito. Wir beschreiben alle<br \/>\nSportkletterfelsen bei La Nucia und um Guadalest. Im Hinterland von Callosa<br \/>\nd\u2018en Sarri\u00e0 ver\u00f6ffentlichen wir erstmals Bolulla, Cereza und einige weitere<br \/>\nGeheim Tipps. Bei der Fuente del Agar stellen wir das gleichnamige<br \/>\nKlettergebiet vor, das ebenfalls mit Unterst\u00fctzung des LoboPlus Bolt Fund<br \/>\nentstanden ist. Und ganz im Norden p\u00e4sentieren wir bei Calpe die Serra de<br \/>\nB\u00e8rnia, Altea und Mascart. Nicht nur der extreme Kletterer, sondern auch der<br \/>\nGenuss Kletterer und Anf\u00e4nger findet in diesem Kletterf\u00fchrer viele Ziele und<br \/>\nAnregungen und das nicht nur f\u00fcr einen Urlaub.<\/p>\n<p>Mit neuer Foto- und Drohnentechnik ist es uns gelungen, erstmals einen<br \/>\nKletterf\u00fchrer zu erstellen, in dem alle Routen auf detaillierten Fotos<br \/>\ndargestellt werden k\u00f6nnen. Wir haben unsere bew\u00e4hrten Piktogramme nochmals<br \/>\nverbessert und erg\u00e4nzt. Zudem bewerten wir den Zugang und die Zufahrt mit dem<br \/>\nPKW mit einem einheitlichen Farbcode, der \u00fcber die Zugangsschwierigkeiten<br \/>\nAuskunft gibt. Die Ausgangsparkpl\u00e4tze sind \u00fcber genaue &#8211; GPS Daten zu<br \/>\nerreichen. Alternativ steht ein Parkplatz &#8211; QR &#8211; Code zur Verf\u00fcgung, der mit<br \/>\ndem Handy eingelesen werden kann. Alle Sektoren haben GPS &#8211; Daten, und<br \/>\ndetaillierte Zugangs Karten in unterschiedlichen Ma\u00dfst\u00e4ben erleichtern die<br \/>\nOrientierung erheblich.<\/p>\n<p>1. Auflage, 448 Seiten &#8211; vierfarbig<br \/>\nDurchgehend dreisprachig deutsch\/spanisch\/englisch<\/p>\n<p>A new guide from Lobo-Editions covering the southern part of the Costa Blanca<br \/>\nincluding the areas around Alicante, then south as fas as Orihuela and inland<br \/>\nas far as Jumilla.<br \/>\nLike the other guides in this series, the coverage is pretty comprehensive;<br \/>\nthere&#8217;s full colour photo-topos for all the crags described, there&#8217;s a great<br \/>\nselection of action shots plus easy-to-follow directions to all the climbing<br \/>\nareas. German, Spanish and English language thgroughout&#8230;<\/p>","protected":false},"excerpt":{"rendered":"<p>Im S\u00fcdband decken wir die Gebiete von Calpe im Norden bis Orihuela im S\u00fcden und das komplette Hinterland bis Alcoy ab. Zudem pr\u00e4sentieren wir zwei grenznahe Klettergebiete in der n\u00f6rdlichen Provinz Murcia. In der Sierra de Orihuela beschreiben wir die drei unbekannten Gebiete Sudam\u00e9rica, Vallecito und Pir\u00e1mide. Weiter im Osten wiedmen wir uns den bekannten [&#8230;]\n","protected":false},"featured_media":161141,"template":"","meta":[],"product_brand":[],"product_cat":[21539],"product_tag":[],"class_list":{"0":"post-148853","1":"product","2":"type-product","3":"status-publish","4":"has-post-thumbnail","6":"product_cat-fuehrerliteratur-sportklettern-bouldern","7":"pa_autor-wagenhals","8":"pa_erscheinungsjahr-21546","9":"pa_region-spanien","10":"pa_sprache-de","12":"first","13":"instock","14":"taxable","15":"shipping-taxable","16":"purchasable","17":"product-type-simple"},"_links":{"self":[{"href":"https:\/\/pizbube.ch\/en\/wp-json\/wp\/v2\/product\/148853","targetHints":{"allow":["GET"]}}],"collection":[{"href":"https:\/\/pizbube.ch\/en\/wp-json\/wp\/v2\/product"}],"about":[{"href":"https:\/\/pizbube.ch\/en\/wp-json\/wp\/v2\/types\/product"}],"wp:featuredmedia":[{"embeddable":true,"href":"https:\/\/pizbube.ch\/en\/wp-json\/wp\/v2\/media\/161141"}],"wp:attachment":[{"href":"https:\/\/pizbube.ch\/en\/wp-json\/wp\/v2\/media?parent=148853"}],"wp:term":[{"taxonomy":"product_brand","embeddable":true,"href":"https:\/\/pizbube.ch\/en\/wp-json\/wp\/v2\/product_brand?post=148853"},{"taxonomy":"product_cat","embeddable":true,"href":"https:\/\/pizbube.ch\/en\/wp-json\/wp\/v2\/product_cat?post=148853"},{"taxonomy":"product_tag","embeddable":true,"href":"https:\/\/pizbube.ch\/en\/wp-json\/wp\/v2\/product_tag?post=148853"}],"curies":[{"name":"wp","href":"https:\/\/api.w.org\/{rel}","templated":true}]}}