{"id":148854,"date":"2021-01-15T10:58:19","date_gmt":"2021-01-15T10:58:19","guid":{"rendered":"https:\/\/codengine3.ch\/?product=import-placeholder-for-208309"},"modified":"2024-02-29T11:03:07","modified_gmt":"2024-02-29T10:03:07","slug":"roca-espana-costa-blanca-nord","status":"publish","type":"product","link":"https:\/\/pizbube.ch\/en\/shop\/roca-espana-costa-blanca-nord\/","title":{"rendered":"Roca Espana &#8211; Costa Blanca Nord"},"content":{"rendered":"<p>Sportkletterf\u00fchrer Roca Espa\u00f1a Costa Blanca Nord beschreibt die sch\u00f6nsten 40<br \/>\nSportklettergebiete an der N\u00f6rdlichen Costa Blanca und Costa del Azahar.<\/p>\n<p>Schon seit den den 1980er Jahren waren die Gebiete um Calpe begehrte Ziele<br \/>\nwenn im kalten Nordeuropa seit Wochen an klettern nicht zu denken war. Eines<br \/>\nder popul\u00e4rsten Ziele ist die Sierra de Toix mit \u00fcber 200 Routen. Wer es etwas<br \/>\nalpiner mag findet am markanten Pe\u00f1on de Ifach ausgesetzte Mehrseill\u00e4ngen<br \/>\nRouten. Erstmals ver\u00f6ffentlichen wir das kleine Gebiet Coves Roges bei Gata de<br \/>\nGorgos. Ebenso beschreiben wir einige Klettergebiete im Hinterland wie Barranc<br \/>\nde I\u2018Avern, Montesa, Bellus und Vallada mit seinen genialen Sinterrouten.<br \/>\nNat\u00fcrlich fehlen auch nicht Gandia und die Top Grotte El Boved\u00f3n mit ihren<br \/>\nAusdauer Routen.<\/p>\n<p>Eine der sch\u00f6nsten Entdeckungen war die Wand von Tallat Roig mit knapp 150<br \/>\nperfekte Routen im Genussbereich auf genialem Fels.Oberhalb der quirligen<br \/>\nStadt Bu\u00f1ol fanden wir in mehreren Canyons und Schluchten versteckt \u00fcber 30<br \/>\nSektoren auf allerfeinstem Fels. Und bei Castell\u00f3 de la Plana unserer<br \/>\nn\u00f6rdlichsten Region pr\u00e4sentieren wir die im deutschsprachigen Raum vollkommen<br \/>\nunbekannten Klettergebiete Borriol, Cucalla und El Castellet.<\/p>\n<p>Die \u00fcber 3.000 Kletterrouten werden auf pr\u00e4zisen Fototopos dargestellt. Zu<br \/>\njedem Gebiet erh\u00e4lt man in der Piktogramm best\u00fcckten Kopfzeile alle wichtigen<br \/>\nInfos zum Klettergebiet. Zahlreiche detaillierte Zugangs Karten in<br \/>\nunterschiedlichen Ma\u00dfst\u00e4ben zusammen mit den pr\u00e4zisen GPS-Daten erleichtern<br \/>\ndie Orientierung erheblich. Der Text ist durchgehend dreisprachig deutsch,<br \/>\nspanisch, englisch.<\/p>\n<p>1. Auflage 11\/2015<br \/>\n320 Seiten &#8211; vierfarbig<br \/>\nFormat 19,5 x 13,4 cm, &#8211; Klebebindung<\/p>","protected":false},"excerpt":{"rendered":"<ul>\n<li><strong><a href=\"https:\/\/pizbube.ch\/wp-content\/uploads\/attachments\/a_027\/AF06CA0ED36D6B58DE318E218DF7B345.pdf\" target=\"_blank\" rel=\"noopener\">PDF: Gebietskarte_CostaBlancaNord_Nordteil<\/a><\/strong><\/li>\n<li><strong><a href=\"https:\/\/pizbube.ch\/wp-content\/uploads\/attachments\/a_027\/AF1BCBABEA9AF55B4D342AB5898D6156.pdf\" target=\"_blank\" rel=\"noopener\">PDF: Gebietskarte_CostaBlancaNord_Suedteil<\/a><\/strong><\/li>\n<li><strong><a href=\"https:\/\/pizbube.ch\/wp-content\/uploads\/attachments\/a_029\/D3E35E36A10AA43A2415BDB596C5FCA3.pdf\" target=\"_blank\" rel=\"noopener\">PDF: Costa_Blanca_Nord_Gebietsuebersicht.pdf<\/a><\/strong><\/li>\n<\/ul>","protected":false},"featured_media":170236,"template":"","meta":[],"product_brand":[],"product_cat":[21539],"product_tag":[],"class_list":{"0":"post-148854","1":"product","2":"type-product","3":"status-publish","4":"has-post-thumbnail","6":"product_cat-fuehrerliteratur-sportklettern-bouldern","7":"pa_autor-wagenhals","8":"pa_erscheinungsjahr-21597","9":"pa_region-spanien","10":"pa_sprache-de-es-en","12":"first","13":"instock","14":"taxable","15":"shipping-taxable","16":"purchasable","17":"product-type-simple"},"_links":{"self":[{"href":"https:\/\/pizbube.ch\/en\/wp-json\/wp\/v2\/product\/148854","targetHints":{"allow":["GET"]}}],"collection":[{"href":"https:\/\/pizbube.ch\/en\/wp-json\/wp\/v2\/product"}],"about":[{"href":"https:\/\/pizbube.ch\/en\/wp-json\/wp\/v2\/types\/product"}],"wp:featuredmedia":[{"embeddable":true,"href":"https:\/\/pizbube.ch\/en\/wp-json\/wp\/v2\/media\/170236"}],"wp:attachment":[{"href":"https:\/\/pizbube.ch\/en\/wp-json\/wp\/v2\/media?parent=148854"}],"wp:term":[{"taxonomy":"product_brand","embeddable":true,"href":"https:\/\/pizbube.ch\/en\/wp-json\/wp\/v2\/product_brand?post=148854"},{"taxonomy":"product_cat","embeddable":true,"href":"https:\/\/pizbube.ch\/en\/wp-json\/wp\/v2\/product_cat?post=148854"},{"taxonomy":"product_tag","embeddable":true,"href":"https:\/\/pizbube.ch\/en\/wp-json\/wp\/v2\/product_tag?post=148854"}],"curies":[{"name":"wp","href":"https:\/\/api.w.org\/{rel}","templated":true}]}}