{"id":148855,"date":"2021-01-15T10:58:19","date_gmt":"2021-01-15T10:58:19","guid":{"rendered":"https:\/\/codengine3.ch\/?product=import-placeholder-for-200516"},"modified":"2021-01-15T10:58:23","modified_gmt":"2021-01-15T10:58:23","slug":"aus-den-buendner-bergen-fotografien","status":"publish","type":"product","link":"https:\/\/pizbube.ch\/en\/shop\/aus-den-buendner-bergen-fotografien\/","title":{"rendered":"Aus den B\u00fcndner Bergen &#8211; Fotografien"},"content":{"rendered":"<p>\u00abIch wusste vor allem, was ich nicht wollte: Ich wollte mit meinen Bildern<br \/>\nweder das B\u00fcndnerland repr\u00e4sentativ wiedergeben noch die Sch\u00f6nheit der B\u00fcndner<br \/>\nBerge aufzeigen. Ich war nur auf der Suche nach Bildern, die ich nicht kannte,<br \/>\nnicht erwartete und die ich nicht bereits im Kopf hatte.<\/p>\n<p>Ich suchte unbekannte Bilder in der mir bestens bekannten B\u00fcndner Landschaft.<br \/>\nIch lernte einen neuen Zugang zum Gebirge kennen \u2013 als Bergsteiger und als<br \/>\nFotograf. Ich begann zu begreifen, dass ich mich von Gewohnheiten und<br \/>\nVorstellungen l\u00f6sen musste \u2013 Prognose, Wetter, Licht, Landschaft, Zeitplan:<br \/>\nIch musste einfach in dieser Landschaft unterwegs sein.<\/p>\n<p>Als J\u00e4ger, auf der Suche nach einem Tier, von dem ich nicht wusste, wie es<br \/>\naussah. Gefunden habe ich Bilder, welche die Kraft und die Vielfalt dieser<br \/>\nLandschaft wiedergeben.\u00bb ROBERT B\u00d6SCH<\/p>\n<p>Leinen mit Schutzumschlag; 208 Seiten; Format: 27 cm x 38 cm<\/p>","protected":false},"excerpt":{"rendered":"<p>\u00abIch wusste vor allem, was ich nicht wollte: Ich wollte mit meinen Bildern weder das B\u00fcndnerland repr\u00e4sentativ wiedergeben noch die Sch\u00f6nheit der B\u00fcndner Berge aufzeigen. Ich war nur auf der Suche nach Bildern, die ich nicht kannte, nicht erwartete und die ich nicht bereits im Kopf hatte. Ich suchte unbekannte Bilder in der mir bestens [&#8230;]\n","protected":false},"featured_media":27155,"template":"","meta":[],"product_brand":[],"product_cat":[21580],"product_tag":[],"class_list":{"0":"post-148855","1":"product","2":"type-product","3":"status-publish","4":"has-post-thumbnail","6":"product_cat-kunst-kultur","7":"pa_autor-boesch","8":"pa_erscheinungsjahr-21571","9":"pa_region-schweiz","10":"pa_sprache-de","12":"first","13":"outofstock","14":"taxable","15":"shipping-taxable","16":"purchasable","17":"product-type-simple"},"_links":{"self":[{"href":"https:\/\/pizbube.ch\/en\/wp-json\/wp\/v2\/product\/148855","targetHints":{"allow":["GET"]}}],"collection":[{"href":"https:\/\/pizbube.ch\/en\/wp-json\/wp\/v2\/product"}],"about":[{"href":"https:\/\/pizbube.ch\/en\/wp-json\/wp\/v2\/types\/product"}],"wp:featuredmedia":[{"embeddable":true,"href":"https:\/\/pizbube.ch\/en\/wp-json\/wp\/v2\/media\/27155"}],"wp:attachment":[{"href":"https:\/\/pizbube.ch\/en\/wp-json\/wp\/v2\/media?parent=148855"}],"wp:term":[{"taxonomy":"product_brand","embeddable":true,"href":"https:\/\/pizbube.ch\/en\/wp-json\/wp\/v2\/product_brand?post=148855"},{"taxonomy":"product_cat","embeddable":true,"href":"https:\/\/pizbube.ch\/en\/wp-json\/wp\/v2\/product_cat?post=148855"},{"taxonomy":"product_tag","embeddable":true,"href":"https:\/\/pizbube.ch\/en\/wp-json\/wp\/v2\/product_tag?post=148855"}],"curies":[{"name":"wp","href":"https:\/\/api.w.org\/{rel}","templated":true}]}}