{"id":148856,"date":"2021-01-15T10:58:19","date_gmt":"2021-01-15T10:58:19","guid":{"rendered":"https:\/\/codengine3.ch\/?product=import-placeholder-for-207110"},"modified":"2021-01-15T14:55:13","modified_gmt":"2021-01-15T14:55:13","slug":"mountain-portraits-of-high-places","status":"publish","type":"product","link":"https:\/\/pizbube.ch\/en\/shop\/mountain-portraits-of-high-places\/","title":{"rendered":"MOUNTAIN &#8211; Portraits of high Places"},"content":{"rendered":"<p>Der Bildband pr\u00e4sentiert spektakul\u00e4re Fotos von Gipfeln, Bergmassiven und<br \/>\nBergsteigern \u00fcber einen Zeitraum von fast zwei Jahrhunderten. Die<br \/>\nFotografenliste setzt sich zusammen aus den beteiligten Alpinisten, aber auch<br \/>\nber\u00fchmten K\u00fcnstlern wie Ansel Adams, Peter Beard, Gerhard Richter oder Frank<br \/>\nSmythe. Der Band vereinbart in sich klassische Bergbilder und \u00fcberraschende<br \/>\nAnsichten von Orten, die man eigentlich zu kennen glaubt.  <\/p>\n<p>Die Aufnahmen zeigen Berge aller sieben Kontinente, darunter:<br \/>\nDer Kilimandscharo, Mt. Kenia, Mt. Baker, Mt. Speke, Mawenzi, Mt. Vinson<br \/>\nMassiv, Mt. Kirkpatrick, Mt. Everest, K2, Kanchenjunga, Nanga Parbat, Mt.<br \/>\nKailash, Mt. Fuji, Ama Dablam, Annapurna, Mt. Ararat, Mt. Sinai, Mont Blanc,<br \/>\ndas Matterhorn, die Dolomiten, die Pyren\u00e4en, Mt. McKinley, Mt. Logan, Mt.<br \/>\nRobson, Grand Teton Berge, Mt. St Helens, Mt. Washington, Mt. Whitney, Mt.<br \/>\nRainier, Mt. Shasta, Mauna Kea, Aconcagua, Cerro Torre, und die kanadischen<br \/>\nRocky Mountains, um nur einige aufzuz\u00e4hlen.  <\/p>","protected":false},"excerpt":{"rendered":"<p>Der Bildband pr\u00e4sentiert spektakul\u00e4re Fotos von Gipfeln, Bergmassiven und Bergsteigern \u00fcber einen Zeitraum von fast zwei Jahrhunderten. Die Fotografenliste setzt sich zusammen aus den beteiligten Alpinisten, aber auch ber\u00fchmten K\u00fcnstlern wie Ansel Adams, Peter Beard, Gerhard Richter oder Frank Smythe. Der Band vereinbart in sich klassische Bergbilder und \u00fcberraschende Ansichten von Orten, die man eigentlich [&#8230;]\n","protected":false},"featured_media":36717,"template":"","meta":[],"product_brand":[],"product_cat":[21580],"product_tag":[],"class_list":{"0":"post-148856","1":"product","2":"type-product","3":"status-publish","4":"has-post-thumbnail","6":"product_cat-kunst-kultur","7":"pa_autor-hill","8":"pa_erscheinungsjahr-21610","9":"pa_region-amerika-nord","10":"pa_sprache-en","12":"first","13":"instock","14":"taxable","15":"shipping-taxable","16":"purchasable","17":"product-type-simple"},"_links":{"self":[{"href":"https:\/\/pizbube.ch\/en\/wp-json\/wp\/v2\/product\/148856","targetHints":{"allow":["GET"]}}],"collection":[{"href":"https:\/\/pizbube.ch\/en\/wp-json\/wp\/v2\/product"}],"about":[{"href":"https:\/\/pizbube.ch\/en\/wp-json\/wp\/v2\/types\/product"}],"wp:featuredmedia":[{"embeddable":true,"href":"https:\/\/pizbube.ch\/en\/wp-json\/wp\/v2\/media\/36717"}],"wp:attachment":[{"href":"https:\/\/pizbube.ch\/en\/wp-json\/wp\/v2\/media?parent=148856"}],"wp:term":[{"taxonomy":"product_brand","embeddable":true,"href":"https:\/\/pizbube.ch\/en\/wp-json\/wp\/v2\/product_brand?post=148856"},{"taxonomy":"product_cat","embeddable":true,"href":"https:\/\/pizbube.ch\/en\/wp-json\/wp\/v2\/product_cat?post=148856"},{"taxonomy":"product_tag","embeddable":true,"href":"https:\/\/pizbube.ch\/en\/wp-json\/wp\/v2\/product_tag?post=148856"}],"curies":[{"name":"wp","href":"https:\/\/api.w.org\/{rel}","templated":true}]}}