{"id":148857,"date":"2021-01-15T10:58:19","date_gmt":"2021-01-15T10:58:19","guid":{"rendered":"https:\/\/codengine3.ch\/?product=import-placeholder-for-205771"},"modified":"2021-01-15T14:43:48","modified_gmt":"2021-01-15T14:43:48","slug":"montagnes-de-lumieres","status":"publish","type":"product","link":"https:\/\/pizbube.ch\/en\/shop\/montagnes-de-lumieres\/","title":{"rendered":"Montagnes de lumi\u00e8res"},"content":{"rendered":"<p>Voil\u00e0 un si\u00e8cle et demi que les Tairraz, dynastie de grands photographes de<br \/>\nmontagne, ont li\u00e9 leur destin aux cimes et aux images.<br \/>\nPierre Tairraz qui repr\u00e9sente la quatri\u00e8me g\u00e9n\u00e9ration, capte la lumi\u00e8re<br \/>\n\u00e9ph\u00e9m\u00e8re qui transfigure le paysage et nous donne \u00e0 voir une montagne en<br \/>\nverve, d&#8217;une beaut\u00e9 \u00e9poustouflante. Cet album est le premier qui lui soit<br \/>\nconsacr\u00e9.  <\/p>","protected":false},"excerpt":{"rendered":"<p>Voil\u00e0 un si\u00e8cle et demi que les Tairraz, dynastie de grands photographes de montagne, ont li\u00e9 leur destin aux cimes et aux images. Pierre Tairraz qui repr\u00e9sente la quatri\u00e8me g\u00e9n\u00e9ration, capte la lumi\u00e8re \u00e9ph\u00e9m\u00e8re qui transfigure le paysage et nous donne \u00e0 voir une montagne en verve, d&#8217;une beaut\u00e9 \u00e9poustouflante. Cet album est le premier [&#8230;]\n","protected":false},"featured_media":34590,"template":"","meta":[],"product_brand":[],"product_cat":[21542],"product_tag":[],"class_list":{"0":"post-148857","1":"product","2":"type-product","3":"status-publish","4":"has-post-thumbnail","6":"product_cat-sachbuecher-dokumentationen","7":"pa_autor-tairraz","8":"pa_erscheinungsjahr-22150","9":"pa_region-frankreich","10":"pa_sprache-fr","12":"first","13":"instock","14":"taxable","15":"shipping-taxable","16":"purchasable","17":"product-type-simple"},"_links":{"self":[{"href":"https:\/\/pizbube.ch\/en\/wp-json\/wp\/v2\/product\/148857","targetHints":{"allow":["GET"]}}],"collection":[{"href":"https:\/\/pizbube.ch\/en\/wp-json\/wp\/v2\/product"}],"about":[{"href":"https:\/\/pizbube.ch\/en\/wp-json\/wp\/v2\/types\/product"}],"wp:featuredmedia":[{"embeddable":true,"href":"https:\/\/pizbube.ch\/en\/wp-json\/wp\/v2\/media\/34590"}],"wp:attachment":[{"href":"https:\/\/pizbube.ch\/en\/wp-json\/wp\/v2\/media?parent=148857"}],"wp:term":[{"taxonomy":"product_brand","embeddable":true,"href":"https:\/\/pizbube.ch\/en\/wp-json\/wp\/v2\/product_brand?post=148857"},{"taxonomy":"product_cat","embeddable":true,"href":"https:\/\/pizbube.ch\/en\/wp-json\/wp\/v2\/product_cat?post=148857"},{"taxonomy":"product_tag","embeddable":true,"href":"https:\/\/pizbube.ch\/en\/wp-json\/wp\/v2\/product_tag?post=148857"}],"curies":[{"name":"wp","href":"https:\/\/api.w.org\/{rel}","templated":true}]}}