{"id":148858,"date":"2021-01-15T10:58:19","date_gmt":"2021-01-15T10:58:19","guid":{"rendered":"https:\/\/codengine3.ch\/?product=import-placeholder-for-200662"},"modified":"2021-01-15T10:59:42","modified_gmt":"2021-01-15T10:59:42","slug":"alpenwelten","status":"publish","type":"product","link":"https:\/\/pizbube.ch\/en\/shop\/alpenwelten\/","title":{"rendered":"Alpenwelten"},"content":{"rendered":"<p>Eine Reise durch unber\u00fchrte Landschaften<\/p>\n<p>Wilde, ungez\u00e4hmte Bergwelten mit vielen nahezu unbekannten Regionen: \u00bbMeist<br \/>\nsind es die fr\u00fchen Morgenstunden, die Landschaften in vertr\u00e4umtes Licht<br \/>\nh\u00fcllen\u00ab, schreibt Stefan Hefele \u00fcber seine Fotografien. Diesen Bildband widmet<br \/>\ner seinen stimmungsvollen Bergfotografien.<\/p>\n<p>Landschaften, Gipfel, Steilw\u00e4nde und Berggruppen, dramatisch in Szene gesetzt<br \/>\nund begleitet von Geschichte und Geschichten der Alpen, sind der Stoff f\u00fcr<br \/>\neinen Ausnahme-Bildband.<\/p>","protected":false},"excerpt":{"rendered":"<p>Eine Reise durch unber\u00fchrte Landschaften Wilde, ungez\u00e4hmte Bergwelten mit vielen nahezu unbekannten Regionen: \u00bbMeist sind es die fr\u00fchen Morgenstunden, die Landschaften in vertr\u00e4umtes Licht h\u00fcllen\u00ab, schreibt Stefan Hefele \u00fcber seine Fotografien. Diesen Bildband widmet er seinen stimmungsvollen Bergfotografien. Landschaften, Gipfel, Steilw\u00e4nde und Berggruppen, dramatisch in Szene gesetzt und begleitet von Geschichte und Geschichten der Alpen, [&#8230;]\n","protected":false},"featured_media":27533,"template":"","meta":[],"product_brand":[],"product_cat":[21542],"product_tag":[],"class_list":{"0":"post-148858","1":"product","2":"type-product","3":"status-publish","4":"has-post-thumbnail","6":"product_cat-sachbuecher-dokumentationen","7":"pa_autor-hefele-huesler","8":"pa_erscheinungsjahr-21571","9":"pa_region-deutschland","10":"pa_sprache-de","12":"first","13":"instock","14":"taxable","15":"shipping-taxable","16":"purchasable","17":"product-type-simple"},"_links":{"self":[{"href":"https:\/\/pizbube.ch\/en\/wp-json\/wp\/v2\/product\/148858","targetHints":{"allow":["GET"]}}],"collection":[{"href":"https:\/\/pizbube.ch\/en\/wp-json\/wp\/v2\/product"}],"about":[{"href":"https:\/\/pizbube.ch\/en\/wp-json\/wp\/v2\/types\/product"}],"wp:featuredmedia":[{"embeddable":true,"href":"https:\/\/pizbube.ch\/en\/wp-json\/wp\/v2\/media\/27533"}],"wp:attachment":[{"href":"https:\/\/pizbube.ch\/en\/wp-json\/wp\/v2\/media?parent=148858"}],"wp:term":[{"taxonomy":"product_brand","embeddable":true,"href":"https:\/\/pizbube.ch\/en\/wp-json\/wp\/v2\/product_brand?post=148858"},{"taxonomy":"product_cat","embeddable":true,"href":"https:\/\/pizbube.ch\/en\/wp-json\/wp\/v2\/product_cat?post=148858"},{"taxonomy":"product_tag","embeddable":true,"href":"https:\/\/pizbube.ch\/en\/wp-json\/wp\/v2\/product_tag?post=148858"}],"curies":[{"name":"wp","href":"https:\/\/api.w.org\/{rel}","templated":true}]}}