{"id":148859,"date":"2021-01-15T10:58:19","date_gmt":"2021-01-15T10:58:19","guid":{"rendered":"https:\/\/codengine3.ch\/?product=import-placeholder-for-206929"},"modified":"2021-01-15T14:53:30","modified_gmt":"2021-01-15T14:53:30","slug":"alpen","status":"publish","type":"product","link":"https:\/\/pizbube.ch\/en\/shop\/alpen\/","title":{"rendered":"Alpen"},"content":{"rendered":"<p>Millionen von Menschen sind Jahr f\u00fcr Jahr in den Alpen unterwegs, und so<br \/>\nmanche von ihnen sind ausgemachte Kenner. Doch selbst die d\u00fcrfte der Bildband<br \/>\nvon Peter Mathis \u00fcberraschen. Denn der \u00f6sterreichische Fotograf zeigt den<br \/>\nTourismusmagneten von einer ganz anderen Seite &#8211; seine Aufnahmen sind sensible<br \/>\nPortr\u00e4ts, denen man die tiefe Verbundenheit des K\u00fcnstlers mit seinem Sujet<br \/>\nanmerkt.<\/p>\n<p>Statt bekannte Szenarien abzulichten, sucht der Naturliebhaber nach dem<br \/>\nperfekten Ausschnitt, der speziellen Perspektive und dem einen richtigen<br \/>\nMoment, der eine ganz eigene Facette des gewaltigen Gebirgsmassivs offenbart.<br \/>\nDas kann der Augenblick sein, in dem der Nebel eine Felsformation freigibt,<br \/>\noder schneebedeckte Berggipfel im diffusen Licht eine eindringliche Pr\u00e4senz<br \/>\nbekommen.<\/p>\n<p>Die \u00e4sthetischen Schwarz-Wei\u00df-Fotografien zeigen auch immer wieder den Mensch<br \/>\nals Teil der Natur und damit die Dimension der Berglandschaften. Sie laden den<br \/>\nBetrachter ein, das Ph\u00e4nomen Alpen aus verschiedenen Blickwinkeln zu erleben.<br \/>\nF\u00fcr einen besonders spannungsreichen Bildgenuss sorgt der gekonnte Mix aus<br \/>\nstarken Kontrasten, feinen Abstufungen und ungew\u00f6hnlichen Proportionen, mit<br \/>\ndenen Peter Mathis seine fast schon theatralischen Motive inszeniert.  <\/p>","protected":false},"excerpt":{"rendered":"<p>Millionen von Menschen sind Jahr f\u00fcr Jahr in den Alpen unterwegs, und so manche von ihnen sind ausgemachte Kenner. Doch selbst die d\u00fcrfte der Bildband von Peter Mathis \u00fcberraschen. Denn der \u00f6sterreichische Fotograf zeigt den Tourismusmagneten von einer ganz anderen Seite &#8211; seine Aufnahmen sind sensible Portr\u00e4ts, denen man die tiefe Verbundenheit des K\u00fcnstlers mit [&#8230;]\n","protected":false},"featured_media":36453,"template":"","meta":[],"product_brand":[],"product_cat":[21580],"product_tag":[],"class_list":{"0":"post-148859","1":"product","2":"type-product","3":"status-publish","4":"has-post-thumbnail","6":"product_cat-kunst-kultur","7":"pa_autor-mathis","8":"pa_erscheinungsjahr-21574","9":"pa_region-oesterreich","10":"pa_sprache-de","12":"first","13":"outofstock","14":"taxable","15":"shipping-taxable","16":"purchasable","17":"product-type-simple"},"_links":{"self":[{"href":"https:\/\/pizbube.ch\/en\/wp-json\/wp\/v2\/product\/148859","targetHints":{"allow":["GET"]}}],"collection":[{"href":"https:\/\/pizbube.ch\/en\/wp-json\/wp\/v2\/product"}],"about":[{"href":"https:\/\/pizbube.ch\/en\/wp-json\/wp\/v2\/types\/product"}],"wp:featuredmedia":[{"embeddable":true,"href":"https:\/\/pizbube.ch\/en\/wp-json\/wp\/v2\/media\/36453"}],"wp:attachment":[{"href":"https:\/\/pizbube.ch\/en\/wp-json\/wp\/v2\/media?parent=148859"}],"wp:term":[{"taxonomy":"product_brand","embeddable":true,"href":"https:\/\/pizbube.ch\/en\/wp-json\/wp\/v2\/product_brand?post=148859"},{"taxonomy":"product_cat","embeddable":true,"href":"https:\/\/pizbube.ch\/en\/wp-json\/wp\/v2\/product_cat?post=148859"},{"taxonomy":"product_tag","embeddable":true,"href":"https:\/\/pizbube.ch\/en\/wp-json\/wp\/v2\/product_tag?post=148859"}],"curies":[{"name":"wp","href":"https:\/\/api.w.org\/{rel}","templated":true}]}}