{"id":148862,"date":"2021-01-15T10:58:20","date_gmt":"2021-01-15T10:58:20","guid":{"rendered":"https:\/\/codengine3.ch\/?product=import-placeholder-for-202258"},"modified":"2021-01-15T12:34:47","modified_gmt":"2021-01-15T12:34:47","slug":"aravis-bauges-chartreuse","status":"publish","type":"product","link":"https:\/\/pizbube.ch\/en\/shop\/aravis-bauges-chartreuse\/","title":{"rendered":"Aravis, Bauges, Chartreuse"},"content":{"rendered":"<p>couvre le massif pr\u00e9alpins entre l&#8216; Is\u00e8re et l&#8216; Arve. Les fiches techniques<br \/>\nd\u00e9crivent en d\u00e9tail 180 itin\u00e9raires de base, trac\u00e9s sur 250 photos et sont<br \/>\naccompagn\u00e9es des commentaires des auteurs. de l&#8217;Arve \u00e0 l&#8217;Is\u00e8re<br \/>\n180 courses de base d&#8217;un acc\u00e8s rapide depuis : Grenoble, Chamb\u00e9ry,<br \/>\nAlbertville, Annecy, Gen\u00e8ve, Lyon<\/p>","protected":false},"excerpt":{"rendered":"<p>couvre le massif pr\u00e9alpins entre l&#8216; Is\u00e8re et l&#8216; Arve. Les fiches techniques d\u00e9crivent en d\u00e9tail 180 itin\u00e9raires de base, trac\u00e9s sur 250 photos et sont accompagn\u00e9es des commentaires des auteurs. de l&#8217;Arve \u00e0 l&#8217;Is\u00e8re 180 courses de base d&#8217;un acc\u00e8s rapide depuis : Grenoble, Chamb\u00e9ry, Albertville, Annecy, Gen\u00e8ve, Lyon<\/p>","protected":false},"featured_media":29636,"template":"","meta":[],"product_brand":[],"product_cat":[21540],"product_tag":[],"class_list":{"0":"post-148862","1":"product","2":"type-product","3":"status-publish","4":"has-post-thumbnail","6":"product_cat-fuehrerliteratur-alpin-winter","7":"pa_autor-hagenmuller-shahshahani","8":"pa_erscheinungsjahr-21750","9":"pa_region-frankreich","10":"pa_sprache-fr","12":"first","13":"instock","14":"taxable","15":"shipping-taxable","16":"purchasable","17":"product-type-simple"},"_links":{"self":[{"href":"https:\/\/pizbube.ch\/en\/wp-json\/wp\/v2\/product\/148862","targetHints":{"allow":["GET"]}}],"collection":[{"href":"https:\/\/pizbube.ch\/en\/wp-json\/wp\/v2\/product"}],"about":[{"href":"https:\/\/pizbube.ch\/en\/wp-json\/wp\/v2\/types\/product"}],"wp:featuredmedia":[{"embeddable":true,"href":"https:\/\/pizbube.ch\/en\/wp-json\/wp\/v2\/media\/29636"}],"wp:attachment":[{"href":"https:\/\/pizbube.ch\/en\/wp-json\/wp\/v2\/media?parent=148862"}],"wp:term":[{"taxonomy":"product_brand","embeddable":true,"href":"https:\/\/pizbube.ch\/en\/wp-json\/wp\/v2\/product_brand?post=148862"},{"taxonomy":"product_cat","embeddable":true,"href":"https:\/\/pizbube.ch\/en\/wp-json\/wp\/v2\/product_cat?post=148862"},{"taxonomy":"product_tag","embeddable":true,"href":"https:\/\/pizbube.ch\/en\/wp-json\/wp\/v2\/product_tag?post=148862"}],"curies":[{"name":"wp","href":"https:\/\/api.w.org\/{rel}","templated":true}]}}