{"id":148863,"date":"2021-01-15T10:58:20","date_gmt":"2021-01-15T10:58:20","guid":{"rendered":"https:\/\/codengine3.ch\/?product=import-placeholder-for-206004"},"modified":"2021-01-15T14:45:35","modified_gmt":"2021-01-15T14:45:35","slug":"52-balades-a-skis-autour-de-grenoble","status":"publish","type":"product","link":"https:\/\/pizbube.ch\/en\/shop\/52-balades-a-skis-autour-de-grenoble\/","title":{"rendered":"52 balades \u00e0 skis autour de Grenoble"},"content":{"rendered":"<p>Chartreuse, Vercors, Belledonne, Matheysine, Taillefer  <\/p>\n<p>Les massifs tr\u00e8s vari\u00e9s qui entourent Grenoble offrent un large choix de<br \/>\ncourses aux amateurs de ski de randonn\u00e9e.<br \/>\nDes altitudes modestes du Vercors et de la Chartreuse aux pentes s\u00e9v\u00e8res de<br \/>\nBelledonne en passant par les paysages plus ouverts de la Matheysine, l&#8217;auteur<br \/>\npropose 52 itin\u00e9raires faciles, avec plus ou moins de d\u00e9nivel\u00e9, \u00e0 la journ\u00e9e<br \/>\nvoire sur deux jours, ainsi qu&#8217;un couloir, pour les skieurs plus techniques.<br \/>\nEnfin, les surfeurs randonneurs trouveront une cotation propre \u00e0 leur<br \/>\npratique. Les rappels de s\u00e9curit\u00e9 en hors-piste sont omnipr\u00e9sents, et chaque<br \/>\nitin\u00e9raire, en plus d&#8217;\u00eatre d\u00e9crit et agr\u00e9ment\u00e9 d&#8217;informations sur l&#8217;histoire<br \/>\nou la faune, est repr\u00e9sent\u00e9 sur une aquarelle dessin\u00e9e avec beaucoup de<br \/>\npr\u00e9cision.  <\/p>","protected":false},"excerpt":{"rendered":"<p>Chartreuse, Vercors, Belledonne, Matheysine, Taillefer Les massifs tr\u00e8s vari\u00e9s qui entourent Grenoble offrent un large choix de courses aux amateurs de ski de randonn\u00e9e. Des altitudes modestes du Vercors et de la Chartreuse aux pentes s\u00e9v\u00e8res de Belledonne en passant par les paysages plus ouverts de la Matheysine, l&#8217;auteur propose 52 itin\u00e9raires faciles, avec plus [&#8230;]\n","protected":false},"featured_media":34886,"template":"","meta":[],"product_brand":[],"product_cat":[21540],"product_tag":[],"class_list":{"0":"post-148863","1":"product","2":"type-product","3":"status-publish","4":"has-post-thumbnail","6":"product_cat-fuehrerliteratur-alpin-winter","7":"pa_autor-schmitz","8":"pa_erscheinungsjahr-21693","9":"pa_region-frankreich","10":"pa_sprache-fr","12":"first","13":"instock","14":"taxable","15":"shipping-taxable","16":"purchasable","17":"product-type-simple"},"_links":{"self":[{"href":"https:\/\/pizbube.ch\/en\/wp-json\/wp\/v2\/product\/148863","targetHints":{"allow":["GET"]}}],"collection":[{"href":"https:\/\/pizbube.ch\/en\/wp-json\/wp\/v2\/product"}],"about":[{"href":"https:\/\/pizbube.ch\/en\/wp-json\/wp\/v2\/types\/product"}],"wp:featuredmedia":[{"embeddable":true,"href":"https:\/\/pizbube.ch\/en\/wp-json\/wp\/v2\/media\/34886"}],"wp:attachment":[{"href":"https:\/\/pizbube.ch\/en\/wp-json\/wp\/v2\/media?parent=148863"}],"wp:term":[{"taxonomy":"product_brand","embeddable":true,"href":"https:\/\/pizbube.ch\/en\/wp-json\/wp\/v2\/product_brand?post=148863"},{"taxonomy":"product_cat","embeddable":true,"href":"https:\/\/pizbube.ch\/en\/wp-json\/wp\/v2\/product_cat?post=148863"},{"taxonomy":"product_tag","embeddable":true,"href":"https:\/\/pizbube.ch\/en\/wp-json\/wp\/v2\/product_tag?post=148863"}],"curies":[{"name":"wp","href":"https:\/\/api.w.org\/{rel}","templated":true}]}}