{"id":148864,"date":"2021-01-15T10:58:20","date_gmt":"2021-01-15T10:58:20","guid":{"rendered":"https:\/\/codengine3.ch\/?product=import-placeholder-for-206093"},"modified":"2021-01-15T14:46:17","modified_gmt":"2021-01-15T14:46:17","slug":"chartreuse","status":"publish","type":"product","link":"https:\/\/pizbube.ch\/en\/shop\/chartreuse\/","title":{"rendered":"Chartreuse"},"content":{"rendered":"<p>Un livre consacr\u00e9 au massif de la Chartreuse<br \/>\nLe massif de la Chartreuse est principalement connu pour sa liqueur et son<br \/>\nmonast\u00e8re.<br \/>\nEn r\u00e9alit\u00e9, l&#8217;\u00e9conomie du massif est essentiellement bas\u00e9e sur l&#8217;exploitation<br \/>\ndu bois, l&#8217;agriculture et le tourisme vert. Avec l&#8217;appui du Parc naturel<br \/>\nr\u00e9gional, les chartrousins ont su d\u00e9velopper des activit\u00e9s compatibles avec la<br \/>\npr\u00e9servation de leur riche patrimoine. De la Bastille au Sud, aux Entremonts<br \/>\nau Nord, ce territoire constitue un v\u00e9ritable jardin d&#8217;altitude pour les<br \/>\ncitadins de Grenoble et de Chamb\u00e9ry.<br \/>\nDeux montagnards amoureux de ce massif sillonnent la Chartreuse depuis<br \/>\nplusieurs ann\u00e9es. Ils vous font partager, \u00e0 travers cet ouvrage, la richesse<br \/>\nde ce territoire, un v\u00e9ritable joyau \u00e0 d\u00e9couvrir en toutes saisons. Bienvenue<br \/>\ndans l&#8217;\u00c9meraude des Alpes de Stendhal&#8230;<br \/>\nL&#8217;ouvrage est au format 22x28cm, couverture cartonn\u00e9e et jaquette, contient<br \/>\n120 pages en couleurs et 8 pages d&#8217;informations pratiques.  <\/p>","protected":false},"excerpt":{"rendered":"<p>Un livre consacr\u00e9 au massif de la Chartreuse Le massif de la Chartreuse est principalement connu pour sa liqueur et son monast\u00e8re. En r\u00e9alit\u00e9, l&#8217;\u00e9conomie du massif est essentiellement bas\u00e9e sur l&#8217;exploitation du bois, l&#8217;agriculture et le tourisme vert. Avec l&#8217;appui du Parc naturel r\u00e9gional, les chartrousins ont su d\u00e9velopper des activit\u00e9s compatibles avec la [&#8230;]\n","protected":false},"featured_media":35006,"template":"","meta":[],"product_brand":[],"product_cat":[21542],"product_tag":[],"class_list":{"0":"post-148864","1":"product","2":"type-product","3":"status-publish","4":"has-post-thumbnail","6":"product_cat-sachbuecher-dokumentationen","7":"pa_autor-laget-langlais","8":"pa_erscheinungsjahr-21693","9":"pa_region-frankreich","10":"pa_sprache-e","11":"pa_sprache-f","13":"first","14":"instock","15":"taxable","16":"shipping-taxable","17":"purchasable","18":"product-type-simple"},"_links":{"self":[{"href":"https:\/\/pizbube.ch\/en\/wp-json\/wp\/v2\/product\/148864","targetHints":{"allow":["GET"]}}],"collection":[{"href":"https:\/\/pizbube.ch\/en\/wp-json\/wp\/v2\/product"}],"about":[{"href":"https:\/\/pizbube.ch\/en\/wp-json\/wp\/v2\/types\/product"}],"wp:featuredmedia":[{"embeddable":true,"href":"https:\/\/pizbube.ch\/en\/wp-json\/wp\/v2\/media\/35006"}],"wp:attachment":[{"href":"https:\/\/pizbube.ch\/en\/wp-json\/wp\/v2\/media?parent=148864"}],"wp:term":[{"taxonomy":"product_brand","embeddable":true,"href":"https:\/\/pizbube.ch\/en\/wp-json\/wp\/v2\/product_brand?post=148864"},{"taxonomy":"product_cat","embeddable":true,"href":"https:\/\/pizbube.ch\/en\/wp-json\/wp\/v2\/product_cat?post=148864"},{"taxonomy":"product_tag","embeddable":true,"href":"https:\/\/pizbube.ch\/en\/wp-json\/wp\/v2\/product_tag?post=148864"}],"curies":[{"name":"wp","href":"https:\/\/api.w.org\/{rel}","templated":true}]}}