{"id":148865,"date":"2021-01-15T10:58:20","date_gmt":"2021-01-15T10:58:20","guid":{"rendered":"https:\/\/codengine3.ch\/?product=import-placeholder-for-201551"},"modified":"2026-04-09T12:34:09","modified_gmt":"2026-04-09T10:34:09","slug":"hautes-alpes-ski-de-randonnee","status":"publish","type":"product","link":"https:\/\/pizbube.ch\/en\/shop\/hautes-alpes-ski-de-randonnee\/","title":{"rendered":"Hautes-Alpes Ski de randonn\u00e9e"},"content":{"rendered":"<p>Ecrins, Queyras, Arves, Cerces, Parpaillon, D\u00e9voluy<br \/>\n140 itin\u00e9raires de ski-alpinisme<\/p>\n<p>Le massif des \u00c9crins, parc national, offre de grands itin\u00e9raires proches des 4000 m (D\u00f4me de Neige des \u00c9crins, Pelvoux, glaciers de la Meije\u2026). Les autres massifs sont abordables d\u00e8s le d\u00e9but d\u2019hiver, et leur lumi\u00e8re d\u00e9j\u00e0 m\u00e9ridionale, alli\u00e9e \u00e0 un bon enneigement, enchantera le d\u00e9butant comme le skieur exp\u00e9riment\u00e9.<\/p>\n<div class=\"woocommerce-product-description-container\">\n<div class=\"woocommerce-product-description-content\">\n<p>Ce livre, il s\u2019agit de la 4e \u00e9dition mise \u00e0 jour, d\u00e9crit 530 randonn\u00e9es \u00e0 ski dans les Hautes-Alpes, classiques ou in\u00e9dites, de toutes difficult\u00e9s.<\/p>\n<p>140 itin\u00e9raires, s\u00e9lectionn\u00e9es pour leur int\u00e9r\u00eats, et tous parcourus par les auteurs, sont pr\u00e9sent\u00e9s en d\u00e9tail.<br \/>\n390 autres itin\u00e9raires sont d\u00e9crits plus bri\u00e8vement.<\/p>\n<\/div>\n<\/div>\n<p>15 \u00d7 21 cm<\/p>","protected":false},"excerpt":{"rendered":"<p>Ecrins, Queyras, Arves, Cerces, Parpaillon, D\u00e9voluy 140 itin\u00e9raires de ski-alpinisme Le massif des \u00c9crins, parc national, offre de grands itin\u00e9raires proches des 4000 m (D\u00f4me de Neige des \u00c9crins, Pelvoux, glaciers de la Meije\u2026). Les autres massifs sont abordables d\u00e8s le d\u00e9but d\u2019hiver, et leur lumi\u00e8re d\u00e9j\u00e0 m\u00e9ridionale, alli\u00e9e \u00e0 un bon enneigement, enchantera le [&#8230;]\n","protected":false},"featured_media":166285,"template":"","meta":[],"product_brand":[],"product_cat":[21540],"product_tag":[],"class_list":{"0":"post-148865","1":"product","2":"type-product","3":"status-publish","4":"has-post-thumbnail","6":"product_cat-fuehrerliteratur-alpin-winter","7":"pa_autor-cabau-galley","8":"pa_erscheinungsjahr-27013","9":"pa_region-frankreich","10":"pa_sprache-fr","12":"first","13":"instock","14":"taxable","15":"shipping-taxable","16":"purchasable","17":"product-type-simple"},"_links":{"self":[{"href":"https:\/\/pizbube.ch\/en\/wp-json\/wp\/v2\/product\/148865","targetHints":{"allow":["GET"]}}],"collection":[{"href":"https:\/\/pizbube.ch\/en\/wp-json\/wp\/v2\/product"}],"about":[{"href":"https:\/\/pizbube.ch\/en\/wp-json\/wp\/v2\/types\/product"}],"wp:featuredmedia":[{"embeddable":true,"href":"https:\/\/pizbube.ch\/en\/wp-json\/wp\/v2\/media\/166285"}],"wp:attachment":[{"href":"https:\/\/pizbube.ch\/en\/wp-json\/wp\/v2\/media?parent=148865"}],"wp:term":[{"taxonomy":"product_brand","embeddable":true,"href":"https:\/\/pizbube.ch\/en\/wp-json\/wp\/v2\/product_brand?post=148865"},{"taxonomy":"product_cat","embeddable":true,"href":"https:\/\/pizbube.ch\/en\/wp-json\/wp\/v2\/product_cat?post=148865"},{"taxonomy":"product_tag","embeddable":true,"href":"https:\/\/pizbube.ch\/en\/wp-json\/wp\/v2\/product_tag?post=148865"}],"curies":[{"name":"wp","href":"https:\/\/api.w.org\/{rel}","templated":true}]}}