{"id":148866,"date":"2021-01-15T10:58:20","date_gmt":"2021-01-15T10:58:20","guid":{"rendered":"https:\/\/codengine3.ch\/?product=import-placeholder-for-201681"},"modified":"2024-11-29T10:33:23","modified_gmt":"2024-11-29T09:33:23","slug":"isere-ski-de-randonnee","status":"publish","type":"product","link":"https:\/\/pizbube.ch\/en\/shop\/isere-ski-de-randonnee\/","title":{"rendered":"Is\u00e8re &#8211; Ski de randonn\u00e9e"},"content":{"rendered":"<p>Chartreuse, Vercors, D\u00e9voluy, Beaumont, Taillefer, Belledonne, Grandes<br \/>\nRousses, Ecrins:<\/p>\n<p>Les montagnes de l\u2019Is\u00e8re, proche de Grenoble, offrent des possibilit\u00e9s sans \u00e9gal dans les Alpes fran\u00e7aises pour le ski de randonn\u00e9e.<br \/>\nOn y trouve \u00e0 la fois les paysages bois\u00e9s de la Chartreuse, la lumi\u00e8re proven\u00e7ale et l\u2019univers min\u00e9ral du D\u00e9voluy, les hauts plateaux nordiques du Vercors et la partie ouest du massif des Ecrins qui culmine \u00e0 plus de 4.000 m\u00e8tres d\u2019altitude.<\/p>\n<p>R\u00e9dig\u00e9 par deux passionn\u00e9s de montagne, ce guide pr\u00e9sente un inventaire tr\u00e8s complet des randonn\u00e9es \u00e0 ski en Is\u00e8re. 140 itin\u00e9raires ont \u00e9t\u00e9 rigoureusement s\u00e9lectionn\u00e9s et sont pr\u00e9sent\u00e9s en d\u00e9tail : acc\u00e8s, h\u00e9bergement, altitude, niveau de difficult\u00e9, mat\u00e9riel, etc. ; ils sont compl\u00e9t\u00e9s par 360 variantes, soit un ensemble de 500 courses. Les itin\u00e9raires sont illustr\u00e9s par des croquis de situation \u00e0 l\u2019\u00e9chelle 1\/50.000, et deux index, l\u2019un class\u00e9 par ordre alphab\u00e9tique et l\u2019autre par difficult\u00e9 compl\u00e8tent cet ouvrage. Les niveaux de difficult\u00e9 vont de la balade tranquille aux pentes raides, r\u00e9serv\u00e9es aux skieurs exp\u00e9riment\u00e9s.<br \/>\nLa zone g\u00e9ographique pr\u00e9sent\u00e9e couvre le d\u00e9partement de l\u2019Is\u00e8re, le Vercors dr\u00f4mois et le D\u00e9voluy (en grande partie dans les Hautes Alpes). La moiti\u00e9 de ce guide est consacr\u00e9e aux massifs pr\u00e9-alpins de Chartreuse, Vercors, D\u00e9voluy et au massif du Taillefer et des Grandes Rousses, moins connus des skieurs.<\/p>\n<p>15 \u00d7 21 cm<\/p>","protected":false},"excerpt":{"rendered":"<p>Chartreuse, Vercors, D\u00e9voluy, Beaumont, Taillefer, Belledonne, Grandes Rousses, Ecrins: Les montagnes de l\u2019Is\u00e8re, proche de Grenoble, offrent des possibilit\u00e9s sans \u00e9gal dans les Alpes fran\u00e7aises pour le ski de randonn\u00e9e. On y trouve \u00e0 la fois les paysages bois\u00e9s de la Chartreuse, la lumi\u00e8re proven\u00e7ale et l\u2019univers min\u00e9ral du D\u00e9voluy, les hauts plateaux nordiques du [&#8230;]\n","protected":false},"featured_media":166283,"template":"","meta":[],"product_brand":[],"product_cat":[21540],"product_tag":[],"class_list":{"0":"post-148866","1":"product","2":"type-product","3":"status-publish","4":"has-post-thumbnail","6":"product_cat-fuehrerliteratur-alpin-winter","7":"pa_autor-cabau-galley","8":"pa_erscheinungsjahr-21574","9":"pa_region-frankreich","10":"pa_sprache-fr","12":"first","13":"instock","14":"taxable","15":"shipping-taxable","16":"purchasable","17":"product-type-simple"},"_links":{"self":[{"href":"https:\/\/pizbube.ch\/en\/wp-json\/wp\/v2\/product\/148866","targetHints":{"allow":["GET"]}}],"collection":[{"href":"https:\/\/pizbube.ch\/en\/wp-json\/wp\/v2\/product"}],"about":[{"href":"https:\/\/pizbube.ch\/en\/wp-json\/wp\/v2\/types\/product"}],"wp:featuredmedia":[{"embeddable":true,"href":"https:\/\/pizbube.ch\/en\/wp-json\/wp\/v2\/media\/166283"}],"wp:attachment":[{"href":"https:\/\/pizbube.ch\/en\/wp-json\/wp\/v2\/media?parent=148866"}],"wp:term":[{"taxonomy":"product_brand","embeddable":true,"href":"https:\/\/pizbube.ch\/en\/wp-json\/wp\/v2\/product_brand?post=148866"},{"taxonomy":"product_cat","embeddable":true,"href":"https:\/\/pizbube.ch\/en\/wp-json\/wp\/v2\/product_cat?post=148866"},{"taxonomy":"product_tag","embeddable":true,"href":"https:\/\/pizbube.ch\/en\/wp-json\/wp\/v2\/product_tag?post=148866"}],"curies":[{"name":"wp","href":"https:\/\/api.w.org\/{rel}","templated":true}]}}