{"id":148867,"date":"2021-01-15T10:58:20","date_gmt":"2021-01-15T10:58:20","guid":{"rendered":"https:\/\/codengine3.ch\/?product=import-placeholder-for-207899"},"modified":"2023-01-03T09:26:40","modified_gmt":"2023-01-03T08:26:40","slug":"alpinisme-hivernal-en-dauphine-tome-2","status":"publish","type":"product","link":"https:\/\/pizbube.ch\/en\/shop\/alpinisme-hivernal-en-dauphine-tome-2\/","title":{"rendered":"Alpinisme hivernal en Dauphin\u00e9 &#8211; Tome 2"},"content":{"rendered":"<p>Chartreuse Vercors<\/p>\n<p>Ce topo couvre tous les types de pratiques alpines hivernales autour de<br \/>\nGrenoble. De novembre \u00e0 mai, les montagnes du Dauphin\u00e9 offrent une multitude<br \/>\nd`itin\u00e9raires, pour beaucoup in\u00e9dits. Alors que le premier tome couvrant<br \/>\nBelledonne, Taillefer, Gd Armet recense surtout des itin\u00e9raires alpins, ce<br \/>\nsecond tome offre une grande s\u00e9lection de cascades. Malgr\u00e9 tout, ces massifs<br \/>\ndu Vercors et de la Chartreuse pr\u00e9sentent aussi un bon potentiel d`itin\u00e9raire<br \/>\nmontagne.<\/p>\n<p>Topo tr\u00e8s illustr\u00e9 et pratique d`utilisation avec 217 photos et 34 plans<\/p>","protected":false},"excerpt":{"rendered":"<p>Chartreuse Vercors Ce topo couvre tous les types de pratiques alpines hivernales autour de Grenoble. De novembre \u00e0 mai, les montagnes du Dauphin\u00e9 offrent une multitude d`itin\u00e9raires, pour beaucoup in\u00e9dits. Alors que le premier tome couvrant Belledonne, Taillefer, Gd Armet recense surtout des itin\u00e9raires alpins, ce second tome offre une grande s\u00e9lection de cascades. Malgr\u00e9 [&#8230;]\n","protected":false},"featured_media":38774,"template":"","meta":[],"product_brand":[],"product_cat":[21540],"product_tag":[],"class_list":{"0":"post-148867","1":"product","2":"type-product","3":"status-publish","4":"has-post-thumbnail","6":"product_cat-fuehrerliteratur-alpin-winter","7":"pa_autor-escande-weiss","8":"pa_erscheinungsjahr-21830","9":"pa_region-frankreich","10":"pa_sprache-fr","12":"first","13":"outofstock","14":"taxable","15":"shipping-taxable","16":"purchasable","17":"product-type-simple"},"_links":{"self":[{"href":"https:\/\/pizbube.ch\/en\/wp-json\/wp\/v2\/product\/148867","targetHints":{"allow":["GET"]}}],"collection":[{"href":"https:\/\/pizbube.ch\/en\/wp-json\/wp\/v2\/product"}],"about":[{"href":"https:\/\/pizbube.ch\/en\/wp-json\/wp\/v2\/types\/product"}],"wp:featuredmedia":[{"embeddable":true,"href":"https:\/\/pizbube.ch\/en\/wp-json\/wp\/v2\/media\/38774"}],"wp:attachment":[{"href":"https:\/\/pizbube.ch\/en\/wp-json\/wp\/v2\/media?parent=148867"}],"wp:term":[{"taxonomy":"product_brand","embeddable":true,"href":"https:\/\/pizbube.ch\/en\/wp-json\/wp\/v2\/product_brand?post=148867"},{"taxonomy":"product_cat","embeddable":true,"href":"https:\/\/pizbube.ch\/en\/wp-json\/wp\/v2\/product_cat?post=148867"},{"taxonomy":"product_tag","embeddable":true,"href":"https:\/\/pizbube.ch\/en\/wp-json\/wp\/v2\/product_tag?post=148867"}],"curies":[{"name":"wp","href":"https:\/\/api.w.org\/{rel}","templated":true}]}}