{"id":148868,"date":"2021-01-15T10:58:20","date_gmt":"2021-01-15T10:58:20","guid":{"rendered":"https:\/\/codengine3.ch\/?product=import-placeholder-for-208442"},"modified":"2021-01-15T17:54:05","modified_gmt":"2021-01-15T17:54:05","slug":"le-vercors-a-raquettes","status":"publish","type":"product","link":"https:\/\/pizbube.ch\/en\/shop\/le-vercors-a-raquettes\/","title":{"rendered":"Le Vercors \u00e0 raquettes"},"content":{"rendered":"<p>Les plus belles balades et randonn\u00e9es<\/p>\n<p>Une s\u00e9lection de 34 itin\u00e9raires \u00e0 raquettes dans ce massif du Vercors dont le<br \/>\nrelief se pr\u00eate merveilleusement \u00e0 cette activit\u00e9.<\/p>\n<p>Bien connu pour ses grands plateaux qui ont conquis le c\u0153ur des randonneurs<br \/>\nnordiques depuis des d\u00e9cennies, le Vercors s\u2019est progressivement r\u00e9v\u00e9l\u00e9 un<br \/>\nterrain de choix pour les amateurs de randonn\u00e9es \u00e0 raquettes. Des sites phares<br \/>\nde la barri\u00e8re orientale comme le Moucherotte, le pic Saint-Michel, la<br \/>\nMoli\u00e8re, aux sommets plus m\u00e9connus du Vercors central et des confins<br \/>\nm\u00e9ridionaux du massif, ces 34 itin\u00e9raires offrent un tour complet du plus<br \/>\nvaste massif des Pr\u00e9alpes dauphinoises avec des propositions de tous niveaux,<br \/>\n\u00e0 r\u00e9aliser d\u00e8s les premi\u00e8res neiges jusqu\u2019au printemps.<\/p>\n<p>Fran\u00e7ois Ribard, qui vit dans le Vercors, a r\u00e9alis\u00e9 toutes ces randonn\u00e9es et<br \/>\nlivre des descriptifs pr\u00e9cis accompagn\u00e9s de belles photos d\u2019ambiance.<\/p>","protected":false},"excerpt":{"rendered":"<p>Les plus belles balades et randonn\u00e9es Une s\u00e9lection de 34 itin\u00e9raires \u00e0 raquettes dans ce massif du Vercors dont le relief se pr\u00eate merveilleusement \u00e0 cette activit\u00e9. Bien connu pour ses grands plateaux qui ont conquis le c\u0153ur des randonneurs nordiques depuis des d\u00e9cennies, le Vercors s\u2019est progressivement r\u00e9v\u00e9l\u00e9 un terrain de choix pour les [&#8230;]\n","protected":false},"featured_media":40224,"template":"","meta":[],"product_brand":[],"product_cat":[21540],"product_tag":[],"class_list":{"0":"post-148868","1":"product","2":"type-product","3":"status-publish","4":"has-post-thumbnail","6":"product_cat-fuehrerliteratur-alpin-winter","7":"pa_autor-ribard","8":"pa_erscheinungsjahr-21597","9":"pa_region-frankreich","10":"pa_sprache-fr","12":"first","13":"instock","14":"taxable","15":"shipping-taxable","16":"purchasable","17":"product-type-simple"},"_links":{"self":[{"href":"https:\/\/pizbube.ch\/en\/wp-json\/wp\/v2\/product\/148868","targetHints":{"allow":["GET"]}}],"collection":[{"href":"https:\/\/pizbube.ch\/en\/wp-json\/wp\/v2\/product"}],"about":[{"href":"https:\/\/pizbube.ch\/en\/wp-json\/wp\/v2\/types\/product"}],"wp:featuredmedia":[{"embeddable":true,"href":"https:\/\/pizbube.ch\/en\/wp-json\/wp\/v2\/media\/40224"}],"wp:attachment":[{"href":"https:\/\/pizbube.ch\/en\/wp-json\/wp\/v2\/media?parent=148868"}],"wp:term":[{"taxonomy":"product_brand","embeddable":true,"href":"https:\/\/pizbube.ch\/en\/wp-json\/wp\/v2\/product_brand?post=148868"},{"taxonomy":"product_cat","embeddable":true,"href":"https:\/\/pizbube.ch\/en\/wp-json\/wp\/v2\/product_cat?post=148868"},{"taxonomy":"product_tag","embeddable":true,"href":"https:\/\/pizbube.ch\/en\/wp-json\/wp\/v2\/product_tag?post=148868"}],"curies":[{"name":"wp","href":"https:\/\/api.w.org\/{rel}","templated":true}]}}