{"id":148869,"date":"2021-01-15T10:58:20","date_gmt":"2021-01-15T10:58:20","guid":{"rendered":"https:\/\/codengine3.ch\/?product=import-placeholder-for-200518"},"modified":"2021-01-15T10:58:24","modified_gmt":"2021-01-15T10:58:24","slug":"das-buch-des-selvaggio-blu","status":"publish","type":"product","link":"https:\/\/pizbube.ch\/en\/shop\/das-buch-des-selvaggio-blu\/","title":{"rendered":"DAS BUCH DES SELVAGGIO BLU"},"content":{"rendered":"<p>Die wahre Geschichte des Selvaggio Blu, erz\u00e4hlt von einem der Protagonisten,<br \/>\ndem Bergsteiger und Fotografen Mario Verin, der den Weg gemeinsam mit seinem<br \/>\nFreund Peppino Cical\u00f2 in den Jahren 1987-88 entwickelte und \u00f6ffnete. Bl\u00e4ttert<br \/>\nman durch diesen Bildband, in dem die Bilder von kleinen Geschichten und<br \/>\nthematischen Schwerpunkten zur Hirtenkultur, zum Leben der Bewohner von Baunei<br \/>\nund zur Geologie der Gegend begleitet werden, erheben sich Erinnerungen und<br \/>\nEmotionen an die Momente der Entdeckung des Weges, eines der sch\u00f6nsten und<br \/>\nanspruchsvollsten Wege des Mittelmeerraumes.<\/p>\n<p>Der Leitfaden ist die Route in vier Etappen, von Pedra Longa bis Cala Sisine,<br \/>\ndie durch das Verbinden antiker Hirtenwege mit schwindelerregenden<br \/>\nKletterpassagen entstand. Er begleitet den Leser auf der Entdeckungsreise<br \/>\ndurch den Supramonte und seiner steil zum Meer abfallender K\u00fcste. Im Anhang<br \/>\nfinden sich eine detaillierte Beschreibung und die notwendigen Informationen,<br \/>\ninklusive der GPS-Aufzeichnungen, \u00fcbertragen auf eine DEM-Karte, um den Weg in<br \/>\nseiner originalen und anspruchsvollsten Version angehen zu k\u00f6nnen.<\/p>","protected":false},"excerpt":{"rendered":"<ul>\n<li><a href=\"https:\/\/pizbube.ch\/wp-content\/uploads\/attachments\/a_004\/32EFE9FBB78FAD65CBC685E9C62C9A88.pdf\" target=\"_blank\" rel=\"noopener\">PDF: Leseprobe<\/a><\/li>\n<\/ul>","protected":false},"featured_media":27162,"template":"","meta":[],"product_brand":[],"product_cat":[21542],"product_tag":[],"class_list":{"0":"post-148869","1":"product","2":"type-product","3":"status-publish","4":"has-post-thumbnail","6":"product_cat-sachbuecher-dokumentationen","7":"pa_autor-verin-castelli","8":"pa_erscheinungsjahr-21568","9":"pa_region-italien","10":"pa_sprache-de","12":"first","13":"outofstock","14":"taxable","15":"shipping-taxable","16":"purchasable","17":"product-type-simple"},"_links":{"self":[{"href":"https:\/\/pizbube.ch\/en\/wp-json\/wp\/v2\/product\/148869","targetHints":{"allow":["GET"]}}],"collection":[{"href":"https:\/\/pizbube.ch\/en\/wp-json\/wp\/v2\/product"}],"about":[{"href":"https:\/\/pizbube.ch\/en\/wp-json\/wp\/v2\/types\/product"}],"wp:featuredmedia":[{"embeddable":true,"href":"https:\/\/pizbube.ch\/en\/wp-json\/wp\/v2\/media\/27162"}],"wp:attachment":[{"href":"https:\/\/pizbube.ch\/en\/wp-json\/wp\/v2\/media?parent=148869"}],"wp:term":[{"taxonomy":"product_brand","embeddable":true,"href":"https:\/\/pizbube.ch\/en\/wp-json\/wp\/v2\/product_brand?post=148869"},{"taxonomy":"product_cat","embeddable":true,"href":"https:\/\/pizbube.ch\/en\/wp-json\/wp\/v2\/product_cat?post=148869"},{"taxonomy":"product_tag","embeddable":true,"href":"https:\/\/pizbube.ch\/en\/wp-json\/wp\/v2\/product_tag?post=148869"}],"curies":[{"name":"wp","href":"https:\/\/api.w.org\/{rel}","templated":true}]}}