{"id":148875,"date":"2021-01-15T10:58:20","date_gmt":"2021-01-15T10:58:20","guid":{"rendered":"https:\/\/codengine3.ch\/?product=import-placeholder-for-206384"},"modified":"2026-03-11T10:58:00","modified_gmt":"2026-03-11T09:58:00","slug":"vorarlberg-sportkletterfuehrer","status":"publish","type":"product","link":"https:\/\/pizbube.ch\/en\/shop\/vorarlberg-sportkletterfuehrer\/","title":{"rendered":"Vorarlberg Sportkletterf\u00fchrer"},"content":{"rendered":"<p>Kletterf\u00fchrer Vorarlberg. Sportklettern im Bregenzer Wald, Rheintal, Walgau, Montafon und im Arlberggebiet.<\/p>\n<p>Das Sportklettern im L\u00e4ndle hat Tradition. Weithin bekannte Pioniere wie Beat Kammerlander und der leider verungl\u00fcckte Peter Sch\u00e4ffler haben hier ihre Spuren hinterlassen. In den vergangenen Jahren hatte es enorme Entwicklungssch\u00fcbe gegeben, die uns beim Panico Verlag zun\u00e4chst dazu motiviert hatten, einen eigenst\u00e4ndigen Sportkletterf\u00fchrer herauszubringen. Doch die Vorarlberger haben nie einfach so aufgeh\u00f6rt zu bohren \u2013 im Gegenteil: Die Entwicklung der Gebiete schreitet mit ungebremster Dynamik voran.<\/p>\n<p>Deshalb war jetzt die dritte Auflage f\u00e4llig. Dabei galt es die umfassenden Sanierungen und Neukrationen der letzten Jahre zu verarbeiten, sowie auch ein paar g\u00e4nzlich neue Ziele f\u00fcr den F\u00fchrer zu erfassen. In dem riesigen Gebiet, das sich vom Bregenzer Wald \u00fcber das Rheintal bis hinein ins Montafon und den Arlberg hoch erstreckt, warten zahlreiche Kletter-Perlen. Ein Besuch lohnt sich. Schaut euch den F\u00fchrer an und ihr werdet sehen, was wir damit meinen.<\/p>\n<p>Dem F\u00fchrer liegt ein Downloadcode f\u00fcr eine kostenlose Anwendung f\u00fcr iOS und Android bei. Ihr bekommt damit alle im Kletterf\u00fchrer enthaltenen Topos in Form einer App f\u00fcr euer Smartphone 3 Jahre gratis dazu.<\/p>\n<p>4. Auflage 2026,<br \/>\n148 x 185 mm, 493 Seiten, Softcover, komplett 4 Farbig<\/p>","protected":false},"excerpt":{"rendered":"<p>Kletterf\u00fchrer Vorarlberg. Sportklettern im Bregenzer Wald, Rheintal, Walgau, Montafon und im Arlberggebiet. Das Sportklettern im L\u00e4ndle hat Tradition. Weithin bekannte Pioniere wie Beat Kammerlander und der leider verungl\u00fcckte Peter Sch\u00e4ffler haben hier ihre Spuren hinterlassen. In den vergangenen Jahren hatte es enorme Entwicklungssch\u00fcbe gegeben, die uns beim Panico Verlag zun\u00e4chst dazu motiviert hatten, einen eigenst\u00e4ndigen [&#8230;]\n","protected":false},"featured_media":182481,"template":"","meta":[],"product_brand":[],"product_cat":[21539],"product_tag":[],"class_list":{"0":"post-148875","1":"product","2":"type-product","3":"status-publish","4":"has-post-thumbnail","6":"product_cat-fuehrerliteratur-sportklettern-bouldern","7":"pa_autor-lindemann","8":"pa_erscheinungsjahr-27654","9":"pa_region-oesterreich","10":"pa_sprache-de","12":"first","13":"instock","14":"taxable","15":"shipping-taxable","16":"purchasable","17":"product-type-simple"},"_links":{"self":[{"href":"https:\/\/pizbube.ch\/en\/wp-json\/wp\/v2\/product\/148875","targetHints":{"allow":["GET"]}}],"collection":[{"href":"https:\/\/pizbube.ch\/en\/wp-json\/wp\/v2\/product"}],"about":[{"href":"https:\/\/pizbube.ch\/en\/wp-json\/wp\/v2\/types\/product"}],"wp:featuredmedia":[{"embeddable":true,"href":"https:\/\/pizbube.ch\/en\/wp-json\/wp\/v2\/media\/182481"}],"wp:attachment":[{"href":"https:\/\/pizbube.ch\/en\/wp-json\/wp\/v2\/media?parent=148875"}],"wp:term":[{"taxonomy":"product_brand","embeddable":true,"href":"https:\/\/pizbube.ch\/en\/wp-json\/wp\/v2\/product_brand?post=148875"},{"taxonomy":"product_cat","embeddable":true,"href":"https:\/\/pizbube.ch\/en\/wp-json\/wp\/v2\/product_cat?post=148875"},{"taxonomy":"product_tag","embeddable":true,"href":"https:\/\/pizbube.ch\/en\/wp-json\/wp\/v2\/product_tag?post=148875"}],"curies":[{"name":"wp","href":"https:\/\/api.w.org\/{rel}","templated":true}]}}