{"id":148876,"date":"2021-01-15T10:58:20","date_gmt":"2021-01-15T10:58:20","guid":{"rendered":"https:\/\/codengine3.ch\/?product=import-placeholder-for-203784"},"modified":"2021-02-24T11:15:36","modified_gmt":"2021-02-24T10:15:36","slug":"genussklettern-oesterreich-mitte","status":"publish","type":"product","link":"https:\/\/pizbube.ch\/en\/shop\/genussklettern-oesterreich-mitte\/","title":{"rendered":"Genussklettern \u00d6sterreich Mitte"},"content":{"rendered":"<p>Die sch\u00f6nsten Plaisir- und Genussklettertouren vom Toten Gebirge \u00fcber die<br \/>\nBerchtesgadener Alpen bis zum Karwendel.<\/p>\n<p>Neben vielen neuen leichteren Genussklettertouren in Salzburg und<br \/>\nOber\u00f6sterreich wurden auch die langen, gut abgesicherten Touren im Tiroler<br \/>\nUnterland bis zur Martinswand mit aufgenommen. Auch einige leichte<br \/>\nKletterg\u00e4rten in den Talregionen sind im Buch.<\/p>\n<p>Die ausgew\u00e4hlten Touren sind sehr gut bis gut mit Bohrhaken abgesicherte<br \/>\nMehrseill\u00e4ngentouren, die meist immer gute Felsqualit\u00e4t aufweisen &#8211; sehr viele<br \/>\nbis dato noch nie in Kletterf\u00fchrern erw\u00e4hnte Touren und Wege sind dabei &#8211;<br \/>\nRoutennamen wie &#8218;Anf\u00e4ngerfreuden&#8216;, &#8218;Brett-Schmankerl&#8216;, &#8218;Strada del Sole&#8216; oder<br \/>\n&#8218;Hasenalarm&#8216; garantieren unbeschwertes Genussklettern!<\/p>\n<p>2. stark. erw. Auflage.<br \/>\ninkl. CD-ROM mit Tourenbl\u00e4ttern zum Ausdrucken und Mitnehmen!<br \/>\n336 Seiten, vierf\u00e4rbig gedruckt, stabile Fadenheftung, mit Kletter-Topos, sehr<br \/>\nvielen Farbfotos, Kartenskizzen und CD-ROM<\/p>","protected":false},"excerpt":{"rendered":"<ul>\n<li><a href=\"https:\/\/pizbube.ch\/wp-content\/uploads\/attachments\/a_003\/21CD532EB2C9D86242677B93F6A9ECFD.pdf\" target=\"_blank\" rel=\"noopener\">PDF: Touren\u00fcbersicht\/Inhalt.pdf<\/a><\/li>\n<\/ul>\n<ul>\n<li><b>INFO: Neuauflage geplant, Termin unbestimmt<b><\/b><\/b><\/li>\n<\/ul>","protected":false},"featured_media":31465,"template":"","meta":[],"product_brand":[],"product_cat":[21539],"product_tag":[],"class_list":{"0":"post-148876","1":"product","2":"type-product","3":"status-publish","4":"has-post-thumbnail","6":"product_cat-fuehrerliteratur-sportklettern-bouldern","7":"pa_autor-jentzsch-rabl-jentzsch","8":"pa_erscheinungsjahr-21591","9":"pa_region-oesterreich","10":"pa_sprache-de","12":"first","13":"outofstock","14":"taxable","15":"shipping-taxable","16":"purchasable","17":"product-type-simple"},"_links":{"self":[{"href":"https:\/\/pizbube.ch\/en\/wp-json\/wp\/v2\/product\/148876","targetHints":{"allow":["GET"]}}],"collection":[{"href":"https:\/\/pizbube.ch\/en\/wp-json\/wp\/v2\/product"}],"about":[{"href":"https:\/\/pizbube.ch\/en\/wp-json\/wp\/v2\/types\/product"}],"wp:featuredmedia":[{"embeddable":true,"href":"https:\/\/pizbube.ch\/en\/wp-json\/wp\/v2\/media\/31465"}],"wp:attachment":[{"href":"https:\/\/pizbube.ch\/en\/wp-json\/wp\/v2\/media?parent=148876"}],"wp:term":[{"taxonomy":"product_brand","embeddable":true,"href":"https:\/\/pizbube.ch\/en\/wp-json\/wp\/v2\/product_brand?post=148876"},{"taxonomy":"product_cat","embeddable":true,"href":"https:\/\/pizbube.ch\/en\/wp-json\/wp\/v2\/product_cat?post=148876"},{"taxonomy":"product_tag","embeddable":true,"href":"https:\/\/pizbube.ch\/en\/wp-json\/wp\/v2\/product_tag?post=148876"}],"curies":[{"name":"wp","href":"https:\/\/api.w.org\/{rel}","templated":true}]}}