{"id":148878,"date":"2021-01-15T10:58:20","date_gmt":"2021-01-15T10:58:20","guid":{"rendered":"https:\/\/codengine3.ch\/?product=import-placeholder-for-200521"},"modified":"2025-08-27T10:17:09","modified_gmt":"2025-08-27T08:17:09","slug":"vol-rando-en-france-topo-guide-des-plus-beaux-vols","status":"publish","type":"product","link":"https:\/\/pizbube.ch\/en\/shop\/vol-rando-en-france-topo-guide-des-plus-beaux-vols\/","title":{"rendered":"Vol-rando en France : topo-guide des plus beaux vols"},"content":{"rendered":"<p>Partez \u00e0 la d\u00e9couverte des plus beaux vol-randos de France. Depuis le littoral<br \/>\ncorse jusqu\u2019aux magnifiques alpages de la Haute-Savoie, en passant par les<br \/>\nvolcans endormis du Massif Central, ce guide vous donnera toutes les infos<br \/>\nutiles pour parcourir et survoler les plus beaux massifs fran\u00e7ais.<\/p>\n<p>Que ce soit pour une courte mont\u00e9e \u00e0 la fra\u00eeche, pour une grosse journ\u00e9e avec<br \/>\n1400 m de d\u00e9nivel\u00e9 au programme, ou pour une petite balade de fin d\u2019apr\u00e8s-midi<br \/>\nsuivie d\u2019un vol au soleil couchant, il n\u2019y a plus qu\u2019\u00e0 prendre la m\u00e9t\u00e9o !<\/p>","protected":false},"excerpt":{"rendered":"<p>Partez \u00e0 la d\u00e9couverte des plus beaux vol-randos de France. Depuis le littoral corse jusqu\u2019aux magnifiques alpages de la Haute-Savoie, en passant par les volcans endormis du Massif Central, ce guide vous donnera toutes les infos utiles pour parcourir et survoler les plus beaux massifs fran\u00e7ais. Que ce soit pour une courte mont\u00e9e \u00e0 la [&#8230;]\n","protected":false},"featured_media":181083,"template":"","meta":[],"product_brand":[],"product_cat":[22064],"product_tag":[],"class_list":{"0":"post-148878","1":"product","2":"type-product","3":"status-publish","4":"has-post-thumbnail","6":"product_cat-gleitschirmbuecher","7":"pa_erscheinungsjahr-21571","8":"pa_region-frankreich","9":"pa_sprache-fr","11":"first","12":"onbackorder","13":"taxable","14":"shipping-taxable","15":"purchasable","16":"product-type-simple"},"_links":{"self":[{"href":"https:\/\/pizbube.ch\/en\/wp-json\/wp\/v2\/product\/148878","targetHints":{"allow":["GET"]}}],"collection":[{"href":"https:\/\/pizbube.ch\/en\/wp-json\/wp\/v2\/product"}],"about":[{"href":"https:\/\/pizbube.ch\/en\/wp-json\/wp\/v2\/types\/product"}],"wp:featuredmedia":[{"embeddable":true,"href":"https:\/\/pizbube.ch\/en\/wp-json\/wp\/v2\/media\/181083"}],"wp:attachment":[{"href":"https:\/\/pizbube.ch\/en\/wp-json\/wp\/v2\/media?parent=148878"}],"wp:term":[{"taxonomy":"product_brand","embeddable":true,"href":"https:\/\/pizbube.ch\/en\/wp-json\/wp\/v2\/product_brand?post=148878"},{"taxonomy":"product_cat","embeddable":true,"href":"https:\/\/pizbube.ch\/en\/wp-json\/wp\/v2\/product_cat?post=148878"},{"taxonomy":"product_tag","embeddable":true,"href":"https:\/\/pizbube.ch\/en\/wp-json\/wp\/v2\/product_tag?post=148878"}],"curies":[{"name":"wp","href":"https:\/\/api.w.org\/{rel}","templated":true}]}}