{"id":148880,"date":"2021-01-15T10:58:20","date_gmt":"2021-01-15T10:58:20","guid":{"rendered":"https:\/\/codengine3.ch\/?product=import-placeholder-for-208405"},"modified":"2025-11-25T09:19:34","modified_gmt":"2025-11-25T08:19:34","slug":"gleitschirmfliegen-weltweit-30-traumhafte-fluggebiete","status":"publish","type":"product","link":"https:\/\/pizbube.ch\/en\/shop\/gleitschirmfliegen-weltweit-30-traumhafte-fluggebiete\/","title":{"rendered":"Gleitschirmfliegen weltweit &#8211; 30 traumhafte Fluggebiete"},"content":{"rendered":"<p>Mit dem Gleitschirm um die Welt<br \/>\nDer Traum vom Paragliden: Dieser einzigartige Gleitschirm-Bildband stellt<br \/>\nerstmals die 30 besten Fluggebiete aller Kontinente vor. In faszinierenden<br \/>\nFotos aus luftiger H\u00f6he geht es von den Alpen \u00fcber Kroatien bis nach Island.<br \/>\nNach Mexiko, Costa Rica, La R\u00e9union oder Kenia.<\/p>\n<p>Oder zieht es Sie nach Australien und hoch hinauf nach Nepal?<br \/>\nLassen Sie sich inspirieren! Oder planen Sie konkret \u0096 praktische Infos zu den<br \/>\nFluggebieten helfen Ihnen dabei.<br \/>\n168 Seiten, ca. 250 Abbildungen, Format 22,7 x 27,4 cm, Hardcover<\/p>","protected":false},"excerpt":{"rendered":"<p>Mit dem Gleitschirm um die Welt Der Traum vom Paragliden: Dieser einzigartige Gleitschirm-Bildband stellt erstmals die 30 besten Fluggebiete aller Kontinente vor. In faszinierenden Fotos aus luftiger H\u00f6he geht es von den Alpen \u00fcber Kroatien bis nach Island. Nach Mexiko, Costa Rica, La R\u00e9union oder Kenia. Oder zieht es Sie nach Australien und hoch hinauf [&#8230;]\n","protected":false},"featured_media":40110,"template":"","meta":[],"product_brand":[],"product_cat":[22064],"product_tag":[],"class_list":{"0":"post-148880","1":"product","2":"type-product","3":"status-publish","4":"has-post-thumbnail","6":"product_cat-gleitschirmbuecher","7":"pa_autor-busslinger-scheel-woelk","8":"pa_erscheinungsjahr-21597","9":"pa_region-uebrigers-europa","10":"pa_sprache-de","12":"first","13":"outofstock","14":"taxable","15":"shipping-taxable","16":"purchasable","17":"product-type-simple"},"_links":{"self":[{"href":"https:\/\/pizbube.ch\/en\/wp-json\/wp\/v2\/product\/148880","targetHints":{"allow":["GET"]}}],"collection":[{"href":"https:\/\/pizbube.ch\/en\/wp-json\/wp\/v2\/product"}],"about":[{"href":"https:\/\/pizbube.ch\/en\/wp-json\/wp\/v2\/types\/product"}],"wp:featuredmedia":[{"embeddable":true,"href":"https:\/\/pizbube.ch\/en\/wp-json\/wp\/v2\/media\/40110"}],"wp:attachment":[{"href":"https:\/\/pizbube.ch\/en\/wp-json\/wp\/v2\/media?parent=148880"}],"wp:term":[{"taxonomy":"product_brand","embeddable":true,"href":"https:\/\/pizbube.ch\/en\/wp-json\/wp\/v2\/product_brand?post=148880"},{"taxonomy":"product_cat","embeddable":true,"href":"https:\/\/pizbube.ch\/en\/wp-json\/wp\/v2\/product_cat?post=148880"},{"taxonomy":"product_tag","embeddable":true,"href":"https:\/\/pizbube.ch\/en\/wp-json\/wp\/v2\/product_tag?post=148880"}],"curies":[{"name":"wp","href":"https:\/\/api.w.org\/{rel}","templated":true}]}}