{"id":148881,"date":"2021-01-15T10:58:21","date_gmt":"2021-01-15T10:58:21","guid":{"rendered":"https:\/\/codengine3.ch\/?product=import-placeholder-for-201433"},"modified":"2022-05-14T14:55:43","modified_gmt":"2022-05-14T12:55:43","slug":"die-schoensten-fluggebiete-rund-um-das-mittelmeer","status":"publish","type":"product","link":"https:\/\/pizbube.ch\/en\/shop\/die-schoensten-fluggebiete-rund-um-das-mittelmeer\/","title":{"rendered":"Die sch\u00f6nsten Fluggebiete rund um das Mittelmeer"},"content":{"rendered":"<p>Kompetenter F\u00fchrer f\u00fcr Gleitschirm- und Drachenflieger zu den 65 sch\u00f6nsten<br \/>\nFluggebieten am Mittelmeer.<\/p>\n<p>Fluggebietsf\u00fchrers von Oliver Guenay mit vielen neuen Tipps zu Fluggebieten in<br \/>\nItalien, Frankreich, Spanien, T\u00fcrkei, Griechenland, Kroatien, Portugal und<br \/>\nMarokko.<\/p>\n<p>F\u00fcr Gleitschirm- und Drachenflieger. 101 farb. Abb., 164 farb. Fotos, zahlr.<br \/>\nKtn.-Skizz. 216 S.<\/p>","protected":false},"excerpt":{"rendered":"<p>Kompetenter F\u00fchrer f\u00fcr Gleitschirm- und Drachenflieger zu den 65 sch\u00f6nsten Fluggebieten am Mittelmeer. Fluggebietsf\u00fchrers von Oliver Guenay mit vielen neuen Tipps zu Fluggebieten in Italien, Frankreich, Spanien, T\u00fcrkei, Griechenland, Kroatien, Portugal und Marokko. F\u00fcr Gleitschirm- und Drachenflieger. 101 farb. Abb., 164 farb. Fotos, zahlr. Ktn.-Skizz. 216 S.<\/p>","protected":false},"featured_media":28777,"template":"","meta":[],"product_brand":[],"product_cat":[22064],"product_tag":[],"class_list":{"0":"post-148881","1":"product","2":"type-product","3":"status-publish","4":"has-post-thumbnail","6":"product_cat-gleitschirmbuecher","7":"pa_autor-guenay","8":"pa_erscheinungsjahr-21920","9":"pa_region-uebrigers-europa","10":"pa_sprache-de","12":"first","13":"instock","14":"taxable","15":"shipping-taxable","16":"purchasable","17":"product-type-simple"},"_links":{"self":[{"href":"https:\/\/pizbube.ch\/en\/wp-json\/wp\/v2\/product\/148881","targetHints":{"allow":["GET"]}}],"collection":[{"href":"https:\/\/pizbube.ch\/en\/wp-json\/wp\/v2\/product"}],"about":[{"href":"https:\/\/pizbube.ch\/en\/wp-json\/wp\/v2\/types\/product"}],"wp:featuredmedia":[{"embeddable":true,"href":"https:\/\/pizbube.ch\/en\/wp-json\/wp\/v2\/media\/28777"}],"wp:attachment":[{"href":"https:\/\/pizbube.ch\/en\/wp-json\/wp\/v2\/media?parent=148881"}],"wp:term":[{"taxonomy":"product_brand","embeddable":true,"href":"https:\/\/pizbube.ch\/en\/wp-json\/wp\/v2\/product_brand?post=148881"},{"taxonomy":"product_cat","embeddable":true,"href":"https:\/\/pizbube.ch\/en\/wp-json\/wp\/v2\/product_cat?post=148881"},{"taxonomy":"product_tag","embeddable":true,"href":"https:\/\/pizbube.ch\/en\/wp-json\/wp\/v2\/product_tag?post=148881"}],"curies":[{"name":"wp","href":"https:\/\/api.w.org\/{rel}","templated":true}]}}