{"id":148882,"date":"2021-01-15T10:58:21","date_gmt":"2021-01-15T10:58:21","guid":{"rendered":"https:\/\/codengine3.ch\/?product=import-placeholder-for-204841"},"modified":"2024-06-07T16:25:25","modified_gmt":"2024-06-07T14:25:25","slug":"das-streckenflugbuch","status":"publish","type":"product","link":"https:\/\/pizbube.ch\/en\/shop\/das-streckenflugbuch\/","title":{"rendered":"Das Thermik- und Streckenflugbuch"},"content":{"rendered":"<p>Eine neue Auflage, entstanden aus dem Thermikbuch und dem Streckenflugbuch.<\/p>\n<p>Burkhard Martens hat die Weltbestseller &#171;Das Thermikbuch&#187; und &#171;Das Streckenflugbuch&#187; zu einem Buch zusammengefasst. Aus dem Streckenflugbuch wurden die meisten Fluggebiete ausgegliedert und stehen nun zum Download f\u00fcr die Leser auf der Homepage zur Verf\u00fcgung. Herausgekommen ist ein neues umfassendes Werk f\u00fcr alle Piloten, vom Anf\u00e4nger bis zum Profi.<\/p>\n<p>Neben Burki \u0301s Tipps kommen viele weitere herausragende Piloten in Interviews und Gastartikeln zu Wort. Bruce Goldsmith hat ein eigenes Kapitel bekommen. Die Profis, Armin Harich und Sepp Gschwendtner, schreiben zu den Besonderheiten der Flachlandfliegerei. Der DHV Wetterexperte Volker Schwaniz schreibt das Wetterkapitel.<\/p>\n<p>Das Buch hat 544 Seiten und \u00fcber 1000 Bilder.<\/p>\n<p>1. Auflage 2023<\/p>","protected":false},"excerpt":{"rendered":"<p><strong><a href=\"https:\/\/pizbube.ch\/wp-content\/uploads\/2021\/01\/Leseprobe_Thermik_Streckenflugbuch.pdf\" target=\"_blank\" rel=\"noopener\">Leseprobe_Thermik_Streckenflugbuch<\/a><\/strong><\/p>","protected":false},"featured_media":167342,"template":"","meta":[],"product_brand":[],"product_cat":[22064],"product_tag":[],"class_list":{"0":"post-148882","1":"product","2":"type-product","3":"status-publish","4":"has-post-thumbnail","6":"product_cat-gleitschirmbuecher","7":"pa_autor-martens","8":"pa_erscheinungsjahr-27129","9":"pa_region-orientierung-wetter-ausbildung","10":"pa_sprache-de","12":"first","13":"onbackorder","14":"taxable","15":"shipping-taxable","16":"purchasable","17":"product-type-simple"},"_links":{"self":[{"href":"https:\/\/pizbube.ch\/en\/wp-json\/wp\/v2\/product\/148882","targetHints":{"allow":["GET"]}}],"collection":[{"href":"https:\/\/pizbube.ch\/en\/wp-json\/wp\/v2\/product"}],"about":[{"href":"https:\/\/pizbube.ch\/en\/wp-json\/wp\/v2\/types\/product"}],"wp:featuredmedia":[{"embeddable":true,"href":"https:\/\/pizbube.ch\/en\/wp-json\/wp\/v2\/media\/167342"}],"wp:attachment":[{"href":"https:\/\/pizbube.ch\/en\/wp-json\/wp\/v2\/media?parent=148882"}],"wp:term":[{"taxonomy":"product_brand","embeddable":true,"href":"https:\/\/pizbube.ch\/en\/wp-json\/wp\/v2\/product_brand?post=148882"},{"taxonomy":"product_cat","embeddable":true,"href":"https:\/\/pizbube.ch\/en\/wp-json\/wp\/v2\/product_cat?post=148882"},{"taxonomy":"product_tag","embeddable":true,"href":"https:\/\/pizbube.ch\/en\/wp-json\/wp\/v2\/product_tag?post=148882"}],"curies":[{"name":"wp","href":"https:\/\/api.w.org\/{rel}","templated":true}]}}