{"id":148883,"date":"2021-01-15T10:58:21","date_gmt":"2021-01-15T10:58:21","guid":{"rendered":"https:\/\/codengine3.ch\/?product=import-placeholder-for-200529"},"modified":"2021-01-15T10:58:32","modified_gmt":"2021-01-15T10:58:32","slug":"parapente-en-europe-les-plus-beaux-sites","status":"publish","type":"product","link":"https:\/\/pizbube.ch\/en\/shop\/parapente-en-europe-les-plus-beaux-sites\/","title":{"rendered":"Parapente en Europe &#8211; Les plus beaux sites"},"content":{"rendered":"<p>\nPartez \u00e0 la d\u00e9couverte des plus beaux sites de parapente d&#8217;Europe.Depuis le<br \/>\ncrat\u00e8re d&#8217;un volcan aux A\u00e7ores jusqu&#8217;aux plages de r\u00eaves de Turquie, en<br \/>\npassant par les plus hauts sommets des Alpes, ce guide vous invite \u00e0 survoler<br \/>\nles plus beaux paysages d&#8217;Europe.  <\/p>\n<p>Que vous soyez \u00e0 la recherche de longue distance dans la plaine espagnole, de<br \/>\ntriangles diaboliques dans la montagne suisse ou de soaring cinq \u00e9toiles sur<br \/>\nune dune danoise, il n&#8217;y a plus qu&#8217;\u00e0 faire son sac !  <\/p>","protected":false},"excerpt":{"rendered":"<p>Partez \u00e0 la d\u00e9couverte des plus beaux sites de parapente d&#8217;Europe.Depuis le crat\u00e8re d&#8217;un volcan aux A\u00e7ores jusqu&#8217;aux plages de r\u00eaves de Turquie, en passant par les plus hauts sommets des Alpes, ce guide vous invite \u00e0 survoler les plus beaux paysages d&#8217;Europe. Que vous soyez \u00e0 la recherche de longue distance dans la plaine [&#8230;]\n","protected":false},"featured_media":27193,"template":"","meta":[],"product_brand":[],"product_cat":[22064],"product_tag":[],"class_list":{"0":"post-148883","1":"product","2":"type-product","3":"status-publish","4":"has-post-thumbnail","6":"product_cat-gleitschirmbuecher","7":"pa_autor-wacogne","8":"pa_erscheinungsjahr-21550","9":"pa_region-uebrigers-europa","10":"pa_sprache-fr","12":"first","13":"instock","14":"taxable","15":"shipping-taxable","16":"purchasable","17":"product-type-simple"},"_links":{"self":[{"href":"https:\/\/pizbube.ch\/en\/wp-json\/wp\/v2\/product\/148883","targetHints":{"allow":["GET"]}}],"collection":[{"href":"https:\/\/pizbube.ch\/en\/wp-json\/wp\/v2\/product"}],"about":[{"href":"https:\/\/pizbube.ch\/en\/wp-json\/wp\/v2\/types\/product"}],"wp:featuredmedia":[{"embeddable":true,"href":"https:\/\/pizbube.ch\/en\/wp-json\/wp\/v2\/media\/27193"}],"wp:attachment":[{"href":"https:\/\/pizbube.ch\/en\/wp-json\/wp\/v2\/media?parent=148883"}],"wp:term":[{"taxonomy":"product_brand","embeddable":true,"href":"https:\/\/pizbube.ch\/en\/wp-json\/wp\/v2\/product_brand?post=148883"},{"taxonomy":"product_cat","embeddable":true,"href":"https:\/\/pizbube.ch\/en\/wp-json\/wp\/v2\/product_cat?post=148883"},{"taxonomy":"product_tag","embeddable":true,"href":"https:\/\/pizbube.ch\/en\/wp-json\/wp\/v2\/product_tag?post=148883"}],"curies":[{"name":"wp","href":"https:\/\/api.w.org\/{rel}","templated":true}]}}