{"id":148884,"date":"2021-01-15T10:58:21","date_gmt":"2021-01-15T10:58:21","guid":{"rendered":"https:\/\/codengine3.ch\/?product=import-placeholder-for-202052"},"modified":"2021-01-15T12:32:57","modified_gmt":"2021-01-15T12:32:57","slug":"wiege-des-freikletterns","status":"publish","type":"product","link":"https:\/\/pizbube.ch\/en\/shop\/wiege-des-freikletterns\/","title":{"rendered":"Wiege des Freikletterns"},"content":{"rendered":"<p>\nDas Elbsandsteingebirge wird als die Wiege des Freikletterns bezeichnet.<\/p>\n<p>Dort entstand nicht nur der Sport, der heute weltweit ausge\u00fcbt wird, sondern<br \/>\ndie s\u00e4chsischen Bergsteiger haben auch erstmals Regeln \u00fcber das Klettern und<br \/>\nBergsteigen aufgestellt und es hat sich eine gewisse Ethik entwickelt, die von<br \/>\ndort aus in die ganze Welt getragen wurde, Impulsgeber f\u00fcr das alpinistische<br \/>\nKlettern in den gro\u00dfen Gebirgen war und auch heute noch zu den<br \/>\nGrundsatzdiskussionen in der Kletterwelt beitr\u00e4gt.<\/p>\n<p>Dietrich Hasse schildert diese Entwicklung am Bespiel wichtiger s\u00e4chsischer<br \/>\nBergsteigerpers\u00f6nlichkeiten. Mit seiner F\u00fclle von Originaltexten ist dieses<br \/>\nBuch ein fundamentales Dokument der Geschichte des Alpinismus.<\/p>","protected":false},"excerpt":{"rendered":"<p>Das Elbsandsteingebirge wird als die Wiege des Freikletterns bezeichnet. Dort entstand nicht nur der Sport, der heute weltweit ausge\u00fcbt wird, sondern die s\u00e4chsischen Bergsteiger haben auch erstmals Regeln \u00fcber das Klettern und Bergsteigen aufgestellt und es hat sich eine gewisse Ethik entwickelt, die von dort aus in die ganze Welt getragen wurde, Impulsgeber f\u00fcr das [&#8230;]\n","protected":false},"featured_media":29433,"template":"","meta":[],"product_brand":[],"product_cat":[21542],"product_tag":[],"class_list":{"0":"post-148884","1":"product","2":"type-product","3":"status-publish","4":"has-post-thumbnail","6":"product_cat-sachbuecher-dokumentationen","7":"pa_autor-dietrich-hasse","8":"pa_erscheinungsjahr-21750","9":"pa_region-deutschland","10":"pa_sprache-de","12":"first","13":"outofstock","14":"taxable","15":"shipping-taxable","16":"purchasable","17":"product-type-simple"},"_links":{"self":[{"href":"https:\/\/pizbube.ch\/en\/wp-json\/wp\/v2\/product\/148884","targetHints":{"allow":["GET"]}}],"collection":[{"href":"https:\/\/pizbube.ch\/en\/wp-json\/wp\/v2\/product"}],"about":[{"href":"https:\/\/pizbube.ch\/en\/wp-json\/wp\/v2\/types\/product"}],"wp:featuredmedia":[{"embeddable":true,"href":"https:\/\/pizbube.ch\/en\/wp-json\/wp\/v2\/media\/29433"}],"wp:attachment":[{"href":"https:\/\/pizbube.ch\/en\/wp-json\/wp\/v2\/media?parent=148884"}],"wp:term":[{"taxonomy":"product_brand","embeddable":true,"href":"https:\/\/pizbube.ch\/en\/wp-json\/wp\/v2\/product_brand?post=148884"},{"taxonomy":"product_cat","embeddable":true,"href":"https:\/\/pizbube.ch\/en\/wp-json\/wp\/v2\/product_cat?post=148884"},{"taxonomy":"product_tag","embeddable":true,"href":"https:\/\/pizbube.ch\/en\/wp-json\/wp\/v2\/product_tag?post=148884"}],"curies":[{"name":"wp","href":"https:\/\/api.w.org\/{rel}","templated":true}]}}