{"id":148886,"date":"2021-01-15T10:58:21","date_gmt":"2021-01-15T10:58:21","guid":{"rendered":"https:\/\/codengine3.ch\/?product=import-placeholder-for-201877"},"modified":"2025-09-23T17:16:47","modified_gmt":"2025-09-23T15:16:47","slug":"zwischen-schneckenhaus-und-dom","status":"publish","type":"product","link":"https:\/\/pizbube.ch\/en\/shop\/zwischen-schneckenhaus-und-dom\/","title":{"rendered":"Zwischen Schneckenhaus und Dom"},"content":{"rendered":"<p>Elbsandsteingebirge: Wiege des Sportkletterns- eine fortw\u00e4hrende Suche nach Grenzbereichen in einer unvergesslichen Felsenwelt!<\/p>\n<p>Eine Liebeserkl\u00e4rung an die vielleicht sch\u00f6nste Landschaft Deutschlands und an den besten Fels der Republik. Wer der Faszination Elbsandstein noch nicht erlegen ist, wird es sp\u00e4testens nach der Lekt\u00fcre dieses Buches sein.<\/p>\n<p><span class=\"cr-widget-FocalReviews\" data-hook=\"cr-widget-FocalReviews\"><span class=\"a-size-base review-text\" data-hook=\"review-body\">Bernd Arnolds zutiefst pers\u00f6hnlicher Blick in seine Welt: Das Elbsandsteingebirge. Man hat gewisserma\u00dfen einen Stilmix vorliegen. Atemberaubende Erstbegehungs- und KLettergeschichten, ein bewegendes Leben mit allerhand zu bestehenden Repressionen und eine tiefgr\u00fcndige Sicht der Dinge, welche uns alle bewegen. Somit ein Buch nicht nur f\u00fcr Kletterer. Ein Buch f\u00fcr alle die das Leben lieben.<\/span><\/span><\/p>","protected":false},"excerpt":{"rendered":"<p>Elbsandsteingebirge: Wiege des Sportkletterns- eine fortw\u00e4hrende Suche nach Grenzbereichen in einer unvergesslichen Felsenwelt! Eine Liebeserkl\u00e4rung an die vielleicht sch\u00f6nste Landschaft Deutschlands und an den besten Fels der Republik. Wer der Faszination Elbsandstein noch nicht erlegen ist, wird es sp\u00e4testens nach der Lekt\u00fcre dieses Buches sein. Bernd Arnolds zutiefst pers\u00f6hnlicher Blick in seine Welt: Das Elbsandsteingebirge. [&#8230;]\n","protected":false},"featured_media":170310,"template":"","meta":[],"product_brand":[],"product_cat":[21542],"product_tag":[],"class_list":{"0":"post-148886","1":"product","2":"type-product","3":"status-publish","4":"has-post-thumbnail","6":"product_cat-sachbuecher-dokumentationen","7":"pa_autor-arnold","8":"pa_erscheinungsjahr-22150","9":"pa_region-deutschland","10":"pa_sprache-de","12":"first","13":"outofstock","14":"taxable","15":"shipping-taxable","16":"purchasable","17":"product-type-simple"},"_links":{"self":[{"href":"https:\/\/pizbube.ch\/en\/wp-json\/wp\/v2\/product\/148886","targetHints":{"allow":["GET"]}}],"collection":[{"href":"https:\/\/pizbube.ch\/en\/wp-json\/wp\/v2\/product"}],"about":[{"href":"https:\/\/pizbube.ch\/en\/wp-json\/wp\/v2\/types\/product"}],"wp:featuredmedia":[{"embeddable":true,"href":"https:\/\/pizbube.ch\/en\/wp-json\/wp\/v2\/media\/170310"}],"wp:attachment":[{"href":"https:\/\/pizbube.ch\/en\/wp-json\/wp\/v2\/media?parent=148886"}],"wp:term":[{"taxonomy":"product_brand","embeddable":true,"href":"https:\/\/pizbube.ch\/en\/wp-json\/wp\/v2\/product_brand?post=148886"},{"taxonomy":"product_cat","embeddable":true,"href":"https:\/\/pizbube.ch\/en\/wp-json\/wp\/v2\/product_cat?post=148886"},{"taxonomy":"product_tag","embeddable":true,"href":"https:\/\/pizbube.ch\/en\/wp-json\/wp\/v2\/product_tag?post=148886"}],"curies":[{"name":"wp","href":"https:\/\/api.w.org\/{rel}","templated":true}]}}