{"id":148887,"date":"2021-01-15T10:58:21","date_gmt":"2021-01-15T10:58:21","guid":{"rendered":"https:\/\/codengine3.ch\/?product=import-placeholder-for-204948"},"modified":"2021-01-15T14:37:29","modified_gmt":"2021-01-15T14:37:29","slug":"topofuehrer-rathen-und-wehlen","status":"publish","type":"product","link":"https:\/\/pizbube.ch\/en\/shop\/topofuehrer-rathen-und-wehlen\/","title":{"rendered":"Topof\u00fchrer Rathen und Wehlen"},"content":{"rendered":"<p>Topof\u00fchrer S\u00e4chsische Schweiz, Band 1 (Rund um Wehlen und Rathen)  <\/p>\n<p>Topos: 123; Anstiegsskizzen:163  <\/p>\n<p>gut gezeichnete Topokarten, Sternchenbewertung aller Wege in 4 Stufen<br \/>\nPiktogramme, die einen \u00dcberblick \u00fcber die Art eines Weges geben;<br \/>\nzus\u00e4tzliche Liste besonders sch\u00f6ner Wege + Statistiken f\u00fcr &#8218;Regentage&#8216;<br \/>\n511 S.<\/p>","protected":false},"excerpt":{"rendered":"<p>Topof\u00fchrer S\u00e4chsische Schweiz, Band 1 (Rund um Wehlen und Rathen) Topos: 123; Anstiegsskizzen:163 gut gezeichnete Topokarten, Sternchenbewertung aller Wege in 4 Stufen Piktogramme, die einen \u00dcberblick \u00fcber die Art eines Weges geben; zus\u00e4tzliche Liste besonders sch\u00f6ner Wege + Statistiken f\u00fcr &#8218;Regentage&#8216; 511 S.<\/p>","protected":false},"featured_media":33507,"template":"","meta":[],"product_brand":[],"product_cat":[21539],"product_tag":[],"class_list":{"0":"post-148887","1":"product","2":"type-product","3":"status-publish","4":"has-post-thumbnail","6":"product_cat-fuehrerliteratur-sportklettern-bouldern","7":"pa_autor-schmeisser","8":"pa_erscheinungsjahr-22144","9":"pa_region-deutschland","10":"pa_sprache-de","12":"first","13":"instock","14":"taxable","15":"shipping-taxable","16":"purchasable","17":"product-type-simple"},"_links":{"self":[{"href":"https:\/\/pizbube.ch\/en\/wp-json\/wp\/v2\/product\/148887","targetHints":{"allow":["GET"]}}],"collection":[{"href":"https:\/\/pizbube.ch\/en\/wp-json\/wp\/v2\/product"}],"about":[{"href":"https:\/\/pizbube.ch\/en\/wp-json\/wp\/v2\/types\/product"}],"wp:featuredmedia":[{"embeddable":true,"href":"https:\/\/pizbube.ch\/en\/wp-json\/wp\/v2\/media\/33507"}],"wp:attachment":[{"href":"https:\/\/pizbube.ch\/en\/wp-json\/wp\/v2\/media?parent=148887"}],"wp:term":[{"taxonomy":"product_brand","embeddable":true,"href":"https:\/\/pizbube.ch\/en\/wp-json\/wp\/v2\/product_brand?post=148887"},{"taxonomy":"product_cat","embeddable":true,"href":"https:\/\/pizbube.ch\/en\/wp-json\/wp\/v2\/product_cat?post=148887"},{"taxonomy":"product_tag","embeddable":true,"href":"https:\/\/pizbube.ch\/en\/wp-json\/wp\/v2\/product_tag?post=148887"}],"curies":[{"name":"wp","href":"https:\/\/api.w.org\/{rel}","templated":true}]}}