{"id":148888,"date":"2021-01-15T10:58:21","date_gmt":"2021-01-15T10:58:21","guid":{"rendered":"https:\/\/codengine3.ch\/?product=import-placeholder-for-204762"},"modified":"2022-06-07T11:22:26","modified_gmt":"2022-06-07T09:22:26","slug":"topo-kletterfuehrer-saechsische-schweiz-ostteil-komplett","status":"publish","type":"product","link":"https:\/\/pizbube.ch\/en\/shop\/topo-kletterfuehrer-saechsische-schweiz-ostteil-komplett\/","title":{"rendered":"TOPO-Kletterf\u00fchrer &#8211; S\u00e4chsische Schweiz Ostteil komplett"},"content":{"rendered":"<p>Der erste Fototopof\u00fchrer der S\u00e4chsischen Schweiz ist da! Endlich kein<br \/>\nstundenlanges Gesuche mit verwirrenden Verbalbeschreibungen mehr.<\/p>\n<p>Der Auswahlf\u00fchrer beschreibt die besten Kletterziele der hinteren<br \/>\nSachsenschweiz: Affensteine, Kleiner und Gro\u00dfer Zschand, Wildensteiner Gebiet.<\/p>\n<p>Eine wohltuende Offenbarung f\u00fcr alle, die bisher nur die traditionellen<br \/>\nVerbalf\u00fchrer kannten und der perfekte Einstieg f\u00fcr Sachsennneulinge.<br \/>\nDie zweite Auflage verzichtet auf lange &#171;Leer-Piktogramm-Zeilen&#187; und konnte<br \/>\ndadurch kompakter und kosteng\u00fcnstiger erstellt werden.<\/p>\n<p>Alle Gipfel &#8211; alle Wege auf 430 Seiten im A5 Format; mit 118 farbigen Topos,<br \/>\nviele farbige Kletterfotos, 21 Anstiegsskizzen<\/p>\n<p>kompletter farbiger Lageplan (24 Seiten) vom Gebiet zwischen Kirnitzschtal und<br \/>\nElbe (mit allen Gipfeln der Gebiete &#8211; Schrammsteine, Schmilka, Affensteine,<br \/>\nKleiner Zschand, Gro\u00dfer Zschand, Wildensteiner Gebiet)<\/p>\n<p>Ein detaillierter Kartenteil im Anhang rundet das Werk ab.<\/p>\n<p>DIN A5, 430 Seiten, 117 Fototopos, 18 Anstiegsskizzen (Gipfel)<\/p>","protected":false},"excerpt":{"rendered":"<p>Der erste Fototopof\u00fchrer der S\u00e4chsischen Schweiz ist da! Endlich kein stundenlanges Gesuche mit verwirrenden Verbalbeschreibungen mehr. Der Auswahlf\u00fchrer beschreibt die besten Kletterziele der hinteren Sachsenschweiz: Affensteine, Kleiner und Gro\u00dfer Zschand, Wildensteiner Gebiet. Eine wohltuende Offenbarung f\u00fcr alle, die bisher nur die traditionellen Verbalf\u00fchrer kannten und der perfekte Einstieg f\u00fcr Sachsennneulinge. Die zweite Auflage verzichtet auf [&#8230;]\n","protected":false},"featured_media":33196,"template":"","meta":[],"product_brand":[],"product_cat":[21539],"product_tag":[],"class_list":{"0":"post-148888","1":"product","2":"type-product","3":"status-publish","4":"has-post-thumbnail","6":"product_cat-fuehrerliteratur-sportklettern-bouldern","7":"pa_autor-rassbach","8":"pa_erscheinungsjahr-21571","9":"pa_region-deutschland","10":"pa_sprache-de","12":"first","13":"outofstock","14":"taxable","15":"shipping-taxable","16":"purchasable","17":"product-type-simple"},"_links":{"self":[{"href":"https:\/\/pizbube.ch\/en\/wp-json\/wp\/v2\/product\/148888","targetHints":{"allow":["GET"]}}],"collection":[{"href":"https:\/\/pizbube.ch\/en\/wp-json\/wp\/v2\/product"}],"about":[{"href":"https:\/\/pizbube.ch\/en\/wp-json\/wp\/v2\/types\/product"}],"wp:featuredmedia":[{"embeddable":true,"href":"https:\/\/pizbube.ch\/en\/wp-json\/wp\/v2\/media\/33196"}],"wp:attachment":[{"href":"https:\/\/pizbube.ch\/en\/wp-json\/wp\/v2\/media?parent=148888"}],"wp:term":[{"taxonomy":"product_brand","embeddable":true,"href":"https:\/\/pizbube.ch\/en\/wp-json\/wp\/v2\/product_brand?post=148888"},{"taxonomy":"product_cat","embeddable":true,"href":"https:\/\/pizbube.ch\/en\/wp-json\/wp\/v2\/product_cat?post=148888"},{"taxonomy":"product_tag","embeddable":true,"href":"https:\/\/pizbube.ch\/en\/wp-json\/wp\/v2\/product_tag?post=148888"}],"curies":[{"name":"wp","href":"https:\/\/api.w.org\/{rel}","templated":true}]}}