{"id":148889,"date":"2021-01-15T10:58:21","date_gmt":"2021-01-15T10:58:21","guid":{"rendered":"https:\/\/codengine3.ch\/?product=import-placeholder-for-204729"},"modified":"2023-01-11T16:06:09","modified_gmt":"2023-01-11T15:06:09","slug":"topo-kletterfuehrer-saechsische-schweiz-suedteil-komplett","status":"publish","type":"product","link":"https:\/\/pizbube.ch\/en\/shop\/topo-kletterfuehrer-saechsische-schweiz-suedteil-komplett\/","title":{"rendered":"TOPO-Kletterf\u00fchrer &#8211; S\u00e4chsische Schweiz S\u00fcdteil komplett"},"content":{"rendered":"<p>Der erste Fototopof\u00fchrer der S\u00e4chsischen Schweiz ist da! Endlich kein<br \/>\nstundenlanges Gesuche mit verwirrenden Verbalbeschreibungen mehr.<\/p>\n<p>Der Auswahlf\u00fchrer beschreibt die beliebtesten Kletterziele der hinteren<br \/>\nSachsenschweiz: das Schmilkaer Gebiet und die Schrammsteine.<\/p>\n<p>Eine wohltuende Offenbarung f\u00fcr alle, die bisher nur die traditionellen<br \/>\nVerbalf\u00fchrer kannten und der perfekte Einstieg f\u00fcr Sachsennneulinge.<br \/>\nEin detaillierter Kartenteil im Anhang rundet das Werk ab.<\/p>\n<p>95 farbigen Topos, viele farbige Kletterfotos, 23 Anstiegsskizzen;<br \/>\nkompletter farbiger Lageplan (24 Seiten) vom Gebiet zwischen Kirnitzschtal und<br \/>\nElbe (mit allen Gipfeln der Gebiete &#8211; Schrammsteine, Schmilka, Affensteine,<br \/>\nKleiner Zschand, Gro\u00dfer Zschand, Wildensteiner Gebiet)<\/p>\n<p>DIN A5, 336 Seiten, Fototopos, Anstiegsskizzen (Gipfel)<\/p>\n<p>**Achtung:**<br \/>\nder Name &#171;S\u00fcdteil&#187; k\u00f6nnte verwirrend sein. Es wird also der s\u00fcdliche Teil<br \/>\nder hinteren S\u00e4chsischen Schweiz (Schrammsteine, Schmilkaer Gebiet)<br \/>\nbeschrieben, und nicht etwa der s\u00fcdliche Teil der gesamten S\u00e4chsischen<br \/>\nSchweiz.<\/p>\n<p>Ein detaillierter Kartenteil im Anhang rundet das Werk ab.<\/p>","protected":false},"excerpt":{"rendered":"<p>Der erste Fototopof\u00fchrer der S\u00e4chsischen Schweiz ist da! Endlich kein stundenlanges Gesuche mit verwirrenden Verbalbeschreibungen mehr. Der Auswahlf\u00fchrer beschreibt die beliebtesten Kletterziele der hinteren Sachsenschweiz: das Schmilkaer Gebiet und die Schrammsteine. Eine wohltuende Offenbarung f\u00fcr alle, die bisher nur die traditionellen Verbalf\u00fchrer kannten und der perfekte Einstieg f\u00fcr Sachsennneulinge. Ein detaillierter Kartenteil im Anhang rundet [&#8230;]\n","protected":false},"featured_media":33103,"template":"","meta":[],"product_brand":[],"product_cat":[21539],"product_tag":[],"class_list":{"0":"post-148889","1":"product","2":"type-product","3":"status-publish","4":"has-post-thumbnail","6":"product_cat-fuehrerliteratur-sportklettern-bouldern","7":"pa_autor-rassbach","8":"pa_erscheinungsjahr-21571","9":"pa_region-deutschland","10":"pa_sprache-de","12":"first","13":"outofstock","14":"taxable","15":"shipping-taxable","16":"purchasable","17":"product-type-simple"},"_links":{"self":[{"href":"https:\/\/pizbube.ch\/en\/wp-json\/wp\/v2\/product\/148889","targetHints":{"allow":["GET"]}}],"collection":[{"href":"https:\/\/pizbube.ch\/en\/wp-json\/wp\/v2\/product"}],"about":[{"href":"https:\/\/pizbube.ch\/en\/wp-json\/wp\/v2\/types\/product"}],"wp:featuredmedia":[{"embeddable":true,"href":"https:\/\/pizbube.ch\/en\/wp-json\/wp\/v2\/media\/33103"}],"wp:attachment":[{"href":"https:\/\/pizbube.ch\/en\/wp-json\/wp\/v2\/media?parent=148889"}],"wp:term":[{"taxonomy":"product_brand","embeddable":true,"href":"https:\/\/pizbube.ch\/en\/wp-json\/wp\/v2\/product_brand?post=148889"},{"taxonomy":"product_cat","embeddable":true,"href":"https:\/\/pizbube.ch\/en\/wp-json\/wp\/v2\/product_cat?post=148889"},{"taxonomy":"product_tag","embeddable":true,"href":"https:\/\/pizbube.ch\/en\/wp-json\/wp\/v2\/product_tag?post=148889"}],"curies":[{"name":"wp","href":"https:\/\/api.w.org\/{rel}","templated":true}]}}