{"id":148890,"date":"2021-01-15T10:58:21","date_gmt":"2021-01-15T10:58:21","guid":{"rendered":"https:\/\/codengine3.ch\/?product=import-placeholder-for-202962"},"modified":"2021-01-15T12:52:50","modified_gmt":"2021-01-15T12:52:50","slug":"paules-kletterbibel-ostharz","status":"publish","type":"product","link":"https:\/\/pizbube.ch\/en\/shop\/paules-kletterbibel-ostharz\/","title":{"rendered":"Paules Kletterbibel Ostharz"},"content":{"rendered":"<p>Der Kletterf\u00fchrer beschreibt 149 Felsen des Ostharzes mit 1273 Routen. Pr\u00e4zise<br \/>\nAnstiegs- skizzen und detailierte Beschreibungen d\u00fcrften kaum Fragen offen<br \/>\nlassen. 176 S.<\/p>","protected":false},"excerpt":{"rendered":"<p>Der Kletterf\u00fchrer beschreibt 149 Felsen des Ostharzes mit 1273 Routen. Pr\u00e4zise Anstiegs- skizzen und detailierte Beschreibungen d\u00fcrften kaum Fragen offen lassen. 176 S.<\/p>","protected":false},"featured_media":30459,"template":"","meta":[],"product_brand":[],"product_cat":[21539],"product_tag":[],"class_list":{"0":"post-148890","1":"product","2":"type-product","3":"status-publish","4":"has-post-thumbnail","6":"product_cat-fuehrerliteratur-sportklettern-bouldern","7":"pa_autor-paul","8":"pa_erscheinungsjahr-22292","9":"pa_region-deutschland","10":"pa_sprache-de","12":"first","13":"instock","14":"taxable","15":"shipping-taxable","16":"purchasable","17":"product-type-simple"},"_links":{"self":[{"href":"https:\/\/pizbube.ch\/en\/wp-json\/wp\/v2\/product\/148890","targetHints":{"allow":["GET"]}}],"collection":[{"href":"https:\/\/pizbube.ch\/en\/wp-json\/wp\/v2\/product"}],"about":[{"href":"https:\/\/pizbube.ch\/en\/wp-json\/wp\/v2\/types\/product"}],"wp:featuredmedia":[{"embeddable":true,"href":"https:\/\/pizbube.ch\/en\/wp-json\/wp\/v2\/media\/30459"}],"wp:attachment":[{"href":"https:\/\/pizbube.ch\/en\/wp-json\/wp\/v2\/media?parent=148890"}],"wp:term":[{"taxonomy":"product_brand","embeddable":true,"href":"https:\/\/pizbube.ch\/en\/wp-json\/wp\/v2\/product_brand?post=148890"},{"taxonomy":"product_cat","embeddable":true,"href":"https:\/\/pizbube.ch\/en\/wp-json\/wp\/v2\/product_cat?post=148890"},{"taxonomy":"product_tag","embeddable":true,"href":"https:\/\/pizbube.ch\/en\/wp-json\/wp\/v2\/product_tag?post=148890"}],"curies":[{"name":"wp","href":"https:\/\/api.w.org\/{rel}","templated":true}]}}