{"id":148891,"date":"2021-01-15T10:58:21","date_gmt":"2021-01-15T10:58:21","guid":{"rendered":"https:\/\/codengine3.ch\/?product=import-placeholder-for-204480"},"modified":"2023-07-25T09:57:04","modified_gmt":"2023-07-25T07:57:04","slug":"toppturer-rundt-narvik","status":"publish","type":"product","link":"https:\/\/pizbube.ch\/en\/shop\/toppturer-rundt-narvik\/","title":{"rendered":"Toppturer rundt Narvik"},"content":{"rendered":"<p>Skitouring Guidebook for the Narvik Region in Norwegian language.<\/p>\n<p>Toppturer rundt Narvik inneholder turbeskrivelser til 82 fjell og 6 traverser<br \/>\ni Narvik, Skjomen, Ballangen, Efjorden, Tysfjorden, Bogen,Grovfjorden,<br \/>\nGratangen, Lavangen, Hunddalen, Riksgr\u00e4nsen, Bj\u00f6rkliden og Abisko.<\/p>\n<p>Siden den gang har toppturer p\u00e5 ski blitt en folkesport. og n\u00e5 er forfatter<br \/>\nMikael af Ekenstam tilbake med en ny og oppdatert toppturbok for fjellene<br \/>\nrundt Narvik. Nye topper og varianter er lagt til, og boka har flyfotografier<br \/>\nmed inntegnede ruter.<\/p>","protected":false},"excerpt":{"rendered":"<p>Skitouring Guidebook for the Narvik Region in Norwegian language. Toppturer rundt Narvik inneholder turbeskrivelser til 82 fjell og 6 traverser i Narvik, Skjomen, Ballangen, Efjorden, Tysfjorden, Bogen,Grovfjorden, Gratangen, Lavangen, Hunddalen, Riksgr\u00e4nsen, Bj\u00f6rkliden og Abisko. Siden den gang har toppturer p\u00e5 ski blitt en folkesport. og n\u00e5 er forfatter Mikael af Ekenstam tilbake med en ny [&#8230;]\n","protected":false},"featured_media":32409,"template":"","meta":[],"product_brand":[],"product_cat":[21540],"product_tag":[],"class_list":{"0":"post-148891","1":"product","2":"type-product","3":"status-publish","4":"has-post-thumbnail","6":"product_cat-fuehrerliteratur-alpin-winter","7":"pa_autor-ekenstam","8":"pa_erscheinungsjahr-21597","9":"pa_region-skandinavien-norwegen-schweden-finnland","10":"pa_sprache-norw","12":"first","13":"outofstock","14":"taxable","15":"shipping-taxable","16":"purchasable","17":"product-type-simple"},"_links":{"self":[{"href":"https:\/\/pizbube.ch\/en\/wp-json\/wp\/v2\/product\/148891","targetHints":{"allow":["GET"]}}],"collection":[{"href":"https:\/\/pizbube.ch\/en\/wp-json\/wp\/v2\/product"}],"about":[{"href":"https:\/\/pizbube.ch\/en\/wp-json\/wp\/v2\/types\/product"}],"wp:featuredmedia":[{"embeddable":true,"href":"https:\/\/pizbube.ch\/en\/wp-json\/wp\/v2\/media\/32409"}],"wp:attachment":[{"href":"https:\/\/pizbube.ch\/en\/wp-json\/wp\/v2\/media?parent=148891"}],"wp:term":[{"taxonomy":"product_brand","embeddable":true,"href":"https:\/\/pizbube.ch\/en\/wp-json\/wp\/v2\/product_brand?post=148891"},{"taxonomy":"product_cat","embeddable":true,"href":"https:\/\/pizbube.ch\/en\/wp-json\/wp\/v2\/product_cat?post=148891"},{"taxonomy":"product_tag","embeddable":true,"href":"https:\/\/pizbube.ch\/en\/wp-json\/wp\/v2\/product_tag?post=148891"}],"curies":[{"name":"wp","href":"https:\/\/api.w.org\/{rel}","templated":true}]}}