{"id":148892,"date":"2021-01-15T10:58:21","date_gmt":"2021-01-15T10:58:21","guid":{"rendered":"https:\/\/codengine3.ch\/?product=import-placeholder-for-204466"},"modified":"2022-04-13T11:30:32","modified_gmt":"2022-04-13T09:30:32","slug":"hogruta-i-jotunheimen","status":"publish","type":"product","link":"https:\/\/pizbube.ch\/en\/shop\/hogruta-i-jotunheimen\/","title":{"rendered":"H\u00f8gruta i Jotunheimen"},"content":{"rendered":"<p>Guidebook for a 5 day Skitouring Haute-Route in Jotunheimen, in Norwegian<br \/>\nlanguage.<br \/>\nWith 1:50&#8217;000 maps inside.<\/p>\n<p>Etter \u00e5 ha reist verden rundt p\u00e5 jakt etter de st\u00f8rste skiopplevelsene, vendte<br \/>\nfrikj\u00f8ringsproffen Stian Hagen nesa hjemover. Han dro til Jotunheimen, en<br \/>\nverden av ville og sn\u00f8dekte fjell, som enn\u00e5 venter p\u00e5 \u00e5 bli oppdaget av<br \/>\nmoderne skientusiaster.<br \/>\nIdeen om en ny rute fra hytte til hytte, med nedkj\u00f8ringer fra de h\u00f8yeste<br \/>\nfjellene i Norge, ble skapt foran peisen p\u00e5 Leirvassbu. Siden starten i 2014,<br \/>\nhar hundrevis av mennesker g\u00e5tt H\u00f8gruta i Jotunheimen, Norges svar p\u00e5 Alpenes<br \/>\nHaute Route.<br \/>\nH\u00f8gruta i Jotunheimen er guideboka og inspirasjonskilden for alle som skal g\u00e5<br \/>\nturen eller dr\u00f8mmer om en gang \u00e5 gj\u00f8re det. Den er et fantastisk minne for de<br \/>\nsom allerede har g\u00e5tt H\u00f8gruta.<\/p>\n<p>I boka finner du turkart i m\u00e5lestokk 1:50.000 og flyfoto med inntegnede ruter.<br \/>\nDen er gjennomillustrert med flotte bilder. H\u00f8gruta i Jotunheimen gir deg i<br \/>\ntillegg masse nyttig informasjon om hvordan du kan planlegge en flerdagers<br \/>\nalpin skitur i Jotunheimen, med eller uten hjelp fra en profesjonell guide.<\/p>","protected":false},"excerpt":{"rendered":"<p>Guidebook for a 5 day Skitouring Haute-Route in Jotunheimen, in Norwegian language. With 1:50&#8217;000 maps inside. Etter \u00e5 ha reist verden rundt p\u00e5 jakt etter de st\u00f8rste skiopplevelsene, vendte frikj\u00f8ringsproffen Stian Hagen nesa hjemover. Han dro til Jotunheimen, en verden av ville og sn\u00f8dekte fjell, som enn\u00e5 venter p\u00e5 \u00e5 bli oppdaget av moderne skientusiaster. [&#8230;]\n","protected":false},"featured_media":32385,"template":"","meta":[],"product_brand":[],"product_cat":[21540],"product_tag":[],"class_list":{"0":"post-148892","1":"product","2":"type-product","3":"status-publish","4":"has-post-thumbnail","6":"product_cat-fuehrerliteratur-alpin-winter","7":"pa_autor-hagen","8":"pa_erscheinungsjahr-21597","9":"pa_region-skandinavien-norwegen-schweden-finnland","10":"pa_sprache-norw","12":"first","13":"instock","14":"taxable","15":"shipping-taxable","16":"purchasable","17":"product-type-simple"},"_links":{"self":[{"href":"https:\/\/pizbube.ch\/en\/wp-json\/wp\/v2\/product\/148892","targetHints":{"allow":["GET"]}}],"collection":[{"href":"https:\/\/pizbube.ch\/en\/wp-json\/wp\/v2\/product"}],"about":[{"href":"https:\/\/pizbube.ch\/en\/wp-json\/wp\/v2\/types\/product"}],"wp:featuredmedia":[{"embeddable":true,"href":"https:\/\/pizbube.ch\/en\/wp-json\/wp\/v2\/media\/32385"}],"wp:attachment":[{"href":"https:\/\/pizbube.ch\/en\/wp-json\/wp\/v2\/media?parent=148892"}],"wp:term":[{"taxonomy":"product_brand","embeddable":true,"href":"https:\/\/pizbube.ch\/en\/wp-json\/wp\/v2\/product_brand?post=148892"},{"taxonomy":"product_cat","embeddable":true,"href":"https:\/\/pizbube.ch\/en\/wp-json\/wp\/v2\/product_cat?post=148892"},{"taxonomy":"product_tag","embeddable":true,"href":"https:\/\/pizbube.ch\/en\/wp-json\/wp\/v2\/product_tag?post=148892"}],"curies":[{"name":"wp","href":"https:\/\/api.w.org\/{rel}","templated":true}]}}