{"id":148894,"date":"2021-01-15T10:58:21","date_gmt":"2021-01-15T10:58:21","guid":{"rendered":"https:\/\/codengine3.ch\/?product=import-placeholder-for-207230"},"modified":"2021-01-15T16:00:59","modified_gmt":"2021-01-15T16:00:59","slug":"die-berge-gedichte","status":"publish","type":"product","link":"https:\/\/pizbube.ch\/en\/shop\/die-berge-gedichte\/","title":{"rendered":"Die Berge &#8211; Gedichte"},"content":{"rendered":"<p>Ein wahrhaft breitwandformatiges Thema: Ganz oben, da ist man dem G\u00f6ttlich-<br \/>\nErhabenen schon ein sch\u00f6nes St\u00fcck n\u00e4her, wer hochsteigt macht sich in<br \/>\ndramatischer Kulisse oft auf einen abenteuerlichen Weg &#8211; weg vom Allt\u00e4glichen<br \/>\nda unten. Und wer oben ist, muss schlie\u00dflich auch wieder hinunter &#8230;<br \/>\nVon alledem, aber auch von heiteren und \u00fcberraschenden Ereignissen, handeln<br \/>\ndie hier klug versammelten Gedichte aus Ost und West, von der Antike bis heute<br \/>\n&#8211; das preisg\u00fcnstigste und (gewichtsm\u00e4\u00dfig) noch f\u00fcr jeden Gipfelst\u00fcrmer im<br \/>\nRucksack verkraftbare St\u00fcck Literatur f\u00fcr unterwegs.  <\/p>","protected":false},"excerpt":{"rendered":"<p>Ein wahrhaft breitwandformatiges Thema: Ganz oben, da ist man dem G\u00f6ttlich- Erhabenen schon ein sch\u00f6nes St\u00fcck n\u00e4her, wer hochsteigt macht sich in dramatischer Kulisse oft auf einen abenteuerlichen Weg &#8211; weg vom Allt\u00e4glichen da unten. Und wer oben ist, muss schlie\u00dflich auch wieder hinunter &#8230; Von alledem, aber auch von heiteren und \u00fcberraschenden Ereignissen, handeln [&#8230;]\n","protected":false},"featured_media":36875,"template":"","meta":[],"product_brand":[],"product_cat":[21629],"product_tag":[],"class_list":{"0":"post-148894","1":"product","2":"type-product","3":"status-publish","4":"has-post-thumbnail","6":"product_cat-belletristik","7":"pa_autor-jaegle","8":"pa_erscheinungsjahr-21621","9":"pa_region-deutschland","10":"pa_sprache-de","12":"first","13":"instock","14":"taxable","15":"shipping-taxable","16":"purchasable","17":"product-type-simple"},"_links":{"self":[{"href":"https:\/\/pizbube.ch\/en\/wp-json\/wp\/v2\/product\/148894","targetHints":{"allow":["GET"]}}],"collection":[{"href":"https:\/\/pizbube.ch\/en\/wp-json\/wp\/v2\/product"}],"about":[{"href":"https:\/\/pizbube.ch\/en\/wp-json\/wp\/v2\/types\/product"}],"wp:featuredmedia":[{"embeddable":true,"href":"https:\/\/pizbube.ch\/en\/wp-json\/wp\/v2\/media\/36875"}],"wp:attachment":[{"href":"https:\/\/pizbube.ch\/en\/wp-json\/wp\/v2\/media?parent=148894"}],"wp:term":[{"taxonomy":"product_brand","embeddable":true,"href":"https:\/\/pizbube.ch\/en\/wp-json\/wp\/v2\/product_brand?post=148894"},{"taxonomy":"product_cat","embeddable":true,"href":"https:\/\/pizbube.ch\/en\/wp-json\/wp\/v2\/product_cat?post=148894"},{"taxonomy":"product_tag","embeddable":true,"href":"https:\/\/pizbube.ch\/en\/wp-json\/wp\/v2\/product_tag?post=148894"}],"curies":[{"name":"wp","href":"https:\/\/api.w.org\/{rel}","templated":true}]}}