{"id":148895,"date":"2021-01-15T10:58:21","date_gmt":"2021-01-15T10:58:21","guid":{"rendered":"https:\/\/codengine3.ch\/?product=import-placeholder-for-201777"},"modified":"2021-01-15T12:04:31","modified_gmt":"2021-01-15T12:04:31","slug":"im-gebirge-gedichte","status":"publish","type":"product","link":"https:\/\/pizbube.ch\/en\/shop\/im-gebirge-gedichte\/","title":{"rendered":"Im Gebirge &#8211; Gedichte"},"content":{"rendered":"<p>Poesieband; G\u00fcnter Herburger liebt lange Gedichte. Sich zu beschr\u00e4nken<br \/>\nempfindet er bei Versen als eine ausgesprochene Untugend. Gedichte, schrieb er<br \/>\nam Anfang der 70er Jahre, m\u00fc\u00dften `klemmen wie \u00fcbervolle Schubladen`, und<br \/>\ndieser Ansicht ist er auch heute noch. Jedes Staubkorn w\u00e4chst sich unter<br \/>\nseinem neugierigen und durch die Naturwissenschaften geschulten Blick zu<br \/>\nzerkl\u00fcfteten Gebirgen aus, kein Insekt ist ihm zu gering, als da\u00df er sich<br \/>\nnicht dar\u00fcber beugen w\u00fcrde und in seinem Panzer sagenhafte T\u00e4ler und<br \/>\nverwunschene Erhebungen erkennen k\u00f6nnte. 126 S.<\/p>","protected":false},"excerpt":{"rendered":"<p>Poesieband; G\u00fcnter Herburger liebt lange Gedichte. Sich zu beschr\u00e4nken empfindet er bei Versen als eine ausgesprochene Untugend. Gedichte, schrieb er am Anfang der 70er Jahre, m\u00fc\u00dften `klemmen wie \u00fcbervolle Schubladen`, und dieser Ansicht ist er auch heute noch. Jedes Staubkorn w\u00e4chst sich unter seinem neugierigen und durch die Naturwissenschaften geschulten Blick zu zerkl\u00fcfteten Gebirgen aus, [&#8230;]\n","protected":false},"featured_media":29162,"template":"","meta":[],"product_brand":[],"product_cat":[21629],"product_tag":[],"class_list":{"0":"post-148895","1":"product","2":"type-product","3":"status-publish","4":"has-post-thumbnail","6":"product_cat-belletristik","7":"pa_autor-herburger","8":"pa_erscheinungsjahr-22060","9":"pa_region-deutschland","10":"pa_sprache-de","12":"first","13":"instock","14":"taxable","15":"shipping-taxable","16":"purchasable","17":"product-type-simple"},"_links":{"self":[{"href":"https:\/\/pizbube.ch\/en\/wp-json\/wp\/v2\/product\/148895","targetHints":{"allow":["GET"]}}],"collection":[{"href":"https:\/\/pizbube.ch\/en\/wp-json\/wp\/v2\/product"}],"about":[{"href":"https:\/\/pizbube.ch\/en\/wp-json\/wp\/v2\/types\/product"}],"wp:featuredmedia":[{"embeddable":true,"href":"https:\/\/pizbube.ch\/en\/wp-json\/wp\/v2\/media\/29162"}],"wp:attachment":[{"href":"https:\/\/pizbube.ch\/en\/wp-json\/wp\/v2\/media?parent=148895"}],"wp:term":[{"taxonomy":"product_brand","embeddable":true,"href":"https:\/\/pizbube.ch\/en\/wp-json\/wp\/v2\/product_brand?post=148895"},{"taxonomy":"product_cat","embeddable":true,"href":"https:\/\/pizbube.ch\/en\/wp-json\/wp\/v2\/product_cat?post=148895"},{"taxonomy":"product_tag","embeddable":true,"href":"https:\/\/pizbube.ch\/en\/wp-json\/wp\/v2\/product_tag?post=148895"}],"curies":[{"name":"wp","href":"https:\/\/api.w.org\/{rel}","templated":true}]}}