{"id":148896,"date":"2021-01-15T10:58:21","date_gmt":"2021-01-15T10:58:21","guid":{"rendered":"https:\/\/codengine3.ch\/?product=import-placeholder-for-205097"},"modified":"2022-10-18T13:43:09","modified_gmt":"2022-10-18T11:43:09","slug":"flucht-und-heimat","status":"publish","type":"product","link":"https:\/\/pizbube.ch\/en\/shop\/flucht-und-heimat\/","title":{"rendered":"flucht und heimat"},"content":{"rendered":"<p>vom fliegen auf dem boden<\/p>\n<p>Stadt, Alp und Berg sind die Orte, wo J\u00f6rg W\u00e4spis Nachdenkbarkeiten ihren<br \/>\nUrsprung haben, Orte verbunden durch filigrane Querbeobachtungen und<br \/>\nL\u00e4ngserinnerungen. Da finden Geschichten von K\u00fchen, Regentropfen, Tischen,<br \/>\nLieben und Sehns\u00fcchten ihre kompakte Form: Auch ein lebenslanger Gedanke kann<br \/>\nkurz daherkommen. J\u00f6rg W\u00e4spi schreibt klar und direkt, er ist dem Feldstecher<br \/>\nn\u00e4her als der Zuckerdose.<\/p>\n<p>57 Gedichte, einige Bilder, ein Leseb\u00e4ndchen<br \/>\n80 Seiten, geb.,<\/p>","protected":false},"excerpt":{"rendered":"<p>vom fliegen auf dem boden Stadt, Alp und Berg sind die Orte, wo J\u00f6rg W\u00e4spis Nachdenkbarkeiten ihren Ursprung haben, Orte verbunden durch filigrane Querbeobachtungen und L\u00e4ngserinnerungen. Da finden Geschichten von K\u00fchen, Regentropfen, Tischen, Lieben und Sehns\u00fcchten ihre kompakte Form: Auch ein lebenslanger Gedanke kann kurz daherkommen. J\u00f6rg W\u00e4spi schreibt klar und direkt, er ist dem [&#8230;]\n","protected":false},"featured_media":33703,"template":"","meta":[],"product_brand":[],"product_cat":[21629],"product_tag":[],"class_list":{"0":"post-148896","1":"product","2":"type-product","3":"status-publish","4":"has-post-thumbnail","6":"product_cat-belletristik","7":"pa_autor-waespi","8":"pa_erscheinungsjahr-21842","9":"pa_region-schweiz","10":"pa_sprache-de","12":"first","13":"outofstock","14":"taxable","15":"shipping-taxable","16":"purchasable","17":"product-type-simple"},"_links":{"self":[{"href":"https:\/\/pizbube.ch\/en\/wp-json\/wp\/v2\/product\/148896","targetHints":{"allow":["GET"]}}],"collection":[{"href":"https:\/\/pizbube.ch\/en\/wp-json\/wp\/v2\/product"}],"about":[{"href":"https:\/\/pizbube.ch\/en\/wp-json\/wp\/v2\/types\/product"}],"wp:featuredmedia":[{"embeddable":true,"href":"https:\/\/pizbube.ch\/en\/wp-json\/wp\/v2\/media\/33703"}],"wp:attachment":[{"href":"https:\/\/pizbube.ch\/en\/wp-json\/wp\/v2\/media?parent=148896"}],"wp:term":[{"taxonomy":"product_brand","embeddable":true,"href":"https:\/\/pizbube.ch\/en\/wp-json\/wp\/v2\/product_brand?post=148896"},{"taxonomy":"product_cat","embeddable":true,"href":"https:\/\/pizbube.ch\/en\/wp-json\/wp\/v2\/product_cat?post=148896"},{"taxonomy":"product_tag","embeddable":true,"href":"https:\/\/pizbube.ch\/en\/wp-json\/wp\/v2\/product_tag?post=148896"}],"curies":[{"name":"wp","href":"https:\/\/api.w.org\/{rel}","templated":true}]}}