{"id":148897,"date":"2021-01-15T10:58:21","date_gmt":"2021-01-15T10:58:21","guid":{"rendered":"https:\/\/codengine3.ch\/?product=import-placeholder-for-204946"},"modified":"2021-01-15T14:37:29","modified_gmt":"2021-01-15T14:37:29","slug":"el-capitan-2","status":"publish","type":"product","link":"https:\/\/pizbube.ch\/en\/shop\/el-capitan-2\/","title":{"rendered":"El Capitan"},"content":{"rendered":"<p>L&#8217;ascension d&#8217;El Capitan en po\u00e8mes&#8230;  <\/p>\n<p>Olivier Salon, agr\u00e9g\u00e9 de math\u00e9matiques, com\u00e9dien, po\u00e8te et membre de l&#8217;Oulipo<br \/>\n(mouvement litt\u00e9raire cr\u00e9\u00e9 par Raymond Queneau) est aussi un fort grimpeur.<br \/>\nLa combinaison de ces caract\u00e9ristiques peu banales et rarement r\u00e9unies l&#8217;ont<br \/>\nconduit \u00e0 nous proposer cette oeuvre hors norme.<br \/>\nEl Capitan est un long po\u00e8me relatant l&#8217;ascension de cette voie mythique dans<br \/>\nle Yosemite en Californie.<br \/>\nC&#8217;est un r\u00e9cit d&#8217;escalade tr\u00e8s original et un excellent texte litt\u00e9raire.<br \/>\nEl Capitan marque l&#8217;entr\u00e9e fracassante de la po\u00e9sie chez Gu\u00e9rin par le biais<br \/>\nde l&#8217;alpinisme. 68 pages<\/p>","protected":false},"excerpt":{"rendered":"<p>L&#8217;ascension d&#8217;El Capitan en po\u00e8mes&#8230; Olivier Salon, agr\u00e9g\u00e9 de math\u00e9matiques, com\u00e9dien, po\u00e8te et membre de l&#8217;Oulipo (mouvement litt\u00e9raire cr\u00e9\u00e9 par Raymond Queneau) est aussi un fort grimpeur. La combinaison de ces caract\u00e9ristiques peu banales et rarement r\u00e9unies l&#8217;ont conduit \u00e0 nous proposer cette oeuvre hors norme. El Capitan est un long po\u00e8me relatant l&#8217;ascension de [&#8230;]\n","protected":false},"featured_media":33505,"template":"","meta":[],"product_brand":[],"product_cat":[21629],"product_tag":[],"class_list":{"0":"post-148897","1":"product","2":"type-product","3":"status-publish","4":"has-post-thumbnail","6":"product_cat-belletristik","7":"pa_autor-salon","8":"pa_erscheinungsjahr-21842","9":"pa_region-frankreich","10":"pa_sprache-fr","12":"first","13":"instock","14":"taxable","15":"shipping-taxable","16":"purchasable","17":"product-type-simple"},"_links":{"self":[{"href":"https:\/\/pizbube.ch\/en\/wp-json\/wp\/v2\/product\/148897","targetHints":{"allow":["GET"]}}],"collection":[{"href":"https:\/\/pizbube.ch\/en\/wp-json\/wp\/v2\/product"}],"about":[{"href":"https:\/\/pizbube.ch\/en\/wp-json\/wp\/v2\/types\/product"}],"wp:featuredmedia":[{"embeddable":true,"href":"https:\/\/pizbube.ch\/en\/wp-json\/wp\/v2\/media\/33505"}],"wp:attachment":[{"href":"https:\/\/pizbube.ch\/en\/wp-json\/wp\/v2\/media?parent=148897"}],"wp:term":[{"taxonomy":"product_brand","embeddable":true,"href":"https:\/\/pizbube.ch\/en\/wp-json\/wp\/v2\/product_brand?post=148897"},{"taxonomy":"product_cat","embeddable":true,"href":"https:\/\/pizbube.ch\/en\/wp-json\/wp\/v2\/product_cat?post=148897"},{"taxonomy":"product_tag","embeddable":true,"href":"https:\/\/pizbube.ch\/en\/wp-json\/wp\/v2\/product_tag?post=148897"}],"curies":[{"name":"wp","href":"https:\/\/api.w.org\/{rel}","templated":true}]}}