{"id":148901,"date":"2021-01-15T10:58:21","date_gmt":"2021-01-15T10:58:21","guid":{"rendered":"https:\/\/codengine3.ch\/?product=import-placeholder-for-204632"},"modified":"2021-01-15T14:35:02","modified_gmt":"2021-01-15T14:35:02","slug":"mehr-wind-mehr-liebe-suedtiroler-wortboeen","status":"publish","type":"product","link":"https:\/\/pizbube.ch\/en\/shop\/mehr-wind-mehr-liebe-suedtiroler-wortboeen\/","title":{"rendered":"Mehr Wind, mehr Liebe &#8211; S\u00fcdtiroler Wortb\u00f6en"},"content":{"rendered":"<p>Die S\u00fcdtiroler Wortb\u00f6en sind die Frucht einer intuitiven Regung f\u00fcr die<br \/>\nS\u00fcdtiroler Landschaft und Menschen. Dieser faszinierende Landstrich verk\u00f6rpert<br \/>\nmit seinen Bergen, Gipfeln und Graten, auf denen Windb\u00f6en ihr Unwesen treiben,<br \/>\ndas &#171;Mehr Wind, mehr Liebe&#187;. Gemeint ist die fruchtbare Erde und die<br \/>\nSonneneinstrahlung, die pr\u00e4chtige Fr\u00fcchte und wunderbare Weine gedeihen l\u00e4sst.<br \/>\nDer Wind ist auch an der Fortpflanzung der Flora in S\u00fcdtirol beteiligt.  <\/p>\n<p>Die grosse Leidenschaft und Liebe ist Ausdruck der S\u00fcdtiroler Menschen, die<br \/>\ndurch das Klima ein s\u00fcdlich geartetes Temperament in sich bergen.<br \/>\nDer Lyrikband von Nana Pernod entwirft durch Wortsch\u00f6pfungen neue geistige<br \/>\nLandschaften, die S\u00fcdtirol in seiner fruchtbaren und leidenschaftlichen Art<br \/>\nund Weise zu spiegeln versuchen.<\/p>\n<p>Nana Pernod, geboren 1971, ist Kunsthistorikerin, Malerin sowie Lyrikerin. Sie<br \/>\narbeitet auch als Redakteurin und Dozentin. Ihre erste Lyrikpublikation<br \/>\nerfolgte an der Universit\u00e4t Genf, wo sie franz\u00f6sische Lyrik ver\u00f6ffentlichte.<br \/>\nEs folgte sp\u00e4ter das Buch \u00bbBlutend leicht, menschlich Herz\u00ab, wo sie einen<br \/>\nGedichtzyklus zu einer Bildserie des Schweizer Malers Ferdinand Seiler<br \/>\nverfasste. Ein knapp zweij\u00e4hriger Aufenthalt in Graub\u00fcnden an der Grenze zu<br \/>\nS\u00fcdtirol gab den Ausschlag f\u00fcr den vorliegenden Gedichtband.<\/p>","protected":false},"excerpt":{"rendered":"<p>Die S\u00fcdtiroler Wortb\u00f6en sind die Frucht einer intuitiven Regung f\u00fcr die S\u00fcdtiroler Landschaft und Menschen. Dieser faszinierende Landstrich verk\u00f6rpert mit seinen Bergen, Gipfeln und Graten, auf denen Windb\u00f6en ihr Unwesen treiben, das &#171;Mehr Wind, mehr Liebe&#187;. Gemeint ist die fruchtbare Erde und die Sonneneinstrahlung, die pr\u00e4chtige Fr\u00fcchte und wunderbare Weine gedeihen l\u00e4sst. Der Wind ist [&#8230;]\n","protected":false},"featured_media":32843,"template":"","meta":[],"product_brand":[],"product_cat":[21629],"product_tag":[],"class_list":{"0":"post-148901","1":"product","2":"type-product","3":"status-publish","4":"has-post-thumbnail","6":"product_cat-belletristik","7":"pa_autor-pernod","8":"pa_erscheinungsjahr-21574","9":"pa_region-schweiz","10":"pa_sprache-de","12":"first","13":"instock","14":"taxable","15":"shipping-taxable","16":"purchasable","17":"product-type-simple"},"_links":{"self":[{"href":"https:\/\/pizbube.ch\/en\/wp-json\/wp\/v2\/product\/148901","targetHints":{"allow":["GET"]}}],"collection":[{"href":"https:\/\/pizbube.ch\/en\/wp-json\/wp\/v2\/product"}],"about":[{"href":"https:\/\/pizbube.ch\/en\/wp-json\/wp\/v2\/types\/product"}],"wp:featuredmedia":[{"embeddable":true,"href":"https:\/\/pizbube.ch\/en\/wp-json\/wp\/v2\/media\/32843"}],"wp:attachment":[{"href":"https:\/\/pizbube.ch\/en\/wp-json\/wp\/v2\/media?parent=148901"}],"wp:term":[{"taxonomy":"product_brand","embeddable":true,"href":"https:\/\/pizbube.ch\/en\/wp-json\/wp\/v2\/product_brand?post=148901"},{"taxonomy":"product_cat","embeddable":true,"href":"https:\/\/pizbube.ch\/en\/wp-json\/wp\/v2\/product_cat?post=148901"},{"taxonomy":"product_tag","embeddable":true,"href":"https:\/\/pizbube.ch\/en\/wp-json\/wp\/v2\/product_tag?post=148901"}],"curies":[{"name":"wp","href":"https:\/\/api.w.org\/{rel}","templated":true}]}}