{"id":148904,"date":"2021-01-15T10:58:22","date_gmt":"2021-01-15T10:58:22","guid":{"rendered":"https:\/\/codengine3.ch\/?product=import-placeholder-for-200527"},"modified":"2021-01-15T10:58:27","modified_gmt":"2021-01-15T10:58:27","slug":"immer-hoeher","status":"publish","type":"product","link":"https:\/\/pizbube.ch\/en\/shop\/immer-hoeher\/","title":{"rendered":"Immer H\u00f6her"},"content":{"rendered":"<p>Franz Hohler ist ein ausdauernder Wanderer und passionierter Bergsteiger. In<br \/>\ndiesem Buch f\u00fchrt er die Leserinnen und Leser \u00abimmer h\u00f6her\u00bb \u2013 von einem Gipfel<br \/>\nwenige hundert Meter \u00fcber Meer bis auf etliche Vier- und einen F\u00fcnftausender.<br \/>\nEs ist ein angenehmes, ruhiges, fast beschauliches Wandern, Gehen und<br \/>\nKlettern, mit offenen Augen und wachem Sinn: atmen, denken, sehen und auch<br \/>\nschweigen. Dort hinauf, wohin es eigentlich \u00abkeinen Grund zu gehen gibt\u00bb und<br \/>\nman trotzdem geht, dorthin, \u00abwohin man nur mit Geduld kommt\u00bb. Auf einen<br \/>\nHausberg vielleicht, einen Traumberg oder einen Grat am Himmelsrand. Allein,<br \/>\nzu zweit, selbdritt. Mit dem Sohn, mit seiner Frau Ursula, mit Freunden. Oder<br \/>\nam Seil des Bergf\u00fchrers Adolf Schlunegger, mit Pickel und Steigeisen \u00fcber<br \/>\nAbgr\u00fcnde balancierend.<\/p>\n<p>Kein Bergdrama erz\u00e4hlt er, weder von Erfrierungen noch von Leichen oder<br \/>\ndramatischen Rettungsaktionen ist die Rede, wie man es von alpinistischer<br \/>\nLiteratur erwartet. Immer h\u00f6her steigt er, doch immer bleibt es \u00abeine ganz<br \/>\ngew\u00f6hnliche Bergtour\u00bb. Keine Heldenpose also. Daf\u00fcr Poesie. \u00dcberraschende<br \/>\nBeobachtungen, ergreifende Stimmungen. Der Eiger im Mondlicht, die<br \/>\nSonnenfinsternis auf dem Weisshorngipfel.Sein Blick vom Gipfel ist gelassen,<br \/>\naber nie unkritisch. Er stellt fest, wie die Gletscher schwinden, stellt sich<br \/>\nvor, wie es sein wird, wenn es sie nicht mehr gibt. Wenn sich daf\u00fcr die<br \/>\nSiedlungen im Tal \u00abwie Gletscher der Eiszeit\u00bb ausbreiten. Er kehrt gerne<br \/>\nzur\u00fcck ins Tal, nach einem Imbiss in einem Bergrestaurant vielleicht, begl\u00fcckt<br \/>\nund mit neuen Traumbergen im Kopf.<\/p>\n<p>\u00abDarf man \u00fcber so etwas \u00fcberhaupt schreiben?\u00bb, fragt er sich. Die Antwort ist<br \/>\n&#8211; unter anderem \u2013 diese Sammlung von Erlebnisberichten, unspektakul\u00e4r und doch<br \/>\nso hautnah erlebbar, dass man w\u00fcnscht, man w\u00e4re dabei gewesen, h\u00e4tte mit ihm<br \/>\ngeplaudert und geschwiegen, beobachtet, Tee getrunken, Dohlen gef\u00fcttert.<\/p>","protected":false},"excerpt":{"rendered":"<ul>\n<li><a href=\"https:\/\/youtu.be\/ULd0pzdv_-w\" target=\"_blank\" rel=\"noopener\">Video: Trailer Immer H\u00f6her mit Franz Hohler<\/a><\/li>\n<\/ul>","protected":false},"featured_media":27179,"template":"","meta":[],"product_brand":[],"product_cat":[21629],"product_tag":[],"class_list":{"0":"post-148904","1":"product","2":"type-product","3":"status-publish","4":"has-post-thumbnail","6":"product_cat-belletristik","7":"pa_autor-hohler","8":"pa_erscheinungsjahr-21550","9":"pa_region-schweiz","10":"pa_sprache-de","12":"first","13":"outofstock","14":"taxable","15":"shipping-taxable","16":"purchasable","17":"product-type-simple"},"_links":{"self":[{"href":"https:\/\/pizbube.ch\/en\/wp-json\/wp\/v2\/product\/148904","targetHints":{"allow":["GET"]}}],"collection":[{"href":"https:\/\/pizbube.ch\/en\/wp-json\/wp\/v2\/product"}],"about":[{"href":"https:\/\/pizbube.ch\/en\/wp-json\/wp\/v2\/types\/product"}],"wp:featuredmedia":[{"embeddable":true,"href":"https:\/\/pizbube.ch\/en\/wp-json\/wp\/v2\/media\/27179"}],"wp:attachment":[{"href":"https:\/\/pizbube.ch\/en\/wp-json\/wp\/v2\/media?parent=148904"}],"wp:term":[{"taxonomy":"product_brand","embeddable":true,"href":"https:\/\/pizbube.ch\/en\/wp-json\/wp\/v2\/product_brand?post=148904"},{"taxonomy":"product_cat","embeddable":true,"href":"https:\/\/pizbube.ch\/en\/wp-json\/wp\/v2\/product_cat?post=148904"},{"taxonomy":"product_tag","embeddable":true,"href":"https:\/\/pizbube.ch\/en\/wp-json\/wp\/v2\/product_tag?post=148904"}],"curies":[{"name":"wp","href":"https:\/\/api.w.org\/{rel}","templated":true}]}}