{"id":148905,"date":"2021-01-15T10:58:22","date_gmt":"2021-01-15T10:58:22","guid":{"rendered":"https:\/\/codengine3.ch\/?product=import-placeholder-for-205453"},"modified":"2021-01-15T14:41:23","modified_gmt":"2021-01-15T14:41:23","slug":"52-wanderungen-2","status":"publish","type":"product","link":"https:\/\/pizbube.ch\/en\/shop\/52-wanderungen-2\/","title":{"rendered":"52 Wanderungen"},"content":{"rendered":"<p>Ein literarisches Buch, das sich ohne Abstriche auch als Wanderf\u00fchrer<br \/>\nverwenden l\u00e4sst. An seinem sechzigsten Geburtstag beginnt f\u00fcr Franz Hohler ein<br \/>\nau\u00dferordentliches Jahr. Woche f\u00fcr Woche macht er sich auf den Weg und wandert<br \/>\ndurch sein Heimatland: Dort, wo es am sch\u00f6nsten, am lautesten, am ruhigsten<br \/>\nist. Und dort, wo sich einfach mit Herzenslust ausschreiten l\u00e4sst.  <\/p>\n<p>Franz Hohlers Jahr zu Fu\u00df: 52 Schweizer (und andere) Wanderungen. &#8218;Hohlers<br \/>\nWanderbuch: Kurzweilig, witzig und voller Lust am Unterwegssein.&#8216; Frankfurter<br \/>\nRundschau &#8218;Franz Hohlers privatestes, intimstes Buch.&#8216; Basler Zeitung<\/p>","protected":false},"excerpt":{"rendered":"<p>Ein literarisches Buch, das sich ohne Abstriche auch als Wanderf\u00fchrer verwenden l\u00e4sst. An seinem sechzigsten Geburtstag beginnt f\u00fcr Franz Hohler ein au\u00dferordentliches Jahr. Woche f\u00fcr Woche macht er sich auf den Weg und wandert durch sein Heimatland: Dort, wo es am sch\u00f6nsten, am lautesten, am ruhigsten ist. Und dort, wo sich einfach mit Herzenslust ausschreiten [&#8230;]\n","protected":false},"featured_media":34162,"template":"","meta":[],"product_brand":[],"product_cat":[21629],"product_tag":[],"class_list":{"0":"post-148905","1":"product","2":"type-product","3":"status-publish","4":"has-post-thumbnail","6":"product_cat-belletristik","7":"pa_autor-hohler","8":"pa_erscheinungsjahr-21842","9":"pa_region-schweiz","10":"pa_sprache-de","12":"first","13":"instock","14":"taxable","15":"shipping-taxable","16":"purchasable","17":"product-type-simple"},"_links":{"self":[{"href":"https:\/\/pizbube.ch\/en\/wp-json\/wp\/v2\/product\/148905","targetHints":{"allow":["GET"]}}],"collection":[{"href":"https:\/\/pizbube.ch\/en\/wp-json\/wp\/v2\/product"}],"about":[{"href":"https:\/\/pizbube.ch\/en\/wp-json\/wp\/v2\/types\/product"}],"wp:featuredmedia":[{"embeddable":true,"href":"https:\/\/pizbube.ch\/en\/wp-json\/wp\/v2\/media\/34162"}],"wp:attachment":[{"href":"https:\/\/pizbube.ch\/en\/wp-json\/wp\/v2\/media?parent=148905"}],"wp:term":[{"taxonomy":"product_brand","embeddable":true,"href":"https:\/\/pizbube.ch\/en\/wp-json\/wp\/v2\/product_brand?post=148905"},{"taxonomy":"product_cat","embeddable":true,"href":"https:\/\/pizbube.ch\/en\/wp-json\/wp\/v2\/product_cat?post=148905"},{"taxonomy":"product_tag","embeddable":true,"href":"https:\/\/pizbube.ch\/en\/wp-json\/wp\/v2\/product_tag?post=148905"}],"curies":[{"name":"wp","href":"https:\/\/api.w.org\/{rel}","templated":true}]}}