{"id":148906,"date":"2021-01-15T10:58:22","date_gmt":"2021-01-15T10:58:22","guid":{"rendered":"https:\/\/codengine3.ch\/?product=import-placeholder-for-202016"},"modified":"2021-01-15T12:32:40","modified_gmt":"2021-01-15T12:32:40","slug":"zur-muendung","status":"publish","type":"product","link":"https:\/\/pizbube.ch\/en\/shop\/zur-muendung\/","title":{"rendered":"Zur M\u00fcndung"},"content":{"rendered":"<p>37 Geschichten von Leben und Tod, darunter jene \u00fcber die Gipfelrast auf dem<br \/>\nWalliser Weisshorn anl\u00e4sslich der Sonnenfinsternis und \u00fcber eine<br \/>\nGrenzerfahrung bei einer Eiger Mittellegi- Grat Besteigung.<\/p>\n<p>Ihn besch\u00e4ftigen Grenzen und wie sie sich \u00fcberwinden lassen, und dabei gelangt<br \/>\ner unversehens immer wieder bei der Grenze an, die unserem Leben gesetzt ist.<br \/>\nPaperbackausgabe<\/p>","protected":false},"excerpt":{"rendered":"<p>37 Geschichten von Leben und Tod, darunter jene \u00fcber die Gipfelrast auf dem Walliser Weisshorn anl\u00e4sslich der Sonnenfinsternis und \u00fcber eine Grenzerfahrung bei einer Eiger Mittellegi- Grat Besteigung. Ihn besch\u00e4ftigen Grenzen und wie sie sich \u00fcberwinden lassen, und dabei gelangt er unversehens immer wieder bei der Grenze an, die unserem Leben gesetzt ist. Paperbackausgabe<\/p>","protected":false},"featured_media":29398,"template":"","meta":[],"product_brand":[],"product_cat":[21629],"product_tag":[],"class_list":{"0":"post-148906","1":"product","2":"type-product","3":"status-publish","4":"has-post-thumbnail","6":"product_cat-belletristik","7":"pa_autor-hohler","8":"pa_erscheinungsjahr-22292","9":"pa_region-schweiz","10":"pa_sprache-de","12":"first","13":"instock","14":"taxable","15":"shipping-taxable","16":"purchasable","17":"product-type-simple"},"_links":{"self":[{"href":"https:\/\/pizbube.ch\/en\/wp-json\/wp\/v2\/product\/148906","targetHints":{"allow":["GET"]}}],"collection":[{"href":"https:\/\/pizbube.ch\/en\/wp-json\/wp\/v2\/product"}],"about":[{"href":"https:\/\/pizbube.ch\/en\/wp-json\/wp\/v2\/types\/product"}],"wp:featuredmedia":[{"embeddable":true,"href":"https:\/\/pizbube.ch\/en\/wp-json\/wp\/v2\/media\/29398"}],"wp:attachment":[{"href":"https:\/\/pizbube.ch\/en\/wp-json\/wp\/v2\/media?parent=148906"}],"wp:term":[{"taxonomy":"product_brand","embeddable":true,"href":"https:\/\/pizbube.ch\/en\/wp-json\/wp\/v2\/product_brand?post=148906"},{"taxonomy":"product_cat","embeddable":true,"href":"https:\/\/pizbube.ch\/en\/wp-json\/wp\/v2\/product_cat?post=148906"},{"taxonomy":"product_tag","embeddable":true,"href":"https:\/\/pizbube.ch\/en\/wp-json\/wp\/v2\/product_tag?post=148906"}],"curies":[{"name":"wp","href":"https:\/\/api.w.org\/{rel}","templated":true}]}}