{"id":148907,"date":"2021-01-15T10:58:22","date_gmt":"2021-01-15T10:58:22","guid":{"rendered":"https:\/\/codengine3.ch\/?product=import-placeholder-for-201642"},"modified":"2025-11-14T12:08:08","modified_gmt":"2025-11-14T11:08:08","slug":"die-steinflut","status":"publish","type":"product","link":"https:\/\/pizbube.ch\/en\/shop\/die-steinflut\/","title":{"rendered":"Die Steinflut"},"content":{"rendered":"<p>Novelle \u00fcber den Felssturz in Elm: Am 9. September 1881 in einem kleinen Dorf<br \/>\nhoch oben in den Schweizer Bergen:<\/p>\n<p>Die kleine Katharina wird zusammen mit ihrem j\u00fcngeren Bruder zu den Gro\u00dfeltern<br \/>\ngeschickt. Dort sollen beide die n\u00e4chsten Tage verbringen, bis die Mutter ihr<br \/>\nsechstes Kind zur Welt gebracht hat. Doch es k\u00fcndigt sich noch ein anderes<br \/>\nEreignis an. Von einem Hang sind einige Felsbrocken ins Tal hinabgest\u00fcrzt und<br \/>\nder ganze Berghang k\u00f6nnte sich l\u00f6sen und das Dorf unter sich begraben. Daran<br \/>\nm\u00f6chte niemand glauben, am allerwenigsten die Arbeiter im Schieferbruch, die<br \/>\nmit ihren H\u00e4nden ganze Familien ern\u00e4hren.<\/p>\n<p>Aber der Berg f\u00fchrt in Franz Hohlers hochgelobter, in der Tradition der besten<br \/>\nSchweizer Literatur stehenden Novelle sein Eigenleben (Taschenbuchausgabe)<\/p>","protected":false},"excerpt":{"rendered":"<p>Novelle \u00fcber den Felssturz in Elm: Am 9. September 1881 in einem kleinen Dorf hoch oben in den Schweizer Bergen: Die kleine Katharina wird zusammen mit ihrem j\u00fcngeren Bruder zu den Gro\u00dfeltern geschickt. Dort sollen beide die n\u00e4chsten Tage verbringen, bis die Mutter ihr sechstes Kind zur Welt gebracht hat. Doch es k\u00fcndigt sich noch [&#8230;]\n","protected":false},"featured_media":182161,"template":"","meta":[],"product_brand":[],"product_cat":[21629],"product_tag":[],"class_list":{"0":"post-148907","1":"product","2":"type-product","3":"status-publish","4":"has-post-thumbnail","6":"product_cat-belletristik","7":"pa_autor-hohler","8":"pa_erscheinungsjahr-21610","9":"pa_region-schweiz","10":"pa_sprache-de","12":"first","13":"instock","14":"taxable","15":"shipping-taxable","16":"purchasable","17":"product-type-simple"},"_links":{"self":[{"href":"https:\/\/pizbube.ch\/en\/wp-json\/wp\/v2\/product\/148907","targetHints":{"allow":["GET"]}}],"collection":[{"href":"https:\/\/pizbube.ch\/en\/wp-json\/wp\/v2\/product"}],"about":[{"href":"https:\/\/pizbube.ch\/en\/wp-json\/wp\/v2\/types\/product"}],"wp:featuredmedia":[{"embeddable":true,"href":"https:\/\/pizbube.ch\/en\/wp-json\/wp\/v2\/media\/182161"}],"wp:attachment":[{"href":"https:\/\/pizbube.ch\/en\/wp-json\/wp\/v2\/media?parent=148907"}],"wp:term":[{"taxonomy":"product_brand","embeddable":true,"href":"https:\/\/pizbube.ch\/en\/wp-json\/wp\/v2\/product_brand?post=148907"},{"taxonomy":"product_cat","embeddable":true,"href":"https:\/\/pizbube.ch\/en\/wp-json\/wp\/v2\/product_cat?post=148907"},{"taxonomy":"product_tag","embeddable":true,"href":"https:\/\/pizbube.ch\/en\/wp-json\/wp\/v2\/product_tag?post=148907"}],"curies":[{"name":"wp","href":"https:\/\/api.w.org\/{rel}","templated":true}]}}