{"id":148909,"date":"2021-01-15T10:58:22","date_gmt":"2021-01-15T10:58:22","guid":{"rendered":"https:\/\/codengine3.ch\/?product=import-placeholder-for-207531"},"modified":"2021-01-15T16:04:19","modified_gmt":"2021-01-15T16:04:19","slug":"gipfel-%e2%88%92-col-%e2%88%92-valle","status":"publish","type":"product","link":"https:\/\/pizbube.ch\/en\/shop\/gipfel-%e2%88%92-col-%e2%88%92-valle\/","title":{"rendered":"Gipfel \u2212 Col \u2212 Valle"},"content":{"rendered":"<p>Berggeschichten \/ Contes des montagnes \/ Racconti di montagna<\/p>\n<p>In den Bergen geht es nicht nur hinauf und hinunter, sondern auch drunter und<br \/>\ndr\u00fcber. Der Verein Alpen-Initiative hat eine Schriftstellerin und zwei<br \/>\nSchriftsteller eingeladen, f\u00fcr sein Magazin \u00abecho\u00bb je f\u00fcnf Geschichten zu<br \/>\nschreiben: die Westschweizerin No\u00eblle Revaz, den Deutschschweizer Franz Hohler<br \/>\nund den Tessiner Giovanni Orelli. Entstanden ist eine dreisprachige Odyssee<br \/>\ndurch die Alpen.  <\/p>\n<p>En montagnes, \u00e7a ne fait pas que monter et descendre, c&#8217;est aussi sens dessus<br \/>\ndessous. L&#8217;association de l&#8217;Initiative des Alpes a invit\u00e9 les trois \u00e9crivains,<br \/>\nla Romande No\u00eblle Revaz, le Suisse al\u00e9manique Franz Hohler et le Tessinois<br \/>\nGiovanni Orelli, \u00e0 \u00e9crire cinq histoires chacun dans son journal \u00ab\u00e9chos\u00bb.<br \/>\nCette odyss\u00e9e \u00e0 travers les Alpes en est le r\u00e9sultat.  <\/p>\n<p>Nelle montagne non solo si sale e si scende, \u00e8 tutto un mondo sottosopra.<br \/>\nL&#8217;associazione Iniziativa delle Alpi ha invitato una scrittrice e due<br \/>\nscrittori a scrivere ciascuno cinque storie per la sua rivista \u00abeco\u00bb: No\u00eblle<br \/>\nRevaz per la Svizzera francese, Franz Hohler per quella tedesca e il ticinese<br \/>\nGiovanni Orelli per quella italiana. Ne \u00e8 nata un\u2019odissea in tre lingue<br \/>\nattraverso le Alpi.<\/p>","protected":false},"excerpt":{"rendered":"<p>Berggeschichten \/ Contes des montagnes \/ Racconti di montagna In den Bergen geht es nicht nur hinauf und hinunter, sondern auch drunter und dr\u00fcber. Der Verein Alpen-Initiative hat eine Schriftstellerin und zwei Schriftsteller eingeladen, f\u00fcr sein Magazin \u00abecho\u00bb je f\u00fcnf Geschichten zu schreiben: die Westschweizerin No\u00eblle Revaz, den Deutschschweizer Franz Hohler und den Tessiner Giovanni [&#8230;]\n","protected":false},"featured_media":37739,"template":"","meta":[],"product_brand":[],"product_cat":[21629],"product_tag":[],"class_list":{"0":"post-148909","1":"product","2":"type-product","3":"status-publish","4":"has-post-thumbnail","6":"product_cat-belletristik","7":"pa_autor-hohler-revaz-orelli","8":"pa_erscheinungsjahr-21550","9":"pa_region-schweiz","10":"pa_sprache-de","12":"first","13":"instock","14":"taxable","15":"shipping-taxable","16":"purchasable","17":"product-type-simple"},"_links":{"self":[{"href":"https:\/\/pizbube.ch\/en\/wp-json\/wp\/v2\/product\/148909","targetHints":{"allow":["GET"]}}],"collection":[{"href":"https:\/\/pizbube.ch\/en\/wp-json\/wp\/v2\/product"}],"about":[{"href":"https:\/\/pizbube.ch\/en\/wp-json\/wp\/v2\/types\/product"}],"wp:featuredmedia":[{"embeddable":true,"href":"https:\/\/pizbube.ch\/en\/wp-json\/wp\/v2\/media\/37739"}],"wp:attachment":[{"href":"https:\/\/pizbube.ch\/en\/wp-json\/wp\/v2\/media?parent=148909"}],"wp:term":[{"taxonomy":"product_brand","embeddable":true,"href":"https:\/\/pizbube.ch\/en\/wp-json\/wp\/v2\/product_brand?post=148909"},{"taxonomy":"product_cat","embeddable":true,"href":"https:\/\/pizbube.ch\/en\/wp-json\/wp\/v2\/product_cat?post=148909"},{"taxonomy":"product_tag","embeddable":true,"href":"https:\/\/pizbube.ch\/en\/wp-json\/wp\/v2\/product_tag?post=148909"}],"curies":[{"name":"wp","href":"https:\/\/api.w.org\/{rel}","templated":true}]}}