{"id":148920,"date":"2021-01-15T10:58:29","date_gmt":"2021-01-15T10:58:29","guid":{"rendered":"https:\/\/codengine3.ch\/?product=import-placeholder-for-200533"},"modified":"2021-01-15T10:58:33","modified_gmt":"2021-01-15T10:58:33","slug":"laigle-un-refuge-phare","status":"publish","type":"product","link":"https:\/\/pizbube.ch\/en\/shop\/laigle-un-refuge-phare\/","title":{"rendered":"L&#8217;Aigle &#8211; un refuge phare"},"content":{"rendered":"<p>Un auteur et un photographe sont rest\u00e9s \u00e0 l\u2019Aigle pour saisir tout ce que \u00ab le<br \/>\nrefuge des refuges \u00bb inspire aux alpinistes ou aux simples visiteurs : le go\u00fbt<br \/>\nde l\u2019aventure et la po\u00e9sie des hauteurs.<\/p>\n<p>L\u2019Aigle est un refuge \u00e0 part. Une cabane perch\u00e9e sur un piton rocheux \u00e0 3 440<br \/>\nm\u00e8tres d\u2019altitude, l\u2019une des plus hautes d\u2019Europe. C\u2019est le r\u00eave d\u2019une vie<br \/>\npour les randonneurs, la naissance d\u2019une passion pour les apprentis<br \/>\nalpinistes, un phare pour les grimpeurs \u00e9gar\u00e9s la nuit dans la travers\u00e9e de la<br \/>\nMeije, une porte ouverte sur le grand Oisans sauvage.  <\/p>\n<p>Au tournant du mill\u00e9naire, la petite cabane en bois construite en 1910 tombait<br \/>\nen ruine,<br \/>\non se tassait \u00e0 cinquante dans ses ch\u00e2lits con\u00e7us pour dix-huit, o\u00f9 R\u00e9buffat<br \/>\net tant d\u2019autres avaient couch\u00e9. Mais lorsqu\u2019un projet a \u00e9t\u00e9 d\u00e9pos\u00e9 pour le<br \/>\nreconstruire, le nerf du symbole a \u00e9t\u00e9 touch\u00e9.  <\/p>\n<p>Le nouvel Aigle a vu le jour en 2014, apr\u00e8s dix ans de bagarre. C\u2019est un<br \/>\nrefuge classique et moderne, simple mais convivial, bien isol\u00e9 mais pas coup\u00e9<br \/>\ndu paysage grandiose.<br \/>\n\u00c0 l\u2019Aigle, un mod\u00e8le de refuge d\u2019avenir s\u2019esquisse : l\u2019anti-refuge-h\u00f4tel.<br \/>\nLe guide Bruno Gardent le voit de sa fen\u00eatre et y a pass\u00e9 des dizaines, peut-<br \/>\n\u00eatre des centaines de nuits. Pascal Tournaire l\u2019a photographi\u00e9 depuis plus de<br \/>\ntrente ans et a suivi toute sa reconstruction. Ensemble, les deux amis s\u2019y<br \/>\nsont sauv\u00e9s in extremis d\u2019une temp\u00eate hivernale.<br \/>\nCharlie Buffet les a \u00e9cout\u00e9s raconter, ensemble, l\u2019histoire de l\u2019Aigle.<\/p>\n<p>Format : 23 x 23 cm, 248 pages, 176 images<\/p>","protected":false},"excerpt":{"rendered":"<p>Un auteur et un photographe sont rest\u00e9s \u00e0 l\u2019Aigle pour saisir tout ce que \u00ab le refuge des refuges \u00bb inspire aux alpinistes ou aux simples visiteurs : le go\u00fbt de l\u2019aventure et la po\u00e9sie des hauteurs. L\u2019Aigle est un refuge \u00e0 part. Une cabane perch\u00e9e sur un piton rocheux \u00e0 3 440 m\u00e8tres d\u2019altitude, [&#8230;]\n","protected":false},"featured_media":27210,"template":"","meta":[],"product_brand":[],"product_cat":[21542],"product_tag":[],"class_list":{"0":"post-148920","1":"product","2":"type-product","3":"status-publish","4":"has-post-thumbnail","6":"product_cat-sachbuecher-dokumentationen","7":"pa_autor-buffet-tournaire","8":"pa_erscheinungsjahr-21597","9":"pa_region-frankreich","10":"pa_sprache-fr","12":"first","13":"instock","14":"taxable","15":"shipping-taxable","16":"purchasable","17":"product-type-simple"},"_links":{"self":[{"href":"https:\/\/pizbube.ch\/en\/wp-json\/wp\/v2\/product\/148920","targetHints":{"allow":["GET"]}}],"collection":[{"href":"https:\/\/pizbube.ch\/en\/wp-json\/wp\/v2\/product"}],"about":[{"href":"https:\/\/pizbube.ch\/en\/wp-json\/wp\/v2\/types\/product"}],"wp:featuredmedia":[{"embeddable":true,"href":"https:\/\/pizbube.ch\/en\/wp-json\/wp\/v2\/media\/27210"}],"wp:attachment":[{"href":"https:\/\/pizbube.ch\/en\/wp-json\/wp\/v2\/media?parent=148920"}],"wp:term":[{"taxonomy":"product_brand","embeddable":true,"href":"https:\/\/pizbube.ch\/en\/wp-json\/wp\/v2\/product_brand?post=148920"},{"taxonomy":"product_cat","embeddable":true,"href":"https:\/\/pizbube.ch\/en\/wp-json\/wp\/v2\/product_cat?post=148920"},{"taxonomy":"product_tag","embeddable":true,"href":"https:\/\/pizbube.ch\/en\/wp-json\/wp\/v2\/product_tag?post=148920"}],"curies":[{"name":"wp","href":"https:\/\/api.w.org\/{rel}","templated":true}]}}