{"id":148921,"date":"2021-01-15T10:58:29","date_gmt":"2021-01-15T10:58:29","guid":{"rendered":"https:\/\/codengine3.ch\/?product=import-placeholder-for-200607"},"modified":"2021-01-15T10:59:15","modified_gmt":"2021-01-15T10:59:15","slug":"alpenvereinshuetten-band-3-westalpen","status":"publish","type":"product","link":"https:\/\/pizbube.ch\/en\/shop\/alpenvereinshuetten-band-3-westalpen\/","title":{"rendered":"Alpenvereinsh\u00fctten Band 3: Westalpen"},"content":{"rendered":"<p>Schutzh\u00fctten in Norditalien, Schweiz und Frankreich: Es enth\u00e4lt \u00fcber 1000<br \/>\nSchutzh\u00fctten und Biwakschachteln des Club Alpin Fran\u00e7ais (CAF), des Club<br \/>\nAlpino Italiano (CAI), des Schweizer Alpen Clubs (SAC) und der Naturfreunde<br \/>\nSchweiz (NFS) sowie zahlreicher anderer alpiner Vereine und Privath\u00fctten und<br \/>\ndeckt dabei alle Gebirgsgruppen westlich der Linie Rheintal &#8211; Comer See bis<br \/>\nhinab zu den Ligurischen Alpen und den Seealpen ab.  <\/p>\n<p>Die vorliegende 2. Auflage erhielt ein moderneres, gro\u00dfz\u00fcgigeres<br \/>\nErscheinungsbild und wurde um einige Angaben erg\u00e4nzt. \u00dcbersichtlich nach<br \/>\nGebirgsgruppen gegliedert, werden alle Bergsteigerunterk\u00fcnfte des betreffenden<br \/>\nGebietes in alphabetischer Reihenfolge vorgestellt: Adressen, Telefonnummern,<br \/>\nE-Mail- und Internet-Adressen von H\u00fcttenwirt und H\u00fctte, Sektion oder Besitzer,<br \/>\nAngabe der GPS-Koordinaten, Angaben zu \u00d6ffnungs- und Bewirtschaftungszeiten,<br \/>\nWinterraum, Anzahl der Lager und Betten sowie Informationen \u00fcber die<br \/>\nZufahrtsm\u00f6glichkeiten auch mit \u00f6ffentlichen Verkehrsmitteln und Zugangswege,<br \/>\nWander- und Kletterm\u00f6glichkeiten und alle zug\u00e4nglichen Gipfel finden sich da<br \/>\nauf einen Blick. Schwarz-Wei\u00df-Abbildungen vermitteln einen ersten Eindruck von<br \/>\nder betreffenden H\u00fctte und ihrer Umgebung. Eine \u00dcbersichtskarte zu jeder<br \/>\nGebirgsgruppe mit eingetragenen Gebietsgrenzen erleichtert die Orientierung.<br \/>\nEin sehr ausf\u00fchrliches Stichwortregister, das die unterschiedlichsten<br \/>\nSchreibweisen der Schutzh\u00fctten und Biwakschachteln ber\u00fccksichtigt, hilft<br \/>\nschnell und zuverl\u00e4ssig bei der Suche nach jeder Unterkunft.  <\/p>","protected":false},"excerpt":{"rendered":"<p>Schutzh\u00fctten in Norditalien, Schweiz und Frankreich: Es enth\u00e4lt \u00fcber 1000 Schutzh\u00fctten und Biwakschachteln des Club Alpin Fran\u00e7ais (CAF), des Club Alpino Italiano (CAI), des Schweizer Alpen Clubs (SAC) und der Naturfreunde Schweiz (NFS) sowie zahlreicher anderer alpiner Vereine und Privath\u00fctten und deckt dabei alle Gebirgsgruppen westlich der Linie Rheintal &#8211; Comer See bis hinab zu [&#8230;]\n","protected":false},"featured_media":27410,"template":"","meta":[],"product_brand":[],"product_cat":[22143],"product_tag":[],"class_list":{"0":"post-148921","1":"product","2":"type-product","3":"status-publish","4":"has-post-thumbnail","6":"product_cat-huettenverzeichnisse-hotelfuehrer","7":"pa_autor-draxler","8":"pa_erscheinungsjahr-21776","9":"pa_region-frankreich","10":"pa_sprache-de","12":"first","13":"instock","14":"taxable","15":"shipping-taxable","16":"purchasable","17":"product-type-simple"},"_links":{"self":[{"href":"https:\/\/pizbube.ch\/en\/wp-json\/wp\/v2\/product\/148921","targetHints":{"allow":["GET"]}}],"collection":[{"href":"https:\/\/pizbube.ch\/en\/wp-json\/wp\/v2\/product"}],"about":[{"href":"https:\/\/pizbube.ch\/en\/wp-json\/wp\/v2\/types\/product"}],"wp:featuredmedia":[{"embeddable":true,"href":"https:\/\/pizbube.ch\/en\/wp-json\/wp\/v2\/media\/27410"}],"wp:attachment":[{"href":"https:\/\/pizbube.ch\/en\/wp-json\/wp\/v2\/media?parent=148921"}],"wp:term":[{"taxonomy":"product_brand","embeddable":true,"href":"https:\/\/pizbube.ch\/en\/wp-json\/wp\/v2\/product_brand?post=148921"},{"taxonomy":"product_cat","embeddable":true,"href":"https:\/\/pizbube.ch\/en\/wp-json\/wp\/v2\/product_cat?post=148921"},{"taxonomy":"product_tag","embeddable":true,"href":"https:\/\/pizbube.ch\/en\/wp-json\/wp\/v2\/product_tag?post=148921"}],"curies":[{"name":"wp","href":"https:\/\/api.w.org\/{rel}","templated":true}]}}