{"id":148923,"date":"2021-01-15T10:58:29","date_gmt":"2021-01-15T10:58:29","guid":{"rendered":"https:\/\/codengine3.ch\/?product=import-placeholder-for-207116"},"modified":"2021-01-15T14:55:18","modified_gmt":"2021-01-15T14:55:18","slug":"berner-berghuetten","status":"publish","type":"product","link":"https:\/\/pizbube.ch\/en\/shop\/berner-berghuetten\/","title":{"rendered":"Berner Bergh\u00fctten"},"content":{"rendered":"<p>Wer kennt sie nicht, die klassische Bergh\u00fctte &#8211; ein Holzchalet mit bunten<br \/>\nFensterl\u00e4den, kleine heimelige Oasen inmitten m\u00e4chtiger Berge?<br \/>\nH\u00fctten sind untrennbar mit unserem Bild der Alpen verbunden und spielen in der<br \/>\nGeschichte und Gegenwart des alpinen Tourismus eine Schl\u00fcsselrolle. Das gilt<br \/>\nin besonderem Mass f\u00fcr die Berner Alpen, die sehr fr\u00fch und systematisch<br \/>\nerschlossen wurden. Die vorliegende Publikation nimmt die Leserinnen und Leser<br \/>\nmit auf die Reise von den Anf\u00e4ngen des Bergh\u00fcttenwesens bis in die heutige<br \/>\nZeit und dar\u00fcber hinaus.<br \/>\nMarco Volken gibt in der vorliegenden Publikation einen fachkundigen \u00dcberblick<br \/>\n\u00fcber die Entwicklung des H\u00fcttenwesens in den Berner Alpen.<br \/>\nSeine grossformatigen Fotos zeigen eindr\u00fccklich, wie sich die Bergh\u00fctten in<br \/>\ndie Landschaft einf\u00fcgen.  <\/p>","protected":false},"excerpt":{"rendered":"<p>Wer kennt sie nicht, die klassische Bergh\u00fctte &#8211; ein Holzchalet mit bunten Fensterl\u00e4den, kleine heimelige Oasen inmitten m\u00e4chtiger Berge? H\u00fctten sind untrennbar mit unserem Bild der Alpen verbunden und spielen in der Geschichte und Gegenwart des alpinen Tourismus eine Schl\u00fcsselrolle. Das gilt in besonderem Mass f\u00fcr die Berner Alpen, die sehr fr\u00fch und systematisch erschlossen [&#8230;]\n","protected":false},"featured_media":36724,"template":"","meta":[],"product_brand":[],"product_cat":[21542],"product_tag":[],"class_list":{"0":"post-148923","1":"product","2":"type-product","3":"status-publish","4":"has-post-thumbnail","6":"product_cat-sachbuecher-dokumentationen","7":"pa_autor-volken","8":"pa_erscheinungsjahr-21610","9":"pa_region-schweiz","10":"pa_sprache-de","12":"first","13":"instock","14":"taxable","15":"shipping-taxable","16":"purchasable","17":"product-type-simple"},"_links":{"self":[{"href":"https:\/\/pizbube.ch\/en\/wp-json\/wp\/v2\/product\/148923","targetHints":{"allow":["GET"]}}],"collection":[{"href":"https:\/\/pizbube.ch\/en\/wp-json\/wp\/v2\/product"}],"about":[{"href":"https:\/\/pizbube.ch\/en\/wp-json\/wp\/v2\/types\/product"}],"wp:featuredmedia":[{"embeddable":true,"href":"https:\/\/pizbube.ch\/en\/wp-json\/wp\/v2\/media\/36724"}],"wp:attachment":[{"href":"https:\/\/pizbube.ch\/en\/wp-json\/wp\/v2\/media?parent=148923"}],"wp:term":[{"taxonomy":"product_brand","embeddable":true,"href":"https:\/\/pizbube.ch\/en\/wp-json\/wp\/v2\/product_brand?post=148923"},{"taxonomy":"product_cat","embeddable":true,"href":"https:\/\/pizbube.ch\/en\/wp-json\/wp\/v2\/product_cat?post=148923"},{"taxonomy":"product_tag","embeddable":true,"href":"https:\/\/pizbube.ch\/en\/wp-json\/wp\/v2\/product_tag?post=148923"}],"curies":[{"name":"wp","href":"https:\/\/api.w.org\/{rel}","templated":true}]}}