{"id":148924,"date":"2021-01-15T10:58:29","date_gmt":"2021-01-15T10:58:29","guid":{"rendered":"https:\/\/codengine3.ch\/?product=import-placeholder-for-205431"},"modified":"2021-01-15T14:41:10","modified_gmt":"2021-01-15T14:41:10","slug":"umwelttechnik-fuer-alpine-berg-und-schutzhuetten","status":"publish","type":"product","link":"https:\/\/pizbube.ch\/en\/shop\/umwelttechnik-fuer-alpine-berg-und-schutzhuetten\/","title":{"rendered":"Umwelttechnik f\u00fcr alpine Berg- und Schutzh\u00fctten"},"content":{"rendered":"<p>Hintergrundwissen, Tipps und Beispiele aus der Praxis  <\/p>\n<p>Sie besitzen keinen Anschluss an die \u00f6ffentliche Trinkwasserleitung oder das<br \/>\nAbwassersystem, der Supermarkt liegt nicht um die Ecke und der Strom kommt<br \/>\nnicht vom Elektrizit\u00e4tswerk: Auf Berg- und Schutzh\u00fctten funktioniert die<br \/>\nallt\u00e4gliche Praktik aus den Tallagen nicht. Noch dazu befinden sich diese<br \/>\nH\u00fctten in der sensiblen Natur des Gebirges, wo jeder un\u00fcberlegte Eingriff<br \/>\njahrelange Folgen zeigen kann. Andererseits m\u00fcssen Berg- und Schutzh\u00fctten<br \/>\nH\u00fctteng\u00e4sten Sicherheit und Unterkunft bieten. Strohsack, Donnerbalken und<br \/>\nKerzenlicht aus den Anf\u00e4ngen der H\u00fcttenzeit sind &#8218;out&#8216;, heutige<br \/>\nBergsteigerunterk\u00fcnfte ben\u00f6tigen eine verl\u00e4ssliche Energie- und<br \/>\nTrinkwasserversorgung sowie eine funktionierende Abwasser- und<br \/>\nAbfallentsorgung. Dabei gilt aufgrund der Hochgebirgslage die Devise: Selber<br \/>\nmachen &#8211; und zwar umweltfreundlich. Aber wie?  <\/p>\n<p>Diese Frage beantwortet das Handbuch &#8218;Umwelttechnik f\u00fcr alpine Berg- und<br \/>\nSchutzh\u00fctten&#8216; der Deutschen Bundesstiftung Umwelt DBU. Ausgehend von 25<br \/>\nH\u00fcttenbeispielen aus einem achtj\u00e4hrigen DBU-F\u00f6rder- und Forschungsprojekt in<br \/>\nZusammenarbeit mit dem Deutschen Alpenverein, den NaturFreunden Deutschlands<br \/>\nund der Bergwacht Bayern werden im Hochgebirge bew\u00e4hrte L\u00f6sungen vorgestellt &#8211;<br \/>\nvon der Photovoltaikanlage, dem Blockheizkraftwerk und der Wasserkraftturbine<br \/>\n\u00fcber Biomasseheizungen bis hin zu Komposttoiletten, Belebtschlamm- und<br \/>\nBiofilmanlagen sowie der Kl\u00e4rschlammentsorgung. Hinweise zu Planung und Bau,<br \/>\nFinanzierung und \u00d6ffentlichkeitsarbeit runden das Angebot ab. Auch die Themen<br \/>\nBrand- und Wetterschutz werden behandelt. Durch Checklisten lassen sich Tipps<br \/>\nsofort in die Tat umsetzen. Eine in das Buch eingelegte CD-ROM gibt<br \/>\nvertiefende Informationen. Kurzum: ein Muss f\u00fcr H\u00fcttenwirte und -warte,<br \/>\nMitglieder alpiner Vereinigungen, Ingenieure und Planer, aber auch f\u00fcr<br \/>\nBeh\u00f6rden, Lehrkr\u00e4fte und Umweltsch\u00fctzer!  <\/p>\n<p>1. Auflage 2008; 328 Seiten mit 64 Farb- und 154 Schwarz-Wei\u00df-Abbildungen,<br \/>\neine beigelegte CD-Rom  <\/p>","protected":false},"excerpt":{"rendered":"<p>Hintergrundwissen, Tipps und Beispiele aus der Praxis Sie besitzen keinen Anschluss an die \u00f6ffentliche Trinkwasserleitung oder das Abwassersystem, der Supermarkt liegt nicht um die Ecke und der Strom kommt nicht vom Elektrizit\u00e4tswerk: Auf Berg- und Schutzh\u00fctten funktioniert die allt\u00e4gliche Praktik aus den Tallagen nicht. Noch dazu befinden sich diese H\u00fctten in der sensiblen Natur des [&#8230;]\n","protected":false},"featured_media":34137,"template":"","meta":[],"product_brand":[],"product_cat":[21542],"product_tag":[],"class_list":{"0":"post-148924","1":"product","2":"type-product","3":"status-publish","4":"has-post-thumbnail","6":"product_cat-sachbuecher-dokumentationen","7":"pa_autor-menz","8":"pa_erscheinungsjahr-21591","9":"pa_region-deutschland","10":"pa_sprache-de","12":"first","13":"outofstock","14":"taxable","15":"shipping-taxable","16":"purchasable","17":"product-type-simple"},"_links":{"self":[{"href":"https:\/\/pizbube.ch\/en\/wp-json\/wp\/v2\/product\/148924","targetHints":{"allow":["GET"]}}],"collection":[{"href":"https:\/\/pizbube.ch\/en\/wp-json\/wp\/v2\/product"}],"about":[{"href":"https:\/\/pizbube.ch\/en\/wp-json\/wp\/v2\/types\/product"}],"wp:featuredmedia":[{"embeddable":true,"href":"https:\/\/pizbube.ch\/en\/wp-json\/wp\/v2\/media\/34137"}],"wp:attachment":[{"href":"https:\/\/pizbube.ch\/en\/wp-json\/wp\/v2\/media?parent=148924"}],"wp:term":[{"taxonomy":"product_brand","embeddable":true,"href":"https:\/\/pizbube.ch\/en\/wp-json\/wp\/v2\/product_brand?post=148924"},{"taxonomy":"product_cat","embeddable":true,"href":"https:\/\/pizbube.ch\/en\/wp-json\/wp\/v2\/product_cat?post=148924"},{"taxonomy":"product_tag","embeddable":true,"href":"https:\/\/pizbube.ch\/en\/wp-json\/wp\/v2\/product_tag?post=148924"}],"curies":[{"name":"wp","href":"https:\/\/api.w.org\/{rel}","templated":true}]}}