{"id":148925,"date":"2021-01-15T10:58:29","date_gmt":"2021-01-15T10:58:29","guid":{"rendered":"https:\/\/codengine3.ch\/?product=import-placeholder-for-204742"},"modified":"2021-03-04T15:38:44","modified_gmt":"2021-03-04T14:38:44","slug":"la-saga-des-ecrins","status":"publish","type":"product","link":"https:\/\/pizbube.ch\/en\/shop\/la-saga-des-ecrins\/","title":{"rendered":"La saga des \u00c9crins"},"content":{"rendered":"<p>Conqu\u00e9rant des plus grands sommets, Fran\u00e7ois Labande, historien des montagnes<br \/>\net alpiniste, parcourt l\u2019histoire de ses premi\u00e8res, ses hauts faits alpins, la<br \/>\nconqu\u00eate des \u00c9crins, r\u00e9alis\u00e9s par des hommes, guides ou amateurs, passionn\u00e9s.<\/p>\n<p>En 1828, Adrien Durand, simple g\u00e9ographe missionn\u00e9 par l\u2019empereur pour<br \/>\ncartographier le massif, r\u00e9alise la premi\u00e8re du Pelvoux. Cette date marque<br \/>\naussi le commencement de la \u00ab Saga des \u00c9crins \u00bb.<\/p>\n<p>Les premi\u00e8res s\u2019encha\u00eenent : une \u00e9quipe anglaise compos\u00e9e de Horace Walker,<br \/>\nAdolphus Moore et Edward Whymper, guid\u00e9e par deux pointures, Michel Croz et<br \/>\nChristian Almer, atteint en 1864 le sommet de la Barre des \u00c9crins, qui domine<br \/>\nle massif. Puis, c\u2019est la ru\u00e9e vers la Meije : William Auguste Coolidge, guid\u00e9<br \/>\npar Christian Almer et flanqu\u00e9 de ses deux \u00ab compagnes \u00bb (sa tante adoptive et<br \/>\nune chienne membre d\u2019honneur du Club alpin pour son impressionnant palmar\u00e8s),<br \/>\nacc\u00e8de sans trop de difficult\u00e9s au suppos\u00e9 point culminant\u2026 manque de chance,<br \/>\ntandis que, sous leurs pas, se dresse inutilement le Doigt de Dieu, de l\u2019autre<br \/>\nc\u00f4t\u00e9 d\u2019une travers\u00e9e d\u2019ar\u00eates peu avenantes, la Meije au-dessus d\u2019eux, leur<br \/>\nfait un pied de nez. C\u2019est \u00e0 Pierre Gaspard que reviendra finalement la<br \/>\npremi\u00e8re de la \u00ab Grande Difficile \u00bb. Quant \u00e0 cette travers\u00e9e qu\u2019Almer n\u2019avait<br \/>\npu observer sans l\u00e2cher un spontan\u00e9 : \u00ab Unm\u00f6glich ! \u00bb, elle sera \u00e0 l\u2019origine<br \/>\nd\u2019une nouvelle pratique : l\u2019alpinisme sans guide, particuli\u00e8rement pris\u00e9e par<br \/>\nla fratrie Zsigmondy.<\/p>\n<p>\u00c0 l\u2019aube du XXe si\u00e8cle, les grandes premi\u00e8res sont une esp\u00e8ce en voie<br \/>\nd\u2019extinction, il faut innover. L\u2019escalade moderne est en pleine expansion et<br \/>\nles int\u00e9r\u00eats se portent alors sur les directissimes, les itin\u00e9raires inventifs<br \/>\net les voies en solitaire. Seul, sur une paroi encore vierge de la Dibona,<br \/>\nPascal Junique pense \u00e0 sa femme qu\u2019il doit retrouver \u00e0 la maternit\u00e9 pour une<br \/>\npremi\u00e8re visite de contr\u00f4le. Il nommera sa premi\u00e8re \u00abVisite obligatoire\u00bb.<\/p>\n<p>Nombre d&#8216; ilustrations: 16; 285 pages<\/p>","protected":false},"excerpt":{"rendered":"<ul>\n<li><a href=\"https:\/\/pizbube.ch\/wp-content\/uploads\/2021\/01\/Leseprobe_la_saga_des_ecrins.pdf\">Leseprobe_la_saga_des_ecrins<\/a><\/li>\n<\/ul>","protected":false},"featured_media":156082,"template":"","meta":[],"product_brand":[],"product_cat":[21542],"product_tag":[],"class_list":{"0":"post-148925","1":"product","2":"type-product","3":"status-publish","4":"has-post-thumbnail","6":"product_cat-sachbuecher-dokumentationen","7":"pa_autor-labande","8":"pa_erscheinungsjahr-25440","9":"pa_region-frankreich","10":"pa_sprache-fr","12":"first","13":"instock","14":"taxable","15":"shipping-taxable","16":"purchasable","17":"product-type-simple"},"_links":{"self":[{"href":"https:\/\/pizbube.ch\/en\/wp-json\/wp\/v2\/product\/148925","targetHints":{"allow":["GET"]}}],"collection":[{"href":"https:\/\/pizbube.ch\/en\/wp-json\/wp\/v2\/product"}],"about":[{"href":"https:\/\/pizbube.ch\/en\/wp-json\/wp\/v2\/types\/product"}],"wp:featuredmedia":[{"embeddable":true,"href":"https:\/\/pizbube.ch\/en\/wp-json\/wp\/v2\/media\/156082"}],"wp:attachment":[{"href":"https:\/\/pizbube.ch\/en\/wp-json\/wp\/v2\/media?parent=148925"}],"wp:term":[{"taxonomy":"product_brand","embeddable":true,"href":"https:\/\/pizbube.ch\/en\/wp-json\/wp\/v2\/product_brand?post=148925"},{"taxonomy":"product_cat","embeddable":true,"href":"https:\/\/pizbube.ch\/en\/wp-json\/wp\/v2\/product_cat?post=148925"},{"taxonomy":"product_tag","embeddable":true,"href":"https:\/\/pizbube.ch\/en\/wp-json\/wp\/v2\/product_tag?post=148925"}],"curies":[{"name":"wp","href":"https:\/\/api.w.org\/{rel}","templated":true}]}}